{"id":3447,"date":"2018-01-08T15:48:17","date_gmt":"2018-01-08T14:48:17","guid":{"rendered":"https:\/\/vvp.avu.cz\/current-issue-2\/"},"modified":"2022-04-27T22:15:29","modified_gmt":"2022-04-27T21:15:29","slug":"current-issue-2","status":"publish","type":"page","link":"https:\/\/vvp.avu.cz\/en\/notebook\/current-issue-2\/","title":{"rendered":"Current Issue"},"content":{"rendered":"<h3>2021 \/\u00a0The Notebook for Art, Theory and Related Zones 31<\/h3>\n<p>&nbsp;<\/p>\n<p><a href=\"https:\/\/vvp.avu.cz\/app\/uploads\/2014\/08\/Obalka_sken.jpg\"><img loading=\"lazy\" class=\"alignleft size-medium wp-image-2862\" src=\"https:\/\/vvp.avu.cz\/app\/uploads\/2014\/08\/Obalka_sken-300x431.jpg\" alt=\"[cml_media_alt id='2862']Se\u0161it 31\/2021[\/cml_media_alt]\" width=\"300\" height=\"431\" \/><\/a>The 31st issue of <em>Notebook<\/em> is devoted to \u201cArchitecture and the Voice of the People\u201d. The texts have been selected by the guest editor Hubert Guzik from the Faculty of Architecture of the Czech Technical University (\u010cVUT). In particular, this issue will examine how state socialist regimes worked with sociological data on the housing needs and wishes of the inhabitants of housing estates. The authors represented are from various countries, and the topic is investigated in the form of four studies and one review. In the first text, \u201cPropaganda, Mission, and Public Opinion\u201d, Krzysztof Mordy\u0144ski examines a survey conducted by the communist authorities at the start of the 1950s among the inhabitants of the socialist-realist Marsza\u0142kowska Residential District (MDM) in Warsaw. Eva Novotn\u00e1\u2019s article \u201cSociological Surveys of the First Half of the 1960s and the First National Housing Debate\u201d looks at a more extensive survey carried out in Czechoslovakia slightly later. Like Mordy\u0144ski, Novotn\u00e1 highlights the tension between the regime and architects who were trying to incorporate the identified needs of the general public into their designs. In this respect, the situation was particularly difficult in Romania, where sociology itself was either banned or subject to severe restriction, a topic examined in \u201cA Strained Relationship\u201d by Drago\u1e63 Dasc\u0103l. In the final essay of this issue, Karolina Jirkalov\u00e1 looks at the anachronistic basis of a survey conducted in the 1980s by a team headed by Ji\u0159\u00ed Musil, which was subsequently published in the book <em>Lid\u00e9 a s\u00eddli\u0161t\u011b<\/em> (People and Housing Estates). This issue of <em>Notebook<\/em> concludes with Milena Bartlov\u00e1\u2019s reviews of two historical monographs relating to the broader context of the topic under consideration: <em>Architekti dlouh\u00e9 zm\u011bny <\/em>(Architects of the Long Change, by Kope\u010dek et al.); and <em>\u0158\u00eddit socialismus jako firmu<\/em> (Running Socialism like a Company, by Sommer et al.)<\/p>\n<p>.<\/p>\n<p>&nbsp;<\/p>\n<p>&nbsp;<\/p>\n","protected":false},"excerpt":{"rendered":"<p>2021 \/\u00a0The Notebook for Art, Theory and Related Zones 31 &nbsp; The 31st issue of Notebook is devoted to \u201cArchitecture and the Voice of the People\u201d. The texts have been selected by the guest editor Hubert Guzik from the Faculty of Architecture of the Czech Technical University (\u010cVUT). In particular, this issue will examine how [&hellip;]<\/p>\n","protected":false},"author":3,"featured_media":3383,"parent":3550,"menu_order":72,"comment_status":"closed","ping_status":"closed","template":"","meta":{"inline_featured_image":false},"acf":[],"yoast_head":"<!-- This site is optimized with the Yoast SEO plugin v19.6.1 - https:\/\/yoast.com\/wordpress\/plugins\/seo\/ -->\n<title>Current Issue - VVP AVU<\/title>\n<meta name=\"robots\" content=\"index, follow, max-snippet:-1, max-image-preview:large, max-video-preview:-1\" \/>\n<link rel=\"canonical\" href=\"https:\/\/vvp.avu.cz\/en\/notebook\/current-issue-2\/\" \/>\n<meta property=\"og:locale\" content=\"en_US\" \/>\n<meta property=\"og:type\" content=\"article\" \/>\n<meta property=\"og:title\" content=\"Current Issue - VVP AVU\" \/>\n<meta property=\"og:description\" content=\"2021 \/\u00a0The Notebook for Art, Theory and Related Zones 31 &nbsp; The 31st issue of Notebook is devoted to \u201cArchitecture and the Voice of the People\u201d. The texts have been selected by the guest editor Hubert Guzik from the Faculty of Architecture of the Czech Technical University (\u010cVUT). In particular, this issue will examine how [&hellip;]\" \/>\n<meta property=\"og:url\" content=\"https:\/\/vvp.avu.cz\/en\/notebook\/current-issue-2\/\" \/>\n<meta property=\"og:site_name\" content=\"VVP AVU\" \/>\n<meta property=\"article:publisher\" content=\"https:\/\/www.facebook.com\/VVPAVU\/\" \/>\n<meta property=\"article:modified_time\" content=\"2022-04-27T21:15:29+00:00\" \/>\n<meta property=\"og:image\" content=\"https:\/\/vvp.avu.cz\/app\/uploads\/2014\/08\/Obalka_sken.jpg\" \/>\n\t<meta property=\"og:image:width\" content=\"1141\" \/>\n\t<meta property=\"og:image:height\" content=\"1638\" \/>\n\t<meta property=\"og:image:type\" content=\"image\/jpeg\" \/>\n<meta name=\"twitter:card\" content=\"summary_large_image\" \/>\n<meta name=\"twitter:label1\" content=\"Est. reading time\" \/>\n\t<meta name=\"twitter:data1\" content=\"2 minutes\" \/>\n<script type=\"application\/ld+json\" class=\"yoast-schema-graph\">{\"@context\":\"https:\/\/schema.org\",\"@graph\":[{\"@type\":\"WebPage\",\"@id\":\"https:\/\/vvp.avu.cz\/en\/notebook\/current-issue-2\/\",\"url\":\"https:\/\/vvp.avu.cz\/en\/notebook\/current-issue-2\/\",\"name\":\"Current Issue - VVP AVU\",\"isPartOf\":{\"@id\":\"https:\/\/vvp.avu.cz\/en\/#website\"},\"datePublished\":\"2018-01-08T14:48:17+00:00\",\"dateModified\":\"2022-04-27T21:15:29+00:00\",\"breadcrumb\":{\"@id\":\"https:\/\/vvp.avu.cz\/en\/notebook\/current-issue-2\/#breadcrumb\"},\"inLanguage\":\"en-US\",\"potentialAction\":[{\"@type\":\"ReadAction\",\"target\":[\"https:\/\/vvp.avu.cz\/en\/notebook\/current-issue-2\/\"]}]},{\"@type\":\"BreadcrumbList\",\"@id\":\"https:\/\/vvp.avu.cz\/en\/notebook\/current-issue-2\/#breadcrumb\",\"itemListElement\":[{\"@type\":\"ListItem\",\"position\":1,\"name\":\"Dom\u016f\",\"item\":\"https:\/\/vvp.avu.cz\/en\/\"},{\"@type\":\"ListItem\",\"position\":2,\"name\":\"Notebook\",\"item\":\"https:\/\/vvp.avu.cz\/en\/notebook\/\"},{\"@type\":\"ListItem\",\"position\":3,\"name\":\"Current Issue\"}]},{\"@type\":\"WebSite\",\"@id\":\"https:\/\/vvp.avu.cz\/en\/#website\",\"url\":\"https:\/\/vvp.avu.cz\/en\/\",\"name\":\"VVP AVU\",\"description\":\"posilujeme v\u00fdzkum a v\u011bdu o um\u011bn\u00ed a otev\u00edr\u00e1me ji ve\u0159ejnosti\",\"potentialAction\":[{\"@type\":\"SearchAction\",\"target\":{\"@type\":\"EntryPoint\",\"urlTemplate\":\"https:\/\/vvp.avu.cz\/en\/?s={search_term_string}\"},\"query-input\":\"required name=search_term_string\"}],\"inLanguage\":\"en-US\"}]}<\/script>\n<!-- \/ Yoast SEO plugin. -->","yoast_head_json":{"title":"Current Issue - VVP AVU","robots":{"index":"index","follow":"follow","max-snippet":"max-snippet:-1","max-image-preview":"max-image-preview:large","max-video-preview":"max-video-preview:-1"},"canonical":"https:\/\/vvp.avu.cz\/en\/notebook\/current-issue-2\/","og_locale":"en_US","og_type":"article","og_title":"Current Issue - VVP AVU","og_description":"2021 \/\u00a0The Notebook for Art, Theory and Related Zones 31 &nbsp; The 31st issue of Notebook is devoted to \u201cArchitecture and the Voice of the People\u201d. The texts have been selected by the guest editor Hubert Guzik from the Faculty of Architecture of the Czech Technical University (\u010cVUT). In particular, this issue will examine how [&hellip;]","og_url":"https:\/\/vvp.avu.cz\/en\/notebook\/current-issue-2\/","og_site_name":"VVP AVU","article_publisher":"https:\/\/www.facebook.com\/VVPAVU\/","article_modified_time":"2022-04-27T21:15:29+00:00","og_image":[{"width":1141,"height":1638,"url":"https:\/\/vvp.avu.cz\/app\/uploads\/2014\/08\/Obalka_sken.jpg","type":"image\/jpeg"}],"twitter_card":"summary_large_image","twitter_misc":{"Est. reading time":"2 minutes"},"schema":{"@context":"https:\/\/schema.org","@graph":[{"@type":"WebPage","@id":"https:\/\/vvp.avu.cz\/en\/notebook\/current-issue-2\/","url":"https:\/\/vvp.avu.cz\/en\/notebook\/current-issue-2\/","name":"Current Issue - VVP AVU","isPartOf":{"@id":"https:\/\/vvp.avu.cz\/en\/#website"},"datePublished":"2018-01-08T14:48:17+00:00","dateModified":"2022-04-27T21:15:29+00:00","breadcrumb":{"@id":"https:\/\/vvp.avu.cz\/en\/notebook\/current-issue-2\/#breadcrumb"},"inLanguage":"en-US","potentialAction":[{"@type":"ReadAction","target":["https:\/\/vvp.avu.cz\/en\/notebook\/current-issue-2\/"]}]},{"@type":"BreadcrumbList","@id":"https:\/\/vvp.avu.cz\/en\/notebook\/current-issue-2\/#breadcrumb","itemListElement":[{"@type":"ListItem","position":1,"name":"Dom\u016f","item":"https:\/\/vvp.avu.cz\/en\/"},{"@type":"ListItem","position":2,"name":"Notebook","item":"https:\/\/vvp.avu.cz\/en\/notebook\/"},{"@type":"ListItem","position":3,"name":"Current Issue"}]},{"@type":"WebSite","@id":"https:\/\/vvp.avu.cz\/en\/#website","url":"https:\/\/vvp.avu.cz\/en\/","name":"VVP AVU","description":"posilujeme v\u00fdzkum a v\u011bdu o um\u011bn\u00ed a otev\u00edr\u00e1me ji ve\u0159ejnosti","potentialAction":[{"@type":"SearchAction","target":{"@type":"EntryPoint","urlTemplate":"https:\/\/vvp.avu.cz\/en\/?s={search_term_string}"},"query-input":"required name=search_term_string"}],"inLanguage":"en-US"}]}},"_links":{"self":[{"href":"https:\/\/vvp.avu.cz\/en\/wp-json\/wp\/v2\/pages\/3447"}],"collection":[{"href":"https:\/\/vvp.avu.cz\/en\/wp-json\/wp\/v2\/pages"}],"about":[{"href":"https:\/\/vvp.avu.cz\/en\/wp-json\/wp\/v2\/types\/page"}],"author":[{"embeddable":true,"href":"https:\/\/vvp.avu.cz\/en\/wp-json\/wp\/v2\/users\/3"}],"replies":[{"embeddable":true,"href":"https:\/\/vvp.avu.cz\/en\/wp-json\/wp\/v2\/comments?post=3447"}],"version-history":[{"count":1,"href":"https:\/\/vvp.avu.cz\/en\/wp-json\/wp\/v2\/pages\/3447\/revisions"}],"predecessor-version":[{"id":3559,"href":"https:\/\/vvp.avu.cz\/en\/wp-json\/wp\/v2\/pages\/3447\/revisions\/3559"}],"up":[{"embeddable":true,"href":"https:\/\/vvp.avu.cz\/en\/wp-json\/wp\/v2\/pages\/3550"}],"wp:featuredmedia":[{"embeddable":true,"href":"https:\/\/vvp.avu.cz\/en\/wp-json\/wp\/v2\/media\/3383"}],"wp:attachment":[{"href":"https:\/\/vvp.avu.cz\/en\/wp-json\/wp\/v2\/media?parent=3447"}],"curies":[{"name":"wp","href":"https:\/\/api.w.org\/{rel}","templated":true}]}}