{"id":3466,"date":"2014-11-25T15:10:56","date_gmt":"2014-11-25T14:10:56","guid":{"rendered":"https:\/\/vvp.avu.cz\/cooperation-and-other-projects\/"},"modified":"2022-04-27T22:15:28","modified_gmt":"2022-04-27T21:15:28","slug":"cooperation-and-other-projects","status":"publish","type":"page","link":"https:\/\/vvp.avu.cz\/en\/cooperation-and-other-projects\/","title":{"rendered":"Cooperation and other projects"},"content":{"rendered":"<h3>2003\u20132009 \/ European-art.net<\/h3>\n<p><i>Database of European Art<br \/>\n<a href=\"http:\/\/www.european-art.net\" target=\"_blank\" rel=\"noopener\">European-art.net web page<\/a>, founded in January 2003<\/i><\/p>\n<p><i>Project development: Claudia Joles (<a href=\"http:\/\/www.kunstbulletin.ch\/\" target=\"_blank\" rel=\"noopener\">Kunst-bulletin<\/a>), Lioba Reddeker and Mechtild Widrich (<a href=\"http:\/\/www.basis-wien.at\/\" target=\"_blank\" rel=\"noopener\">Basis Wien<\/a>)<br \/>\nTechnical development: Hans Wermelinger (Shantronics Delight)<br \/>\nGraphic design: Paul Weihs (vol.1)<\/i><\/p>\n<div id=\"attachment_1091\" style=\"width: 310px\" class=\"wp-caption aligncenter\"><a href=\"https:\/\/vvp.avu.cz\/app\/uploads\/2014\/09\/EAN.jpg\"><img aria-describedby=\"caption-attachment-1091\" loading=\"lazy\" class=\"wp-image-1091 size-medium\" src=\"https:\/\/vvp.avu.cz\/app\/uploads\/2014\/09\/EAN-300x177.jpg\" alt=\"European-art.net website\" width=\"300\" height=\"177\" \/><\/a><p id=\"caption-attachment-1091\" class=\"wp-caption-text\">European-art.net website<\/p><\/div>\n<p>European-art.net was founded to feature a wide range of artistic production in Europe. European-art.net provides information on artists, their activities, presentations in museums or galleries as well as photos and texts. It was initiated by a co-operation between &#8216;basis wien &#8211; Kunst, Information und Archiv&#8217; in Vienna and the art magazine Kunst-Bulletin in Zurich within the project <a href=\"http:\/\/www.vektor.at\/\" target=\"_blank\" rel=\"noopener\">VEKTOR<\/a> &#8211; European Contemporary Art archives&#8217; that is carried out between 2000 and 2003 with the support of the European Commission in the framework of the project &#8216;Culture 2000&#8217;.<\/p>\n<p>European-art.net connects different archives and their digital databases that contain material of contemporary art through one search engine. It is not a simple link-list, though, but a technically advanced search engine that features the results of European art databases, also of databases that have no Internet-Interface by themselves. The network of partners will be growing over the next year.<\/p>\n<p>In 2002, there has been established a new archive of contemporary Czech art since 1989 at VVP AVU, consisting of extended portfolios of the selected artists and texts as well as photo and video archive. Part of the project is an Internet database of the contemporary Czech artists &#8211; called <a title=\"i-datum\" href=\"https:\/\/vvp.avu.cz\/en\/archives\/i-datum\/\">i-datum<\/a>, which is going to be on-line during the first half of 2003. This new on-line project will be connected to the web-system European-art net in 2003 and will enlarge its database of European art with Czech artists.<\/p>\n<h3>2003\u20132005 \/ GRAVITY<\/h3>\n<p>A project connecting by joint thematic problems six research institutions from East and West Europe dedicated to the study of the theory and history of art, related humanities, and theology.<\/p>\n<p>GRAVITY. Art Religion Science<br \/>\nAn international cooperation project on the topic of gravity.<br \/>\nSponsored by the European Union in the Framework of Culture 2000<\/p>\n<p>Realization 1. 4. 2002 &#8211; 31. 3. 2005, (<a href=\"http:\/\/www.gravitation.at\">www.gravitation.at<\/a> )<\/p>\n<p>Project manager:<br \/>\nKukturzentrum bei den Minoreiten, Graz<\/p>\n<p>Partners:<br \/>\nArt&amp;Tek Institut f\u00fcr bildende Kunst und Kulturwissenschaft, Linz (AT)<br \/>\nV\u011bdecko-v\u00fdzkumn\u00e9 pracovi\u0161t\u011b Akademie v\u00fdtvarn\u00e9ho um\u011bn\u00ed &#8211; VVP AVU, Praha (CZ)<br \/>\nArbeitsstelle f\u00fcr christliche Bildtheorie der Universit\u00e4t M\u00fcnster (DE)<br \/>\nModerna Galerija, Ljublana (SI)<br \/>\nMuseum Ludwig, Budapest (HU)<\/p>\n<p>Associated Partners:<br \/>\nKulturwissenschaftliches Institut der Berliner Humboldt Universit\u00e4t, Berlin (DE)<br \/>\nSpringerin. Hefte f\u00fcr Gegenwartskunst \/ Papers for Contemporary Art, Wien (AT)<\/p>\n<p>The interdisciplinary project &#8220;Gravity\/Weightlessness&#8221; consists of the co-operation of six research institutions from Eastern and Western Europe focused on the theoretical studies and history of art, related humanity disciplines and theology. The project concerns the shared theme &#8220;gravitation \/ weightlessness&#8221; and its reflexes in the individual cultural areas. The aim is above all to bring this phenomenon to the public&#8217;s attention and to point out its thematic relevance in the areas of contemporary art, science and theology as well as history.<\/p>\n<p>The international project &#8221; Gravity\/Weightlessness &#8221; will include an interdisciplinary and supranational discussion forum in which current possibilities of the designated iconographic themes in the aforementioned areas will be newly opened and examined. The three-year project will also consist of international exhibitions, public symposiums accompanied by publications and the installation of Internet pages with possibilities for a discussion forum between the individual partners of the project, in which the separate research results of the individual institutions will be published. The release of a CD-Rom planned in the project&#8217;s concluding phase will then bring about a comprehensive evaluation of the research work.<\/p>\n<p>In addition to the main organisers, other partners have been asked to join in the project &#8211; Kulturwissenschaftliches Institut der Berliner Humboldt Universit\u00e4t, Berlin (D) and the magazine Springerin, Wien (AT).<\/p>\n<p><strong>Project of VVP AVU:<\/strong><br \/>\nVVP AVU is participating with its own specific project, which transforms the general brief into a concrete situation. Gravitation as a physical phenomenon and as a transferred attribute of terrestrial or bodily weight acts in counter to the phenomenon of weightlesness. Both of these phenomena have been reflected in human experience since time immemorial. In recent centuries, and particularly in the 20th century, they were fundamentally reformulated in connection with scientific discovery and technological development. VVP AVU decided to connect to a project of the important Czech artist Karel Malich, who works with the transposition of psychophysical experiences into the conceptually dematerialized situation of the work of art. &#8220;Gravity\/Weightlessness. Karel Malich&#8221; is a specific project that puts the artist&#8217;s work in a wider context and at the same time contributes to its further critical evaluation and interpretation.<\/p>\n<p><a title=\"Karel Malich. Wires | Dr\u00e1ty\" href=\"https:\/\/vvp.avu.cz\/en\/publications\/karel-malich-wires-draty\/\">Karel Malich, Dr\u00e1ty \/ Wires<\/a><br \/>\n2005 \/\u00a0The complete inventory of wire objects by the Czech artist Karel Malich.<\/p>\n<p><a title=\"TURBULENCE. Karel Malich \u2013 Federico D\u00edaz \/ E-Area \/ \u2013 Zbyn\u011bk Baladr\u00e1n\" href=\"https:\/\/vvp.avu.cz\/en\/exhibitions\/turbulence-karel-malich-federico-diaz-e-area-zbynek-baladran\/\">Turbulence. Karel Malich \u2013 Federico D\u00edaz \/ E-Area \/ &#8211; Zbyn\u011bk Baladr\u00e1n<\/a><br \/>\n<span style=\"line-height: 1.714285714; font-size: 1rem;\">2005 \/ Exhibition organized by VVP AVU in Museum Kampa &#8211; Stables, 15.11.2005 \u2013 1.1.2006<\/span><\/p>\n<h3>2002\u20132003\/ EAST ART MAP. A (Re)construction of the History of Contemporary Art in Eastern Europe<\/h3>\n<p>This project was conducted by the groups IRWIN and NEW MOMENT, Slovenia.<br \/>\nCzech section by Jiri Sevcik and the AVU Research Centre.<br \/>\nA project comprehensively mapping art history in Eastern Europe from its own perspective and in comparison with the West.<\/p>\n<p><b>Others contributing included<\/b>:<br \/>\nInke Arns, Vladim\u00edr Beskid, Iara Bubnova, Calin Dan, Ekaterina Degot, Branko Dimitrijevia, Marina Grzinia, Sirje Helme, Marina Koldobskaya, Suzana Milevska, Viktor Misiano, Edi Muka, Anna Peraica, Piotr Piotrowski, Branka Stipancic, Janos Sugar, Jiri and Jana Sevcik in collaboration with Jiri Sevcik and VVP AVU, Misko Suvakovic, Igor Zabel and Nermina Zildzo.<\/p>\n<div id=\"attachment_1093\" style=\"width: 310px\" class=\"wp-caption aligncenter\"><a href=\"https:\/\/vvp.avu.cz\/app\/uploads\/2014\/09\/east.jpg\"><img aria-describedby=\"caption-attachment-1093\" loading=\"lazy\" class=\"size-medium wp-image-1093\" src=\"https:\/\/vvp.avu.cz\/app\/uploads\/2014\/09\/east-300x210.jpg\" alt=\"Webov\u00e9 str\u00e1nky projektu\" width=\"300\" height=\"210\" \/><\/a><p id=\"caption-attachment-1093\" class=\"wp-caption-text\">Webov\u00e9 str\u00e1nky projektu<\/p><\/div>\n<p><a href=\"http:\/\/www.newmoment-irwin.com\/\" target=\"_blank\" rel=\"noopener\">EAST ART MAP<\/a> (EAM) is one of the first projects comprehensively mapping art history in Eastern Europe from its own perspective and in comparison with the West. The project creators developed a unifying basic scheme in which various artists, extracted from their specific national backgrounds and classified in a shared context (East Art), work side by side. This mapping of art in the East, with its schematic line of possible relations, does not propose to be a single, ultimate and unalterable truth. Instead, it seeks polemical responses and a platform for further discussion.<\/p>\n<p>Similar attempts to categorise art at present are considered to be inadequate. Nevertheless, it is an interesting paradox that such a scheme, discovered as early as during the Classicist period, has remained one of the possible means of orientation in the field of art.<\/p>\n<p>In carrying out the EAST ART MAP project, 20 art critics, curators and artist from various countries were invited to compile a list of ten of the most significant art projects conducted over the past 50 years in the countries of Eastern Europe.<\/p>\n<p>EAM is divided into 27 sections &#8211; the time periods are key (from the 1920s to 1964) &#8211; and some of the sections are divided into a further two parts (a,b). The artwork \/ project \/ period cultural phenomenon is always presented through photographs and a short text. Thus a mosaic of possible relations is created, crossing through an incongruous culture and geographic entity, which shared a certain fait during a certain historical epoch. The creators of the project are intentionally working with a paradox. Very few people from post-communist countries (especially in Central Europe or the Baltic Republics) would proudly declare that they belong &#8220;to the East&#8221;. Nevertheless, and especially through the West&#8217;s eyes, the post-communist world stands out as its own cultural identity. A similar struggle for cultural independence from ideological structures has taken place in all of the individual countries and attempts at parallel solutions to similar problems as in the West have appeared. As a (re)construction of the history of contemporary art in Eastern Europe, EAM is a generalisation &#8211; though one which is decisively more venturesome and progressive than simplifying.<\/p>\n<p>The IRWIN group and New Moment association in Slovenia are responsible for the EAM. Next year an EAM CD-ROM will also be released. Jana and Jiri Sevcik selected the following as key moments for Czech art during the period of the Second World War to present: Ladislav Zak and his later avant-garde concept of new architecture, Egon Bondy (Roman 2000), Jiri Kolar, Zdenek Sykora, Karel Malich, Milan Knizak, Ivan M. Jirous (Report on the Third Czech Musical Revival), Jiri David, Jiri Kovanda and the group Pode Bal.<a href=\"http:\/\/www.eastartmap.org\/\"><br \/>\n<\/a><\/p>\n<h3>2000\u20132003 \/ VEKTOR &#8211; European Contemporary Art Archives<\/h3>\n<p>An International Research Project \u2013 Database Construction and Contemporary Art.<br \/>\nSponsored by the European Union in the Framework of Culture 2000<\/p>\n<p>Realization: 1. 4. 2000 &#8211; 31. 3. 2003, (<a href=\"http:\/\/www.vektor.at\/\" target=\"_blank\" rel=\"noopener\">www.vektor.at<\/a>)<br \/>\nProject manager: <a href=\"http:\/\/www.basis-wien.at\/\" target=\"_blank\" rel=\"noopener\">Basis Wien<\/a> (AT)<\/p>\n<p>At the beginning of 2001 VVP AVU became an associated partner of an international research project supported by the EU <a href=\"http:\/\/www.vektor.at\/\" target=\"_blank\" rel=\"noopener\">Vektor \/ Database Construction and Contemporary Art<\/a>. Numerous major institutions and archives of contemporary art are co-operating on the project, which was launched in 2000. The main organiser is the archive for contemporary art <a href=\"http:\/\/www.basis-wien.at\/\" target=\"_blank\" rel=\"noopener\">Basis Wien<\/a> and its partners: Documenta Archive, Kassel (D); John Hansard Gallery, University of Southampton (GB); Museion &#8211; Museum for Modern Art, Bolzano (I); Archives de la Critique d\u00b4Art, Rennes (F); Zentralarchiv des internationalen Kunsthandels, Bonn \/ Cologne (D). Associated Partner from Central and Eastern Europe: VVP AVU, Prague (CZ); Contemporary Art Center, Skopje (MK); Institute for Modern Art, N\u00fcrnberg (D); Kunst-Bulletin \/ Schweizerisher Kunstverein \/ Swiss Art Association, Z\u00fcrich (CH); Ludwig Museum, Budapest (H); Moderna Galerija, Ljubljana (SL); Neue Galerie am Landesmuseum Joanneum, Graz (A); Generali Foundation, Vienna (A).<\/p>\n<div id=\"attachment_1094\" style=\"width: 310px\" class=\"wp-caption aligncenter\"><a href=\"https:\/\/vvp.avu.cz\/app\/uploads\/2014\/09\/vektor.jpg\"><img aria-describedby=\"caption-attachment-1094\" loading=\"lazy\" class=\"wp-image-1094 size-medium\" src=\"https:\/\/vvp.avu.cz\/app\/uploads\/2014\/09\/vektor-300x162.jpg\" alt=\"Project website\" width=\"300\" height=\"162\" \/><\/a><p id=\"caption-attachment-1094\" class=\"wp-caption-text\">Project website<\/p><\/div>\n<p>The aim of the project was to digitalise and establish mutually integrated archives from variously structured institutions. The main goal was to achieve an internationally valid standard of archive databases so that all hitherto unavailable data is accessible on-line. AIT (Applied Information Technology Research Corporation, Graz) created a suitable web database system for the project.<\/p>\n<h4>Gegenwart dokumentieren \/ Archiving The Present<\/h4>\n<p>After the end of the project was as the main goal published the book Book Gegenwart dokumentieren \/ Archiving The Present, basis wien, Vienna 2006.<\/p>\n<p><i>Gegenwart dokumentieren. Handbuch zur Erschlie\u00dfung von moderner und zeitgen\u00f6ssischer Kunst in Archiven und Datenbanken \/ Archiving The Present. Manual on Cataloguing Modern and Contemporary Art in Archives and Databases, ed. Lioba Reddeker, basis wien, Wien 2006.<br \/>\nAuthors: J. Cooke, E. Dartiguenave, R. Gschwind, P. Haber, A. Harding, G. Herzog, R. Leeman, P. Nosbers, J.M. Poinsot, L. Reddeker, M. Widrich, G. Zillner and others.<br \/>\nText in german and english, 320 pages, ISBN 3-9500831-3-8.<\/i><\/p>\n<div id=\"attachment_1096\" style=\"width: 310px\" class=\"wp-caption aligncenter\"><a href=\"https:\/\/vvp.avu.cz\/app\/uploads\/2014\/09\/gegenwart-obalka.jpg\"><img aria-describedby=\"caption-attachment-1096\" loading=\"lazy\" class=\"wp-image-1096 size-medium\" src=\"https:\/\/vvp.avu.cz\/app\/uploads\/2014\/09\/gegenwart-obalka-300x478.jpg\" alt=\"Cover of the book\" width=\"300\" height=\"478\" \/><\/a><p id=\"caption-attachment-1096\" class=\"wp-caption-text\">Cover of the book<\/p><\/div>\n<p>Documentation centre of Austrian contemporary art with archive and an extensive on-line database <a href=\"http:\/\/www.basis-wien.at\/\" target=\"_blank\" rel=\"noopener\">basis wien, Kunst, Information, Archiv<\/a> published at the end of 2006 a publication Gegenwart dokumentieren \/ Archiving The Present, ed. Lioba Reddeker, basis wien, Wien 2006. The book is a result of the project VEKTOR &#8211; European Contemporary Art Archives, supported in the framework of the EU programmes of Culture 2000 in years 2000-2003.<\/p>\n<p>The German English manual focuses the archives of contemporary art, and has been conceived as a theoretical and practical guide for the thematic structuring of archive systems and databases. This book is an introduction to the current status of scientific discussions on standardised data processing, legal foundations and technological environments. An important part added to this handbook is an extensive reference survey on international art archives and databases with a special focus on Central Eastern European institutions. The chapter concerning archives of contemporary art in the Czech republic was prepared by VVP AVU.<\/p>\n","protected":false},"excerpt":{"rendered":"<p>2003\u20132009 \/ European-art.net Database of European Art European-art.net web page, founded in January 2003 Project development: Claudia Joles (Kunst-bulletin), Lioba Reddeker and Mechtild Widrich (Basis Wien) Technical development: Hans Wermelinger (Shantronics Delight) Graphic design: Paul Weihs (vol.1) European-art.net was founded to feature a wide range of artistic production in Europe. European-art.net provides information on artists, [&hellip;]<\/p>\n","protected":false},"author":5,"featured_media":0,"parent":0,"menu_order":47,"comment_status":"closed","ping_status":"open","template":"","meta":{"inline_featured_image":false},"acf":[],"yoast_head":"<!-- This site is optimized with the Yoast SEO plugin v19.6.1 - https:\/\/yoast.com\/wordpress\/plugins\/seo\/ -->\n<title>Cooperation and other projects - VVP AVU<\/title>\n<meta name=\"robots\" content=\"index, follow, max-snippet:-1, max-image-preview:large, max-video-preview:-1\" \/>\n<link rel=\"canonical\" href=\"https:\/\/vvp.avu.cz\/en\/cooperation-and-other-projects\/\" \/>\n<meta property=\"og:locale\" content=\"en_US\" \/>\n<meta property=\"og:type\" content=\"article\" \/>\n<meta property=\"og:title\" content=\"Cooperation and other projects - VVP AVU\" \/>\n<meta property=\"og:description\" content=\"2003\u20132009 \/ European-art.net Database of European Art European-art.net web page, founded in January 2003 Project development: Claudia Joles (Kunst-bulletin), Lioba Reddeker and Mechtild Widrich (Basis Wien) Technical development: Hans Wermelinger (Shantronics Delight) Graphic design: Paul Weihs (vol.1) European-art.net was founded to feature a wide range of artistic production in Europe. European-art.net provides information on artists, [&hellip;]\" \/>\n<meta property=\"og:url\" content=\"https:\/\/vvp.avu.cz\/en\/cooperation-and-other-projects\/\" \/>\n<meta property=\"og:site_name\" content=\"VVP AVU\" \/>\n<meta property=\"article:publisher\" content=\"https:\/\/www.facebook.com\/VVPAVU\/\" \/>\n<meta property=\"article:modified_time\" content=\"2022-04-27T21:15:28+00:00\" \/>\n<meta property=\"og:image\" content=\"https:\/\/vvp.avu.cz\/app\/uploads\/2014\/09\/EAN-300x177.jpg\" \/>\n<meta name=\"twitter:card\" content=\"summary_large_image\" \/>\n<meta name=\"twitter:label1\" content=\"Est. reading time\" \/>\n\t<meta name=\"twitter:data1\" content=\"9 minutes\" \/>\n<script type=\"application\/ld+json\" class=\"yoast-schema-graph\">{\"@context\":\"https:\/\/schema.org\",\"@graph\":[{\"@type\":\"WebPage\",\"@id\":\"https:\/\/vvp.avu.cz\/en\/cooperation-and-other-projects\/\",\"url\":\"https:\/\/vvp.avu.cz\/en\/cooperation-and-other-projects\/\",\"name\":\"Cooperation and other projects - VVP AVU\",\"isPartOf\":{\"@id\":\"https:\/\/vvp.avu.cz\/en\/#website\"},\"datePublished\":\"2014-11-25T14:10:56+00:00\",\"dateModified\":\"2022-04-27T21:15:28+00:00\",\"breadcrumb\":{\"@id\":\"https:\/\/vvp.avu.cz\/en\/cooperation-and-other-projects\/#breadcrumb\"},\"inLanguage\":\"en-US\",\"potentialAction\":[{\"@type\":\"ReadAction\",\"target\":[\"https:\/\/vvp.avu.cz\/en\/cooperation-and-other-projects\/\"]}]},{\"@type\":\"BreadcrumbList\",\"@id\":\"https:\/\/vvp.avu.cz\/en\/cooperation-and-other-projects\/#breadcrumb\",\"itemListElement\":[{\"@type\":\"ListItem\",\"position\":1,\"name\":\"Dom\u016f\",\"item\":\"https:\/\/vvp.avu.cz\/en\/\"},{\"@type\":\"ListItem\",\"position\":2,\"name\":\"Cooperation and other projects\"}]},{\"@type\":\"WebSite\",\"@id\":\"https:\/\/vvp.avu.cz\/en\/#website\",\"url\":\"https:\/\/vvp.avu.cz\/en\/\",\"name\":\"VVP AVU\",\"description\":\"posilujeme v\u00fdzkum a v\u011bdu o um\u011bn\u00ed a otev\u00edr\u00e1me ji ve\u0159ejnosti\",\"potentialAction\":[{\"@type\":\"SearchAction\",\"target\":{\"@type\":\"EntryPoint\",\"urlTemplate\":\"https:\/\/vvp.avu.cz\/en\/?s={search_term_string}\"},\"query-input\":\"required name=search_term_string\"}],\"inLanguage\":\"en-US\"}]}<\/script>\n<!-- \/ Yoast SEO plugin. -->","yoast_head_json":{"title":"Cooperation and other projects - VVP AVU","robots":{"index":"index","follow":"follow","max-snippet":"max-snippet:-1","max-image-preview":"max-image-preview:large","max-video-preview":"max-video-preview:-1"},"canonical":"https:\/\/vvp.avu.cz\/en\/cooperation-and-other-projects\/","og_locale":"en_US","og_type":"article","og_title":"Cooperation and other projects - VVP AVU","og_description":"2003\u20132009 \/ European-art.net Database of European Art European-art.net web page, founded in January 2003 Project development: Claudia Joles (Kunst-bulletin), Lioba Reddeker and Mechtild Widrich (Basis Wien) Technical development: Hans Wermelinger (Shantronics Delight) Graphic design: Paul Weihs (vol.1) European-art.net was founded to feature a wide range of artistic production in Europe. European-art.net provides information on artists, [&hellip;]","og_url":"https:\/\/vvp.avu.cz\/en\/cooperation-and-other-projects\/","og_site_name":"VVP AVU","article_publisher":"https:\/\/www.facebook.com\/VVPAVU\/","article_modified_time":"2022-04-27T21:15:28+00:00","og_image":[{"url":"https:\/\/vvp.avu.cz\/app\/uploads\/2014\/09\/EAN-300x177.jpg"}],"twitter_card":"summary_large_image","twitter_misc":{"Est. reading time":"9 minutes"},"schema":{"@context":"https:\/\/schema.org","@graph":[{"@type":"WebPage","@id":"https:\/\/vvp.avu.cz\/en\/cooperation-and-other-projects\/","url":"https:\/\/vvp.avu.cz\/en\/cooperation-and-other-projects\/","name":"Cooperation and other projects - VVP AVU","isPartOf":{"@id":"https:\/\/vvp.avu.cz\/en\/#website"},"datePublished":"2014-11-25T14:10:56+00:00","dateModified":"2022-04-27T21:15:28+00:00","breadcrumb":{"@id":"https:\/\/vvp.avu.cz\/en\/cooperation-and-other-projects\/#breadcrumb"},"inLanguage":"en-US","potentialAction":[{"@type":"ReadAction","target":["https:\/\/vvp.avu.cz\/en\/cooperation-and-other-projects\/"]}]},{"@type":"BreadcrumbList","@id":"https:\/\/vvp.avu.cz\/en\/cooperation-and-other-projects\/#breadcrumb","itemListElement":[{"@type":"ListItem","position":1,"name":"Dom\u016f","item":"https:\/\/vvp.avu.cz\/en\/"},{"@type":"ListItem","position":2,"name":"Cooperation and other projects"}]},{"@type":"WebSite","@id":"https:\/\/vvp.avu.cz\/en\/#website","url":"https:\/\/vvp.avu.cz\/en\/","name":"VVP AVU","description":"posilujeme v\u00fdzkum a v\u011bdu o um\u011bn\u00ed a otev\u00edr\u00e1me ji ve\u0159ejnosti","potentialAction":[{"@type":"SearchAction","target":{"@type":"EntryPoint","urlTemplate":"https:\/\/vvp.avu.cz\/en\/?s={search_term_string}"},"query-input":"required name=search_term_string"}],"inLanguage":"en-US"}]}},"_links":{"self":[{"href":"https:\/\/vvp.avu.cz\/en\/wp-json\/wp\/v2\/pages\/3466"}],"collection":[{"href":"https:\/\/vvp.avu.cz\/en\/wp-json\/wp\/v2\/pages"}],"about":[{"href":"https:\/\/vvp.avu.cz\/en\/wp-json\/wp\/v2\/types\/page"}],"author":[{"embeddable":true,"href":"https:\/\/vvp.avu.cz\/en\/wp-json\/wp\/v2\/users\/5"}],"replies":[{"embeddable":true,"href":"https:\/\/vvp.avu.cz\/en\/wp-json\/wp\/v2\/comments?post=3466"}],"version-history":[{"count":1,"href":"https:\/\/vvp.avu.cz\/en\/wp-json\/wp\/v2\/pages\/3466\/revisions"}],"predecessor-version":[{"id":3784,"href":"https:\/\/vvp.avu.cz\/en\/wp-json\/wp\/v2\/pages\/3466\/revisions\/3784"}],"wp:attachment":[{"href":"https:\/\/vvp.avu.cz\/en\/wp-json\/wp\/v2\/media?parent=3466"}],"curies":[{"name":"wp","href":"https:\/\/api.w.org\/{rel}","templated":true}]}}