{"id":3468,"date":"2014-11-25T15:08:03","date_gmt":"2014-11-25T14:08:03","guid":{"rendered":"https:\/\/vvp.avu.cz\/grants-2\/"},"modified":"2022-04-27T22:15:28","modified_gmt":"2022-04-27T21:15:28","slug":"grants","status":"publish","type":"page","link":"https:\/\/vvp.avu.cz\/en\/grants\/","title":{"rendered":"Grants"},"content":{"rendered":"<p>2014 \/ <a href=\"https:\/\/vvp.avu.cz\/en\/notebook\/\">Notebook for Art, Theory and Related Zones<\/a>, grant provided by the Ministry of Culture of the CR<\/p>\n<p>2014 \/ Action Prague. A guide to action art of the 1960s\u201380s, grant provided by the Prague Municipal Authorities<\/p>\n<p>2014 \/ Action Prague. A guide to action art of the 1960s\u201380s, grant provided by the Ministry of Culture of the CR<\/p>\n<p>2013 \/ <a href=\"https:\/\/vvp.avu.cz\/en\/notebook\/\">Notebook for Art, Theory and Related Zones<\/a>, grant provided by the Ministry of Culture of the CR<\/p>\n<p>2013-2014 \/ House of Art Bud\u011bjovice 1998\u20132012, grant provided by the State Fund for Culture of the CR<\/p>\n<p>2013\u20132015 \/ Lifelong Learning Programme \u201cEverybody is illiterate. How to learn how to teach\u201d, programme Grundtvig, grant provided by Centre for International Cooperation in Education<\/p>\n<p>2012 \/ <a href=\"https:\/\/vvp.avu.cz\/en\/notebook\/\">Notebook for Art, Theory and Related Zones<\/a>, grant provided by the Ministry of Culture of the CR<\/p>\n<p>2012 \/ Exhibitions, symposium and publication of the work of fine arts students at Czech tertiary art schools, grant provided by the Ministry of Education (centralised development project)<\/p>\n<p>2012 \/ Archiving and methodological contextualisation of Czech audiovisual art, grant provided by the Ministry of Education (centralised developmental project)<\/p>\n","protected":false},"excerpt":{"rendered":"<p>2014 \/ Notebook for Art, Theory and Related Zones, grant provided by the Ministry of Culture of the CR 2014 \/ Action Prague. A guide to action art of the 1960s\u201380s, grant provided by the Prague Municipal Authorities 2014 \/ Action Prague. A guide to action art of the 1960s\u201380s, grant provided by the Ministry [&hellip;]<\/p>\n","protected":false},"author":5,"featured_media":0,"parent":0,"menu_order":52,"comment_status":"closed","ping_status":"open","template":"","meta":{"inline_featured_image":false},"acf":[],"yoast_head":"<!-- This site is optimized with the Yoast SEO plugin v19.6.1 - https:\/\/yoast.com\/wordpress\/plugins\/seo\/ -->\n<title>Grants - VVP AVU<\/title>\n<meta name=\"robots\" content=\"index, follow, max-snippet:-1, max-image-preview:large, max-video-preview:-1\" \/>\n<link rel=\"canonical\" href=\"https:\/\/vvp.avu.cz\/en\/grants\/\" \/>\n<meta property=\"og:locale\" content=\"en_US\" \/>\n<meta property=\"og:type\" content=\"article\" \/>\n<meta property=\"og:title\" content=\"Grants - VVP AVU\" \/>\n<meta property=\"og:description\" content=\"2014 \/ Notebook for Art, Theory and Related Zones, grant provided by the Ministry of Culture of the CR 2014 \/ Action Prague. A guide to action art of the 1960s\u201380s, grant provided by the Prague Municipal Authorities 2014 \/ Action Prague. A guide to action art of the 1960s\u201380s, grant provided by the Ministry [&hellip;]\" \/>\n<meta property=\"og:url\" content=\"https:\/\/vvp.avu.cz\/en\/grants\/\" \/>\n<meta property=\"og:site_name\" content=\"VVP AVU\" \/>\n<meta property=\"article:publisher\" content=\"https:\/\/www.facebook.com\/VVPAVU\/\" \/>\n<meta property=\"article:modified_time\" content=\"2022-04-27T21:15:28+00:00\" \/>\n<meta name=\"twitter:card\" content=\"summary_large_image\" \/>\n<meta name=\"twitter:label1\" content=\"Est. reading time\" \/>\n\t<meta name=\"twitter:data1\" content=\"1 minute\" \/>\n<script type=\"application\/ld+json\" class=\"yoast-schema-graph\">{\"@context\":\"https:\/\/schema.org\",\"@graph\":[{\"@type\":\"WebPage\",\"@id\":\"https:\/\/vvp.avu.cz\/en\/grants\/\",\"url\":\"https:\/\/vvp.avu.cz\/en\/grants\/\",\"name\":\"Grants - VVP AVU\",\"isPartOf\":{\"@id\":\"https:\/\/vvp.avu.cz\/en\/#website\"},\"datePublished\":\"2014-11-25T14:08:03+00:00\",\"dateModified\":\"2022-04-27T21:15:28+00:00\",\"breadcrumb\":{\"@id\":\"https:\/\/vvp.avu.cz\/en\/grants\/#breadcrumb\"},\"inLanguage\":\"en-US\",\"potentialAction\":[{\"@type\":\"ReadAction\",\"target\":[\"https:\/\/vvp.avu.cz\/en\/grants\/\"]}]},{\"@type\":\"BreadcrumbList\",\"@id\":\"https:\/\/vvp.avu.cz\/en\/grants\/#breadcrumb\",\"itemListElement\":[{\"@type\":\"ListItem\",\"position\":1,\"name\":\"Dom\u016f\",\"item\":\"https:\/\/vvp.avu.cz\/en\/\"},{\"@type\":\"ListItem\",\"position\":2,\"name\":\"Grants\"}]},{\"@type\":\"WebSite\",\"@id\":\"https:\/\/vvp.avu.cz\/en\/#website\",\"url\":\"https:\/\/vvp.avu.cz\/en\/\",\"name\":\"VVP AVU\",\"description\":\"posilujeme v\u00fdzkum a v\u011bdu o um\u011bn\u00ed a otev\u00edr\u00e1me ji ve\u0159ejnosti\",\"potentialAction\":[{\"@type\":\"SearchAction\",\"target\":{\"@type\":\"EntryPoint\",\"urlTemplate\":\"https:\/\/vvp.avu.cz\/en\/?s={search_term_string}\"},\"query-input\":\"required name=search_term_string\"}],\"inLanguage\":\"en-US\"}]}<\/script>\n<!-- \/ Yoast SEO plugin. -->","yoast_head_json":{"title":"Grants - VVP AVU","robots":{"index":"index","follow":"follow","max-snippet":"max-snippet:-1","max-image-preview":"max-image-preview:large","max-video-preview":"max-video-preview:-1"},"canonical":"https:\/\/vvp.avu.cz\/en\/grants\/","og_locale":"en_US","og_type":"article","og_title":"Grants - VVP AVU","og_description":"2014 \/ Notebook for Art, Theory and Related Zones, grant provided by the Ministry of Culture of the CR 2014 \/ Action Prague. A guide to action art of the 1960s\u201380s, grant provided by the Prague Municipal Authorities 2014 \/ Action Prague. A guide to action art of the 1960s\u201380s, grant provided by the Ministry [&hellip;]","og_url":"https:\/\/vvp.avu.cz\/en\/grants\/","og_site_name":"VVP AVU","article_publisher":"https:\/\/www.facebook.com\/VVPAVU\/","article_modified_time":"2022-04-27T21:15:28+00:00","twitter_card":"summary_large_image","twitter_misc":{"Est. reading time":"1 minute"},"schema":{"@context":"https:\/\/schema.org","@graph":[{"@type":"WebPage","@id":"https:\/\/vvp.avu.cz\/en\/grants\/","url":"https:\/\/vvp.avu.cz\/en\/grants\/","name":"Grants - VVP AVU","isPartOf":{"@id":"https:\/\/vvp.avu.cz\/en\/#website"},"datePublished":"2014-11-25T14:08:03+00:00","dateModified":"2022-04-27T21:15:28+00:00","breadcrumb":{"@id":"https:\/\/vvp.avu.cz\/en\/grants\/#breadcrumb"},"inLanguage":"en-US","potentialAction":[{"@type":"ReadAction","target":["https:\/\/vvp.avu.cz\/en\/grants\/"]}]},{"@type":"BreadcrumbList","@id":"https:\/\/vvp.avu.cz\/en\/grants\/#breadcrumb","itemListElement":[{"@type":"ListItem","position":1,"name":"Dom\u016f","item":"https:\/\/vvp.avu.cz\/en\/"},{"@type":"ListItem","position":2,"name":"Grants"}]},{"@type":"WebSite","@id":"https:\/\/vvp.avu.cz\/en\/#website","url":"https:\/\/vvp.avu.cz\/en\/","name":"VVP AVU","description":"posilujeme v\u00fdzkum a v\u011bdu o um\u011bn\u00ed a otev\u00edr\u00e1me ji ve\u0159ejnosti","potentialAction":[{"@type":"SearchAction","target":{"@type":"EntryPoint","urlTemplate":"https:\/\/vvp.avu.cz\/en\/?s={search_term_string}"},"query-input":"required name=search_term_string"}],"inLanguage":"en-US"}]}},"_links":{"self":[{"href":"https:\/\/vvp.avu.cz\/en\/wp-json\/wp\/v2\/pages\/3468"}],"collection":[{"href":"https:\/\/vvp.avu.cz\/en\/wp-json\/wp\/v2\/pages"}],"about":[{"href":"https:\/\/vvp.avu.cz\/en\/wp-json\/wp\/v2\/types\/page"}],"author":[{"embeddable":true,"href":"https:\/\/vvp.avu.cz\/en\/wp-json\/wp\/v2\/users\/5"}],"replies":[{"embeddable":true,"href":"https:\/\/vvp.avu.cz\/en\/wp-json\/wp\/v2\/comments?post=3468"}],"version-history":[{"count":1,"href":"https:\/\/vvp.avu.cz\/en\/wp-json\/wp\/v2\/pages\/3468\/revisions"}],"predecessor-version":[{"id":3789,"href":"https:\/\/vvp.avu.cz\/en\/wp-json\/wp\/v2\/pages\/3468\/revisions\/3789"}],"wp:attachment":[{"href":"https:\/\/vvp.avu.cz\/en\/wp-json\/wp\/v2\/media?parent=3468"}],"curies":[{"name":"wp","href":"https:\/\/api.w.org\/{rel}","templated":true}]}}