{"id":3469,"date":"2014-11-25T09:37:36","date_gmt":"2014-11-25T08:37:36","guid":{"rendered":"https:\/\/vvp.avu.cz\/research\/"},"modified":"2022-04-27T22:15:29","modified_gmt":"2022-04-27T21:15:29","slug":"research","status":"publish","type":"page","link":"https:\/\/vvp.avu.cz\/en\/research\/","title":{"rendered":"Research"},"content":{"rendered":"<p>The AVU Academic Research Centre, which focuses on basic and applied research, the processing of source documentation and a critical evaluation and reinterpretation of Czech fine art from 1945 to the present day, has implemented the following research projects:<\/p>\n<h3>2007-2011 \/ Research project<\/h3>\n<p>Czech Art in the Period of Post-Communist Transformation (1980\u20132005)<br \/>\nMSM6046144601<\/p>\n<p>This five-year research project examined key moments in Czech art during the period of transformation from the 1980s to the present day. It placed an emphasis on non-aesthetic and intermedia overlaps. The outputs were regularly documented and edited in online databases and the physical archive of the AVU Research Centre documentation centre.<\/p>\n<p>Main goals:<\/p>\n<p><a href=\"https:\/\/vvp.avu.cz\/en\/publications\/czech-and-slovak-architecture-1971-2011-texts-interviews-documents\/\">2013 \/ Czech and Slovak Architecture 1971\u20132011. Texts, Interviews, Documents<\/a><br \/>\nThe anthology\u00a0examines the past and present situation as regards architecture in eleven problematic and thematic spheres.<\/p>\n<p><a href=\"https:\/\/vvp.avu.cz\/en\/symposium\/creation-of-the-history-of-contemporary-art\/\">2012 \/ The creation of the history of contemporary art<\/a><br \/>\nA symposium on the exhibition Islands of Resistance: Between the First and Second Modernity 1985\u20132012.<\/p>\n<p><a href=\"https:\/\/vvp.avu.cz\/en\/publications\/between-the-first-and-second-modernity-1985-2012\/\">2011 \/ Between the First and Second Modernity 1985\u20132012<\/a><br \/>\nThe exhibition catalogue.<\/p>\n<p><a href=\"https:\/\/vvp.avu.cz\/en\/exhibitions\/the-islands-of-resistance-between-the-first-and-second-modernity-1985-2012\/\">2012 \/ Islands of Resistance. Between the First and Second Modernity 1985\u20132012<\/a><br \/>\nCollective exhibition Islands of Resistance.<\/p>\n<p><a href=\"https:\/\/vvp.avu.cz\/en\/publications\/czech-art-1980-2010-texts-and-documents\/\">2011\/ Czech Art 1980\u20132010. Texts and Documents<\/a><br \/>\nThe anthology Czech Art 1980\u20132010. Texts and Documents focuses on formative moments and processes of the past thirty years.<\/p>\n<p><a title=\"CO14 2003-2005\" href=\"https:\/\/vvp.avu.cz\/knihy\/co14-2003-2005-2\/\">2010 \/ CO14 2003\u20132005<\/a><br \/>\nThis publication features lectures and public presentations of select artists, art groups and initiatives, curators and art critics.<\/p>\n<p><a href=\"https:\/\/vvp.avu.cz\/en\/symposium\/asymmetric-histories-suppressed-frameworks-and-eliminated-problems\/\">2008 \/ (A)Symmetric Histories &#8211; Suppressed Frameworks and Eliminated Problems<\/a><br \/>\nA volume accompanying the anthologies of Czech and Slovak art of the second half of the 20th century.<\/p>\n<p><a href=\"https:\/\/vvp.avu.cz\/en\/symposium\/asymmetric-histories-suppressed-frameworks-and-eliminated-problems\/\">2008 \/ Symposium (A)Symmetric Histories &#8211; Suppressed Frameworks and Eliminated Problems<\/a><br \/>\nVolume to the anthologies of Czech and Slovak art of the second half of the 20th century.<\/p>\n<p><a href=\"https:\/\/vvp.avu.cz\/en\/publications\/avu-research-centre-series\/\">The AVU Research Centre series<\/a><br \/>\nThe project focuses on translations of theoretical texts that provide a broader interdisciplinary view of the historical, political and socio-cultural background of the post-Socialist transformation in our region.<\/p>\n<h3>2007-2011 \/ Research project<\/h3>\n<p>Czech Art of the 1980s and 1990s &#8211; Reflections and Documentation<br \/>\nDD07P03OUK001<\/p>\n<p>This five-year research project gathered together and processed textual and visual documentation relating to Czech art of the 1980s and 90s.\u00a0 The outputs were regularly documented and edited in online databases and the physical archive of the AVU Research Centre documentation centre. The periodical The Notebook for Art, Theory and Related Zones was published as part of the project, which since 2009 has been peer-reviewed.<\/p>\n<p>Main goals:<\/p>\n<p><a href=\"https:\/\/vvp.avu.cz\/en\/publications\/czech-and-slovak-architecture-1971-2011-texts-interviews-documents\/\">2013 \/ Czech and Slovak Architecture 1971\u20132011. Texts, Interviews, Documents<\/a><br \/>\nThe anthology examines the past and present situation as regards architecture in eleven problematic and thematic spheres.<\/p>\n<p><a href=\"https:\/\/vvp.avu.cz\/en\/publications\/czech-art-1980-2010-texts-and-documents\/\">2011 \/ Czech Art 1980\u20132010. Texts and Documents<\/a><br \/>\nThe anthology Czech Art 1980\u20132010. Texts and Documents focuses on formative moments and processes of the past thirty years.<\/p>\n<p><a href=\"https:\/\/vvp.avu.cz\/en\/video-archive\/\">AVU Research Centre\u2019s on-line video archive database<\/a><br \/>\nIn May 2010 the AVU Research Centre&#8217;s on-line video-archive database was launched as part of the i-datum contemporary art database.<\/p>\n<p><a href=\"https:\/\/vvp.avu.cz\/en\/bibliobase\/\">Bibliobase<\/a><br \/>\nAn on-line database of bibliographical data that offers well-arranged information about the history of Czech post-war visual culture.<\/p>\n<h3>1999-2004 \/ Research project<br \/>\nModern and Post-Modern Art after 1945<\/h3>\n<p>MSM 520000002<\/p>\n<p>This six-year research project involved the processing of source material and a critical evaluation and reinterpretation of the history of Czech fine art after the Second World War, with an emphasis on a reflection of the politico-historical context and with consideration for the parallel discourse of the art world. The outputs of the research and interpretative work were regularly documented and edited and a new online database entitled Bibliobase created along with the archive of the Academic Research Centre. The research outputs were gradually introduced on a national and international level. The AVU Research Centre was involved in several international activities (NEW MOMENT) and research projects (vektor, Gravity), by means of which it is attempting to place Czech art within a global context.<\/p>\n<p>Main goals:<\/p>\n<p><a href=\"https:\/\/vvp.avu.cz\/en\/publications\/utopien-konflikte-dokumente-und-manifeste-zur-tschechischen-kunst-1938-1989\/\">2007 \/ Utopien &amp; Konflikte. Dokumente und Manifeste zur Tschechischen Kunst 1938\u20131989<\/a><br \/>\nThe German editon of the revised and complemented anthology Czech Art 1938-1989.<\/p>\n<p><a href=\"https:\/\/vvp.avu.cz\/en\/publications\/czech-art-1938-1989-manifestos-critical-texts-documents\/\">2001 \/ Czech Art 1938\u20131989. Manifestos \/ Critical Texts \/ Documents<br \/>\n<\/a>An anthology of manifestos and theoretical texts on Czech post-war art.<\/p>\n<p><a href=\"https:\/\/vvp.avu.cz\/en\/publications\/symposium-volume-programmes-and-impulses-czech-art-1939-1999\/\">1999 \/ Programmes and Impulses \/ Czech Art 1939\u20131999<\/a><br \/>\nThe collection of the symposium papers.<\/p>\n<p><a href=\"https:\/\/vvp.avu.cz\/en\/bibliobase\/\">Bibliobase<\/a><br \/>\nAn on-line database of bibliographical data that offers well-arranged information about the history of Czech post-war visual culture.<\/p>\n","protected":false},"excerpt":{"rendered":"<p>The AVU Academic Research Centre, which focuses on basic and applied research, the processing of source documentation and a critical evaluation and reinterpretation of Czech fine art from 1945 to the present day, has implemented the following research projects: 2007-2011 \/ Research project Czech Art in the Period of Post-Communist Transformation (1980\u20132005) MSM6046144601 This five-year [&hellip;]<\/p>\n","protected":false},"author":5,"featured_media":0,"parent":0,"menu_order":102,"comment_status":"closed","ping_status":"open","template":"","meta":{"inline_featured_image":false},"acf":[],"yoast_head":"<!-- This site is optimized with the Yoast SEO plugin v19.6.1 - https:\/\/yoast.com\/wordpress\/plugins\/seo\/ -->\n<title>Research - VVP AVU<\/title>\n<meta name=\"robots\" content=\"index, follow, max-snippet:-1, max-image-preview:large, max-video-preview:-1\" \/>\n<link rel=\"canonical\" href=\"https:\/\/vvp.avu.cz\/en\/research\/\" \/>\n<meta property=\"og:locale\" content=\"en_US\" \/>\n<meta property=\"og:type\" content=\"article\" \/>\n<meta property=\"og:title\" content=\"Research - VVP AVU\" \/>\n<meta property=\"og:description\" content=\"The AVU Academic Research Centre, which focuses on basic and applied research, the processing of source documentation and a critical evaluation and reinterpretation of Czech fine art from 1945 to the present day, has implemented the following research projects: 2007-2011 \/ Research project Czech Art in the Period of Post-Communist Transformation (1980\u20132005) MSM6046144601 This five-year [&hellip;]\" \/>\n<meta property=\"og:url\" content=\"https:\/\/vvp.avu.cz\/en\/research\/\" \/>\n<meta property=\"og:site_name\" content=\"VVP AVU\" \/>\n<meta property=\"article:publisher\" content=\"https:\/\/www.facebook.com\/VVPAVU\/\" \/>\n<meta property=\"article:modified_time\" content=\"2022-04-27T21:15:29+00:00\" \/>\n<meta name=\"twitter:card\" content=\"summary_large_image\" \/>\n<meta name=\"twitter:label1\" content=\"Est. reading time\" \/>\n\t<meta name=\"twitter:data1\" content=\"3 minutes\" \/>\n<script type=\"application\/ld+json\" class=\"yoast-schema-graph\">{\"@context\":\"https:\/\/schema.org\",\"@graph\":[{\"@type\":\"WebPage\",\"@id\":\"https:\/\/vvp.avu.cz\/en\/research\/\",\"url\":\"https:\/\/vvp.avu.cz\/en\/research\/\",\"name\":\"Research - VVP AVU\",\"isPartOf\":{\"@id\":\"https:\/\/vvp.avu.cz\/en\/#website\"},\"datePublished\":\"2014-11-25T08:37:36+00:00\",\"dateModified\":\"2022-04-27T21:15:29+00:00\",\"breadcrumb\":{\"@id\":\"https:\/\/vvp.avu.cz\/en\/research\/#breadcrumb\"},\"inLanguage\":\"en-US\",\"potentialAction\":[{\"@type\":\"ReadAction\",\"target\":[\"https:\/\/vvp.avu.cz\/en\/research\/\"]}]},{\"@type\":\"BreadcrumbList\",\"@id\":\"https:\/\/vvp.avu.cz\/en\/research\/#breadcrumb\",\"itemListElement\":[{\"@type\":\"ListItem\",\"position\":1,\"name\":\"Dom\u016f\",\"item\":\"https:\/\/vvp.avu.cz\/en\/\"},{\"@type\":\"ListItem\",\"position\":2,\"name\":\"Research\"}]},{\"@type\":\"WebSite\",\"@id\":\"https:\/\/vvp.avu.cz\/en\/#website\",\"url\":\"https:\/\/vvp.avu.cz\/en\/\",\"name\":\"VVP AVU\",\"description\":\"posilujeme v\u00fdzkum a v\u011bdu o um\u011bn\u00ed a otev\u00edr\u00e1me ji ve\u0159ejnosti\",\"potentialAction\":[{\"@type\":\"SearchAction\",\"target\":{\"@type\":\"EntryPoint\",\"urlTemplate\":\"https:\/\/vvp.avu.cz\/en\/?s={search_term_string}\"},\"query-input\":\"required name=search_term_string\"}],\"inLanguage\":\"en-US\"}]}<\/script>\n<!-- \/ Yoast SEO plugin. -->","yoast_head_json":{"title":"Research - VVP AVU","robots":{"index":"index","follow":"follow","max-snippet":"max-snippet:-1","max-image-preview":"max-image-preview:large","max-video-preview":"max-video-preview:-1"},"canonical":"https:\/\/vvp.avu.cz\/en\/research\/","og_locale":"en_US","og_type":"article","og_title":"Research - VVP AVU","og_description":"The AVU Academic Research Centre, which focuses on basic and applied research, the processing of source documentation and a critical evaluation and reinterpretation of Czech fine art from 1945 to the present day, has implemented the following research projects: 2007-2011 \/ Research project Czech Art in the Period of Post-Communist Transformation (1980\u20132005) MSM6046144601 This five-year [&hellip;]","og_url":"https:\/\/vvp.avu.cz\/en\/research\/","og_site_name":"VVP AVU","article_publisher":"https:\/\/www.facebook.com\/VVPAVU\/","article_modified_time":"2022-04-27T21:15:29+00:00","twitter_card":"summary_large_image","twitter_misc":{"Est. reading time":"3 minutes"},"schema":{"@context":"https:\/\/schema.org","@graph":[{"@type":"WebPage","@id":"https:\/\/vvp.avu.cz\/en\/research\/","url":"https:\/\/vvp.avu.cz\/en\/research\/","name":"Research - VVP AVU","isPartOf":{"@id":"https:\/\/vvp.avu.cz\/en\/#website"},"datePublished":"2014-11-25T08:37:36+00:00","dateModified":"2022-04-27T21:15:29+00:00","breadcrumb":{"@id":"https:\/\/vvp.avu.cz\/en\/research\/#breadcrumb"},"inLanguage":"en-US","potentialAction":[{"@type":"ReadAction","target":["https:\/\/vvp.avu.cz\/en\/research\/"]}]},{"@type":"BreadcrumbList","@id":"https:\/\/vvp.avu.cz\/en\/research\/#breadcrumb","itemListElement":[{"@type":"ListItem","position":1,"name":"Dom\u016f","item":"https:\/\/vvp.avu.cz\/en\/"},{"@type":"ListItem","position":2,"name":"Research"}]},{"@type":"WebSite","@id":"https:\/\/vvp.avu.cz\/en\/#website","url":"https:\/\/vvp.avu.cz\/en\/","name":"VVP AVU","description":"posilujeme v\u00fdzkum a v\u011bdu o um\u011bn\u00ed a otev\u00edr\u00e1me ji ve\u0159ejnosti","potentialAction":[{"@type":"SearchAction","target":{"@type":"EntryPoint","urlTemplate":"https:\/\/vvp.avu.cz\/en\/?s={search_term_string}"},"query-input":"required name=search_term_string"}],"inLanguage":"en-US"}]}},"_links":{"self":[{"href":"https:\/\/vvp.avu.cz\/en\/wp-json\/wp\/v2\/pages\/3469"}],"collection":[{"href":"https:\/\/vvp.avu.cz\/en\/wp-json\/wp\/v2\/pages"}],"about":[{"href":"https:\/\/vvp.avu.cz\/en\/wp-json\/wp\/v2\/types\/page"}],"author":[{"embeddable":true,"href":"https:\/\/vvp.avu.cz\/en\/wp-json\/wp\/v2\/users\/5"}],"replies":[{"embeddable":true,"href":"https:\/\/vvp.avu.cz\/en\/wp-json\/wp\/v2\/comments?post=3469"}],"version-history":[{"count":1,"href":"https:\/\/vvp.avu.cz\/en\/wp-json\/wp\/v2\/pages\/3469\/revisions"}],"predecessor-version":[{"id":3804,"href":"https:\/\/vvp.avu.cz\/en\/wp-json\/wp\/v2\/pages\/3469\/revisions\/3804"}],"wp:attachment":[{"href":"https:\/\/vvp.avu.cz\/en\/wp-json\/wp\/v2\/media?parent=3469"}],"curies":[{"name":"wp","href":"https:\/\/api.w.org\/{rel}","templated":true}]}}