{"id":3529,"date":"2014-11-20T10:29:51","date_gmt":"2014-11-20T09:29:51","guid":{"rendered":"https:\/\/vvp.avu.cz\/vvp-avu-on-the-workshop-open-archives-on-media-art-and-digital-archives\/"},"modified":"2022-04-27T22:15:30","modified_gmt":"2022-04-27T21:15:30","slug":"vvp-avu-on-the-workshop-open-archives-on-media-art-and-digital-archives","status":"publish","type":"page","link":"https:\/\/vvp.avu.cz\/en\/vvp-avu-on-the-workshop-open-archives-on-media-art-and-digital-archives\/","title":{"rendered":"VVP AVU on the workshop Open Archives on media art and digital archives"},"content":{"rendered":"<p><i>30th October 2007, from 5 am, Intermedia Institute, Faculty of Electrical Engineering of Czech Technical University in Prague (\u010cVUT), room H24\/2, Technick\u00e1 2, 166 27, Prague 6<\/i><\/p>\n<p>The Open Archives project organized by the <a href=\"http:\/\/www.iim.cz\/\" target=\"_blank\" rel=\"noopener\">Intermedia Institute<\/a> of the Faculty of Electrical Engineering of Czech Technical University in Prague in the days of 29. 10 &#8211; 4.11. 2007 is focused on exhibiting and archiving initiatives mapping, re-storing and interpreting contemporary and modern art, experimental film and video, media art and industrial heritage. Screening program is enriched with daily program of lectures, presentations and discussions of various Czech and international digital archives: for example Woody Vasulka, an eminent international video art pioneer, is presenting his <a href=\"http:\/\/vasulka.org\/\" target=\"_blank\" rel=\"noopener\">electronic arts archive project<\/a>, Vasulka, together with media artist Thomas Thiel, present the recent exhibition project <a href=\"http:\/\/www.zkm.de\/mindframes\" target=\"_blank\" rel=\"noopener\">MindFrames<\/a>, created in collaboration with ZKM Karlsruhe; Other initiatives and institutes planning to present are as follows &#8211; <a href=\"http:\/\/hyperkino.net\/\" target=\"_blank\" rel=\"noopener\">Hyperkino<\/a>, FAMU &#8211; VVP AVU &#8211; <a href=\"http:\/\/vcpd.cvut.cz\/\" target=\"_blank\" rel=\"noopener\">Research Centre for Industrial Heritage<\/a>, \u010cVUT &#8211;<a href=\"http:\/\/konvergence.info\/\" target=\"_blank\" rel=\"noopener\">Konvergence<\/a>, FAMU; as well as international &#8211; <a href=\"http:\/\/wrocenter.pl\/\" target=\"_blank\" rel=\"noopener\">WRO Centrum Sztuki Medi\u00f3w<\/a> from Wroc\u0142aw &#8211; <a href=\"http:\/\/media.lbg.ac.at\/de\/index.php\" target=\"_blank\" rel=\"noopener\">Ludwig Boltzmann Institut<\/a> from Linz in Austria &#8211;<a href=\"http:\/\/www.40jahrevideokunst.de\/main.php?p=3\" target=\"_blank\" rel=\"noopener\">project 40yearsvideoart<\/a> &#8211;<a href=\"http:\/\/on1.zkm.de\/zkm\/stories\/storyReader$5522\" target=\"_blank\" rel=\"noopener\"> Art_clips.ch.at.de<\/a>, ZKM Karlsruhe &#8211; or projekt<a href=\"http:\/\/www.casparpreserves.eu\/\" target=\"_blank\" rel=\"noopener\">Caspar \/ Cultural, Artistic and Scientific knowledge for Preservation, Access and Retrieval<\/a>.<\/p>\n<p>Public is welcome.<\/p>\n<p>\u00bb\u00a0 <strong><a href=\"https:\/\/vvp.avu.cz\/app\/uploads\/2014\/08\/openarchives2007-tz.pdf\">Press release<\/a><\/strong><\/p>\n","protected":false},"excerpt":{"rendered":"<p>30th October 2007, from 5 am, Intermedia Institute, Faculty of Electrical Engineering of Czech Technical University in Prague (\u010cVUT), room H24\/2, Technick\u00e1 2, 166 27, Prague 6 The Open Archives project organized by the Intermedia Institute of the Faculty of Electrical Engineering of Czech Technical University in Prague in the days of 29. 10 &#8211; [&hellip;]<\/p>\n","protected":false},"author":5,"featured_media":0,"parent":0,"menu_order":141,"comment_status":"closed","ping_status":"open","template":"","meta":{"inline_featured_image":false},"acf":[],"yoast_head":"<!-- This site is optimized with the Yoast SEO plugin v19.6.1 - https:\/\/yoast.com\/wordpress\/plugins\/seo\/ -->\n<title>VVP AVU on the workshop Open Archives on media art and digital archives - VVP AVU<\/title>\n<meta name=\"robots\" content=\"index, follow, max-snippet:-1, max-image-preview:large, max-video-preview:-1\" \/>\n<link rel=\"canonical\" href=\"https:\/\/vvp.avu.cz\/en\/vvp-avu-on-the-workshop-open-archives-on-media-art-and-digital-archives\/\" \/>\n<meta property=\"og:locale\" content=\"en_US\" \/>\n<meta property=\"og:type\" content=\"article\" \/>\n<meta property=\"og:title\" content=\"VVP AVU on the workshop Open Archives on media art and digital archives - VVP AVU\" \/>\n<meta property=\"og:description\" content=\"30th October 2007, from 5 am, Intermedia Institute, Faculty of Electrical Engineering of Czech Technical University in Prague (\u010cVUT), room H24\/2, Technick\u00e1 2, 166 27, Prague 6 The Open Archives project organized by the Intermedia Institute of the Faculty of Electrical Engineering of Czech Technical University in Prague in the days of 29. 10 &#8211; [&hellip;]\" \/>\n<meta property=\"og:url\" content=\"https:\/\/vvp.avu.cz\/en\/vvp-avu-on-the-workshop-open-archives-on-media-art-and-digital-archives\/\" \/>\n<meta property=\"og:site_name\" content=\"VVP AVU\" \/>\n<meta property=\"article:publisher\" content=\"https:\/\/www.facebook.com\/VVPAVU\/\" \/>\n<meta property=\"article:modified_time\" content=\"2022-04-27T21:15:30+00:00\" \/>\n<meta name=\"twitter:card\" content=\"summary_large_image\" \/>\n<meta name=\"twitter:label1\" content=\"Est. reading time\" \/>\n\t<meta name=\"twitter:data1\" content=\"1 minute\" \/>\n<script type=\"application\/ld+json\" class=\"yoast-schema-graph\">{\"@context\":\"https:\/\/schema.org\",\"@graph\":[{\"@type\":\"WebPage\",\"@id\":\"https:\/\/vvp.avu.cz\/en\/vvp-avu-on-the-workshop-open-archives-on-media-art-and-digital-archives\/\",\"url\":\"https:\/\/vvp.avu.cz\/en\/vvp-avu-on-the-workshop-open-archives-on-media-art-and-digital-archives\/\",\"name\":\"VVP AVU on the workshop Open Archives on media art and digital archives - VVP AVU\",\"isPartOf\":{\"@id\":\"https:\/\/vvp.avu.cz\/en\/#website\"},\"datePublished\":\"2014-11-20T09:29:51+00:00\",\"dateModified\":\"2022-04-27T21:15:30+00:00\",\"breadcrumb\":{\"@id\":\"https:\/\/vvp.avu.cz\/en\/vvp-avu-on-the-workshop-open-archives-on-media-art-and-digital-archives\/#breadcrumb\"},\"inLanguage\":\"en-US\",\"potentialAction\":[{\"@type\":\"ReadAction\",\"target\":[\"https:\/\/vvp.avu.cz\/en\/vvp-avu-on-the-workshop-open-archives-on-media-art-and-digital-archives\/\"]}]},{\"@type\":\"BreadcrumbList\",\"@id\":\"https:\/\/vvp.avu.cz\/en\/vvp-avu-on-the-workshop-open-archives-on-media-art-and-digital-archives\/#breadcrumb\",\"itemListElement\":[{\"@type\":\"ListItem\",\"position\":1,\"name\":\"Dom\u016f\",\"item\":\"https:\/\/vvp.avu.cz\/en\/\"},{\"@type\":\"ListItem\",\"position\":2,\"name\":\"VVP AVU on the workshop Open Archives on media art and digital archives\"}]},{\"@type\":\"WebSite\",\"@id\":\"https:\/\/vvp.avu.cz\/en\/#website\",\"url\":\"https:\/\/vvp.avu.cz\/en\/\",\"name\":\"VVP AVU\",\"description\":\"posilujeme v\u00fdzkum a v\u011bdu o um\u011bn\u00ed a otev\u00edr\u00e1me ji ve\u0159ejnosti\",\"potentialAction\":[{\"@type\":\"SearchAction\",\"target\":{\"@type\":\"EntryPoint\",\"urlTemplate\":\"https:\/\/vvp.avu.cz\/en\/?s={search_term_string}\"},\"query-input\":\"required name=search_term_string\"}],\"inLanguage\":\"en-US\"}]}<\/script>\n<!-- \/ Yoast SEO plugin. -->","yoast_head_json":{"title":"VVP AVU on the workshop Open Archives on media art and digital archives - VVP AVU","robots":{"index":"index","follow":"follow","max-snippet":"max-snippet:-1","max-image-preview":"max-image-preview:large","max-video-preview":"max-video-preview:-1"},"canonical":"https:\/\/vvp.avu.cz\/en\/vvp-avu-on-the-workshop-open-archives-on-media-art-and-digital-archives\/","og_locale":"en_US","og_type":"article","og_title":"VVP AVU on the workshop Open Archives on media art and digital archives - VVP AVU","og_description":"30th October 2007, from 5 am, Intermedia Institute, Faculty of Electrical Engineering of Czech Technical University in Prague (\u010cVUT), room H24\/2, Technick\u00e1 2, 166 27, Prague 6 The Open Archives project organized by the Intermedia Institute of the Faculty of Electrical Engineering of Czech Technical University in Prague in the days of 29. 10 &#8211; [&hellip;]","og_url":"https:\/\/vvp.avu.cz\/en\/vvp-avu-on-the-workshop-open-archives-on-media-art-and-digital-archives\/","og_site_name":"VVP AVU","article_publisher":"https:\/\/www.facebook.com\/VVPAVU\/","article_modified_time":"2022-04-27T21:15:30+00:00","twitter_card":"summary_large_image","twitter_misc":{"Est. reading time":"1 minute"},"schema":{"@context":"https:\/\/schema.org","@graph":[{"@type":"WebPage","@id":"https:\/\/vvp.avu.cz\/en\/vvp-avu-on-the-workshop-open-archives-on-media-art-and-digital-archives\/","url":"https:\/\/vvp.avu.cz\/en\/vvp-avu-on-the-workshop-open-archives-on-media-art-and-digital-archives\/","name":"VVP AVU on the workshop Open Archives on media art and digital archives - VVP AVU","isPartOf":{"@id":"https:\/\/vvp.avu.cz\/en\/#website"},"datePublished":"2014-11-20T09:29:51+00:00","dateModified":"2022-04-27T21:15:30+00:00","breadcrumb":{"@id":"https:\/\/vvp.avu.cz\/en\/vvp-avu-on-the-workshop-open-archives-on-media-art-and-digital-archives\/#breadcrumb"},"inLanguage":"en-US","potentialAction":[{"@type":"ReadAction","target":["https:\/\/vvp.avu.cz\/en\/vvp-avu-on-the-workshop-open-archives-on-media-art-and-digital-archives\/"]}]},{"@type":"BreadcrumbList","@id":"https:\/\/vvp.avu.cz\/en\/vvp-avu-on-the-workshop-open-archives-on-media-art-and-digital-archives\/#breadcrumb","itemListElement":[{"@type":"ListItem","position":1,"name":"Dom\u016f","item":"https:\/\/vvp.avu.cz\/en\/"},{"@type":"ListItem","position":2,"name":"VVP AVU on the workshop Open Archives on media art and digital archives"}]},{"@type":"WebSite","@id":"https:\/\/vvp.avu.cz\/en\/#website","url":"https:\/\/vvp.avu.cz\/en\/","name":"VVP AVU","description":"posilujeme v\u00fdzkum a v\u011bdu o um\u011bn\u00ed a otev\u00edr\u00e1me ji ve\u0159ejnosti","potentialAction":[{"@type":"SearchAction","target":{"@type":"EntryPoint","urlTemplate":"https:\/\/vvp.avu.cz\/en\/?s={search_term_string}"},"query-input":"required name=search_term_string"}],"inLanguage":"en-US"}]}},"_links":{"self":[{"href":"https:\/\/vvp.avu.cz\/en\/wp-json\/wp\/v2\/pages\/3529"}],"collection":[{"href":"https:\/\/vvp.avu.cz\/en\/wp-json\/wp\/v2\/pages"}],"about":[{"href":"https:\/\/vvp.avu.cz\/en\/wp-json\/wp\/v2\/types\/page"}],"author":[{"embeddable":true,"href":"https:\/\/vvp.avu.cz\/en\/wp-json\/wp\/v2\/users\/5"}],"replies":[{"embeddable":true,"href":"https:\/\/vvp.avu.cz\/en\/wp-json\/wp\/v2\/comments?post=3529"}],"version-history":[{"count":1,"href":"https:\/\/vvp.avu.cz\/en\/wp-json\/wp\/v2\/pages\/3529\/revisions"}],"predecessor-version":[{"id":3812,"href":"https:\/\/vvp.avu.cz\/en\/wp-json\/wp\/v2\/pages\/3529\/revisions\/3812"}],"wp:attachment":[{"href":"https:\/\/vvp.avu.cz\/en\/wp-json\/wp\/v2\/media?parent=3529"}],"curies":[{"name":"wp","href":"https:\/\/api.w.org\/{rel}","templated":true}]}}