{"id":3530,"date":"2014-11-20T10:25:50","date_gmt":"2014-11-20T09:25:50","guid":{"rendered":"https:\/\/vvp.avu.cz\/open-archives-2-0-places-of-encounters-education-and-cooperation\/"},"modified":"2022-04-27T22:15:29","modified_gmt":"2022-04-27T21:15:29","slug":"open-archives-2-0-places-of-encounters-education-and-cooperation","status":"publish","type":"page","link":"https:\/\/vvp.avu.cz\/en\/open-archives-2-0-places-of-encounters-education-and-cooperation\/","title":{"rendered":"OPEN ARCHIVES 2.0 &#8211; places of encounters, education and cooperation"},"content":{"rendered":"<p><i>Jihlava, 25 October 2008. Hosted by the FAMU Center of Audiovisual Studies.<\/i><\/p>\n<p>The second year of the &#8220;Open Archives&#8221; discussion project hosted by <a href=\"http:\/\/web.amu.cz\/?r_id=509\" target=\"_blank\" rel=\"noopener\">CAS FAMU<\/a>, will be held as part of the Jihlava International Documentary Film Festival in October 2008. The theme of the project is open archives in the audiovisual field as places of open education and mutual cooperation.<\/p>\n<p>At domestic institutions and through the activities of independent communities, a number of online projects have recently been created, concentrating on the latest method of working with new tools with the use of audiovisual materials. In addition to releasing the actual material, efforts are being made to increase the exchange of information concerning education in audiovisual media or regarding scientific research of this specific field in a certain historical period.<\/p>\n<p>Two discussion blocks in Jihlava will introduce Central European audiovisual archives involved in the fields of new media, film, contemporary art, education and science. Other topics will include initiatives examining the possibilities of the Semantic Web, non-linear archiving structures and social technologies:<\/p>\n<ul>\n<li><a href=\"http:\/\/www.netzspannung.org\/\" target=\"_blank\" rel=\"noopener\">Netzspannung.org<\/a><\/li>\n<li><a href=\"http:\/\/media.lbg.ac.at\/\" target=\"_blank\" rel=\"noopener\">Ludwig Boltzmann Institut<\/a><\/li>\n<li><a href=\"http:\/\/www.nava.hu\/\" target=\"_blank\" rel=\"noopener\">NAVA National Audiovisual Archive of Hungary<\/a><\/li>\n<li><a href=\"http:\/\/www.filmarchives-online.eu\/partners\/narodni-filmovy-archiv-nfa\" target=\"_blank\" rel=\"noopener\">NFA Filmarchives-online<\/a><\/li>\n<li><a href=\"http:\/\/www.doc-air.com\/\" target=\"_blank\" rel=\"noopener\">Doc-air<\/a><\/li>\n<li><a href=\"http:\/\/hyperkino.net\/\" target=\"_blank\" rel=\"noopener\">Hyperkino<\/a><\/li>\n<li><a href=\"http:\/\/artlist.cz\/\" target=\"_blank\" rel=\"noopener\">Artlist<\/a><\/li>\n<li><a href=\"http:\/\/www.phil.muni.cz\/filmovebrno\" target=\"_blank\" rel=\"noopener\">Filmov\u00e9 Brno<\/a> (Masarykova univerzita)<\/li>\n<li><a href=\"http:\/\/artycok.tv\/\" target=\"_blank\" rel=\"noopener\">Arty\u010dok TV<\/a><\/li>\n<li><a href=\"http:\/\/www.tlis.sk\/\" target=\"_blank\" rel=\"noopener\">tlis.sk<\/a><\/li>\n<li><a href=\"http:\/\/www.burundi.sk\/monoskop\" target=\"_blank\" rel=\"noopener\">Monoskop<\/a><\/li>\n<li><a href=\"http:\/\/www.gama-gateway.eu\/\" target=\"_blank\" rel=\"noopener\">GAMA<\/a><\/li>\n<li><a href=\"http:\/\/ifamu.cz\/\" target=\"_blank\" rel=\"noopener\">ifamu.cz FAMU<\/a><\/li>\n<li><a href=\"http:\/\/www.konvergence.info\/\" target=\"_blank\" rel=\"noopener\">konvergence.info<\/a><\/li>\n<li><a href=\"http:\/\/aomoa.net\/\" target=\"_blank\" rel=\"noopener\">AoMoA.net<\/a><\/li>\n<\/ul>\n<p>The AVU Research Centre will participate in the discussion project as one of the representatives of official educational institutions where a physical archive is being created with parallel online projects releasing information on Czech modern and contemporary art. Audiovisual material is not the main subject of interest per se, but belongs only to the segment of a comprehensive project for critical reflection and work with textual materials involving the fine arts.<\/p>\n<p>Additional information is available in the <a href=\"https:\/\/vvp.avu.cz\/app\/uploads\/2014\/08\/openarchives-tz.pdf\">press release<\/a> \u00a0(pdf 53kB).<\/p>\n","protected":false},"excerpt":{"rendered":"<p>Jihlava, 25 October 2008. Hosted by the FAMU Center of Audiovisual Studies. The second year of the &#8220;Open Archives&#8221; discussion project hosted by CAS FAMU, will be held as part of the Jihlava International Documentary Film Festival in October 2008. The theme of the project is open archives in the audiovisual field as places of [&hellip;]<\/p>\n","protected":false},"author":5,"featured_media":0,"parent":0,"menu_order":78,"comment_status":"closed","ping_status":"open","template":"","meta":{"inline_featured_image":false},"acf":[],"yoast_head":"<!-- This site is optimized with the Yoast SEO plugin v19.6.1 - https:\/\/yoast.com\/wordpress\/plugins\/seo\/ -->\n<title>OPEN ARCHIVES 2.0 - places of encounters, education and cooperation - VVP AVU<\/title>\n<meta name=\"robots\" content=\"index, follow, max-snippet:-1, max-image-preview:large, max-video-preview:-1\" \/>\n<link rel=\"canonical\" href=\"https:\/\/vvp.avu.cz\/en\/open-archives-2-0-places-of-encounters-education-and-cooperation\/\" \/>\n<meta property=\"og:locale\" content=\"en_US\" \/>\n<meta property=\"og:type\" content=\"article\" \/>\n<meta property=\"og:title\" content=\"OPEN ARCHIVES 2.0 - places of encounters, education and cooperation - VVP AVU\" \/>\n<meta property=\"og:description\" content=\"Jihlava, 25 October 2008. Hosted by the FAMU Center of Audiovisual Studies. The second year of the &#8220;Open Archives&#8221; discussion project hosted by CAS FAMU, will be held as part of the Jihlava International Documentary Film Festival in October 2008. The theme of the project is open archives in the audiovisual field as places of [&hellip;]\" \/>\n<meta property=\"og:url\" content=\"https:\/\/vvp.avu.cz\/en\/open-archives-2-0-places-of-encounters-education-and-cooperation\/\" \/>\n<meta property=\"og:site_name\" content=\"VVP AVU\" \/>\n<meta property=\"article:publisher\" content=\"https:\/\/www.facebook.com\/VVPAVU\/\" \/>\n<meta property=\"article:modified_time\" content=\"2022-04-27T21:15:29+00:00\" \/>\n<meta name=\"twitter:card\" content=\"summary_large_image\" \/>\n<meta name=\"twitter:label1\" content=\"Est. reading time\" \/>\n\t<meta name=\"twitter:data1\" content=\"1 minute\" \/>\n<script type=\"application\/ld+json\" class=\"yoast-schema-graph\">{\"@context\":\"https:\/\/schema.org\",\"@graph\":[{\"@type\":\"WebPage\",\"@id\":\"https:\/\/vvp.avu.cz\/en\/open-archives-2-0-places-of-encounters-education-and-cooperation\/\",\"url\":\"https:\/\/vvp.avu.cz\/en\/open-archives-2-0-places-of-encounters-education-and-cooperation\/\",\"name\":\"OPEN ARCHIVES 2.0 - places of encounters, education and cooperation - VVP AVU\",\"isPartOf\":{\"@id\":\"https:\/\/vvp.avu.cz\/en\/#website\"},\"datePublished\":\"2014-11-20T09:25:50+00:00\",\"dateModified\":\"2022-04-27T21:15:29+00:00\",\"breadcrumb\":{\"@id\":\"https:\/\/vvp.avu.cz\/en\/open-archives-2-0-places-of-encounters-education-and-cooperation\/#breadcrumb\"},\"inLanguage\":\"en-US\",\"potentialAction\":[{\"@type\":\"ReadAction\",\"target\":[\"https:\/\/vvp.avu.cz\/en\/open-archives-2-0-places-of-encounters-education-and-cooperation\/\"]}]},{\"@type\":\"BreadcrumbList\",\"@id\":\"https:\/\/vvp.avu.cz\/en\/open-archives-2-0-places-of-encounters-education-and-cooperation\/#breadcrumb\",\"itemListElement\":[{\"@type\":\"ListItem\",\"position\":1,\"name\":\"Dom\u016f\",\"item\":\"https:\/\/vvp.avu.cz\/en\/\"},{\"@type\":\"ListItem\",\"position\":2,\"name\":\"OPEN ARCHIVES 2.0 &#8211; places of encounters, education and cooperation\"}]},{\"@type\":\"WebSite\",\"@id\":\"https:\/\/vvp.avu.cz\/en\/#website\",\"url\":\"https:\/\/vvp.avu.cz\/en\/\",\"name\":\"VVP AVU\",\"description\":\"posilujeme v\u00fdzkum a v\u011bdu o um\u011bn\u00ed a otev\u00edr\u00e1me ji ve\u0159ejnosti\",\"potentialAction\":[{\"@type\":\"SearchAction\",\"target\":{\"@type\":\"EntryPoint\",\"urlTemplate\":\"https:\/\/vvp.avu.cz\/en\/?s={search_term_string}\"},\"query-input\":\"required name=search_term_string\"}],\"inLanguage\":\"en-US\"}]}<\/script>\n<!-- \/ Yoast SEO plugin. -->","yoast_head_json":{"title":"OPEN ARCHIVES 2.0 - places of encounters, education and cooperation - VVP AVU","robots":{"index":"index","follow":"follow","max-snippet":"max-snippet:-1","max-image-preview":"max-image-preview:large","max-video-preview":"max-video-preview:-1"},"canonical":"https:\/\/vvp.avu.cz\/en\/open-archives-2-0-places-of-encounters-education-and-cooperation\/","og_locale":"en_US","og_type":"article","og_title":"OPEN ARCHIVES 2.0 - places of encounters, education and cooperation - VVP AVU","og_description":"Jihlava, 25 October 2008. Hosted by the FAMU Center of Audiovisual Studies. The second year of the &#8220;Open Archives&#8221; discussion project hosted by CAS FAMU, will be held as part of the Jihlava International Documentary Film Festival in October 2008. The theme of the project is open archives in the audiovisual field as places of [&hellip;]","og_url":"https:\/\/vvp.avu.cz\/en\/open-archives-2-0-places-of-encounters-education-and-cooperation\/","og_site_name":"VVP AVU","article_publisher":"https:\/\/www.facebook.com\/VVPAVU\/","article_modified_time":"2022-04-27T21:15:29+00:00","twitter_card":"summary_large_image","twitter_misc":{"Est. reading time":"1 minute"},"schema":{"@context":"https:\/\/schema.org","@graph":[{"@type":"WebPage","@id":"https:\/\/vvp.avu.cz\/en\/open-archives-2-0-places-of-encounters-education-and-cooperation\/","url":"https:\/\/vvp.avu.cz\/en\/open-archives-2-0-places-of-encounters-education-and-cooperation\/","name":"OPEN ARCHIVES 2.0 - places of encounters, education and cooperation - VVP AVU","isPartOf":{"@id":"https:\/\/vvp.avu.cz\/en\/#website"},"datePublished":"2014-11-20T09:25:50+00:00","dateModified":"2022-04-27T21:15:29+00:00","breadcrumb":{"@id":"https:\/\/vvp.avu.cz\/en\/open-archives-2-0-places-of-encounters-education-and-cooperation\/#breadcrumb"},"inLanguage":"en-US","potentialAction":[{"@type":"ReadAction","target":["https:\/\/vvp.avu.cz\/en\/open-archives-2-0-places-of-encounters-education-and-cooperation\/"]}]},{"@type":"BreadcrumbList","@id":"https:\/\/vvp.avu.cz\/en\/open-archives-2-0-places-of-encounters-education-and-cooperation\/#breadcrumb","itemListElement":[{"@type":"ListItem","position":1,"name":"Dom\u016f","item":"https:\/\/vvp.avu.cz\/en\/"},{"@type":"ListItem","position":2,"name":"OPEN ARCHIVES 2.0 &#8211; places of encounters, education and cooperation"}]},{"@type":"WebSite","@id":"https:\/\/vvp.avu.cz\/en\/#website","url":"https:\/\/vvp.avu.cz\/en\/","name":"VVP AVU","description":"posilujeme v\u00fdzkum a v\u011bdu o um\u011bn\u00ed a otev\u00edr\u00e1me ji ve\u0159ejnosti","potentialAction":[{"@type":"SearchAction","target":{"@type":"EntryPoint","urlTemplate":"https:\/\/vvp.avu.cz\/en\/?s={search_term_string}"},"query-input":"required name=search_term_string"}],"inLanguage":"en-US"}]}},"_links":{"self":[{"href":"https:\/\/vvp.avu.cz\/en\/wp-json\/wp\/v2\/pages\/3530"}],"collection":[{"href":"https:\/\/vvp.avu.cz\/en\/wp-json\/wp\/v2\/pages"}],"about":[{"href":"https:\/\/vvp.avu.cz\/en\/wp-json\/wp\/v2\/types\/page"}],"author":[{"embeddable":true,"href":"https:\/\/vvp.avu.cz\/en\/wp-json\/wp\/v2\/users\/5"}],"replies":[{"embeddable":true,"href":"https:\/\/vvp.avu.cz\/en\/wp-json\/wp\/v2\/comments?post=3530"}],"version-history":[{"count":1,"href":"https:\/\/vvp.avu.cz\/en\/wp-json\/wp\/v2\/pages\/3530\/revisions"}],"predecessor-version":[{"id":3799,"href":"https:\/\/vvp.avu.cz\/en\/wp-json\/wp\/v2\/pages\/3530\/revisions\/3799"}],"wp:attachment":[{"href":"https:\/\/vvp.avu.cz\/en\/wp-json\/wp\/v2\/media?parent=3530"}],"curies":[{"name":"wp","href":"https:\/\/api.w.org\/{rel}","templated":true}]}}