{"id":3531,"date":"2014-11-20T10:22:50","date_gmt":"2014-11-20T09:22:50","guid":{"rendered":"https:\/\/vvp.avu.cz\/peter-weibel-the-impact-of-information-tools-from-simulation-to-stimulation\/"},"modified":"2022-04-27T22:15:29","modified_gmt":"2022-04-27T21:15:29","slug":"peter-weibel-the-impact-of-information-tools-from-simulation-to-stimulation","status":"publish","type":"page","link":"https:\/\/vvp.avu.cz\/en\/peter-weibel-the-impact-of-information-tools-from-simulation-to-stimulation\/","title":{"rendered":"Peter Weibel &#8220;The Impact of Information Tools: From Simulation to Stimulation&#8221;"},"content":{"rendered":"<p><i>30. April 2007, 11 am., Academy of Fine Arts Prague, hall, U Akademie 4, Praha 7<br \/>\nintroduced by Ji\u0159\u00ed \u0160ev\u010d\u00edk, vicechancellor of AVU and director of VVP AVU<\/i><\/p>\n<p>Prof. Peter Weibel in his lecture with the title <i>The Impact of Information Tools: From Simulation to Stimulation<\/i> introduces his thesis on the new material revolution.<\/p>\n<p>\u00bb <strong><a href=\"https:\/\/vvp.avu.cz\/app\/uploads\/2014\/08\/prednaska_weibel.pdf\">Text of the lecture<\/a><\/strong> \u00a0(pdf 54KB)<\/p>\n<p><div id=\"attachment_622\" style=\"width: 160px\" class=\"wp-caption alignleft\"><a href=\"https:\/\/vvp.avu.cz\/app\/uploads\/2014\/08\/weibel.jpg\"><img aria-describedby=\"caption-attachment-622\" loading=\"lazy\" class=\"size-thumbnail wp-image-622\" src=\"https:\/\/vvp.avu.cz\/app\/uploads\/2014\/08\/weibel-150x150.jpg\" alt=\"[cml_media_alt id='622']Prof. Peter Weibel[\/cml_media_alt]\" width=\"150\" height=\"150\" \/><\/a><p id=\"caption-attachment-622\" class=\"wp-caption-text\">Prof. Peter Weibel<\/p><\/div><b>Prof. Peter Weibel<\/b>, born in Odessa in 1944, he studied literature, medicine, logic, philosophy and film in Paris and Vienna. He became a central figure in European media art on account of his various activities as artist, media theorist and curator. Since 1984 he is professor at the University of Applied Arts Vienna, from 1984 to 1989 he was head of the digital arts laboratory at the Media Department of New York University in Buffalo, and in 1989 he founded the Institute of New Media at the St\u00e4delschule in Frankfurt-on-Main. Between 1986 and 1995, he was in charge of the Ars Electronica in Linz as artistic consultant and later artistic director and commissioned the Austrian pavilions at the Venice Biennale from 1993 to 1999. From 1993 to the present he is curator at the Neue Galerie Graz and since January 1999 Chairman and CEO of the <a href=\"http:\/\/www.zkm.de\/\" target=\"_blank\" rel=\"noopener\">ZKM | Center for Art and Media, Karlsruhe<\/a>.<\/p>\n<p>In 2007 he was awarded the Honorary Doctorate by the University of Art and Design Helsinki.<\/p>\n<p>The solo exhibition of Peter Weibel in 2004 in the Gallery of the Austrian Culture Forum in Prague was organised in the cooperation with VVP AVU.<\/p>\n","protected":false},"excerpt":{"rendered":"<p>30. April 2007, 11 am., Academy of Fine Arts Prague, hall, U Akademie 4, Praha 7 introduced by Ji\u0159\u00ed \u0160ev\u010d\u00edk, vicechancellor of AVU and director of VVP AVU Prof. Peter Weibel in his lecture with the title The Impact of Information Tools: From Simulation to Stimulation introduces his thesis on the new material revolution. \u00bb [&hellip;]<\/p>\n","protected":false},"author":5,"featured_media":0,"parent":0,"menu_order":89,"comment_status":"closed","ping_status":"open","template":"","meta":{"inline_featured_image":false},"acf":[],"yoast_head":"<!-- This site is optimized with the Yoast SEO plugin v19.6.1 - https:\/\/yoast.com\/wordpress\/plugins\/seo\/ -->\n<title>Peter Weibel &quot;The Impact of Information Tools: From Simulation to Stimulation&quot; - VVP AVU<\/title>\n<meta name=\"robots\" content=\"index, follow, max-snippet:-1, max-image-preview:large, max-video-preview:-1\" \/>\n<link rel=\"canonical\" href=\"https:\/\/vvp.avu.cz\/en\/peter-weibel-the-impact-of-information-tools-from-simulation-to-stimulation\/\" \/>\n<meta property=\"og:locale\" content=\"en_US\" \/>\n<meta property=\"og:type\" content=\"article\" \/>\n<meta property=\"og:title\" content=\"Peter Weibel &quot;The Impact of Information Tools: From Simulation to Stimulation&quot; - VVP AVU\" \/>\n<meta property=\"og:description\" content=\"30. April 2007, 11 am., Academy of Fine Arts Prague, hall, U Akademie 4, Praha 7 introduced by Ji\u0159\u00ed \u0160ev\u010d\u00edk, vicechancellor of AVU and director of VVP AVU Prof. Peter Weibel in his lecture with the title The Impact of Information Tools: From Simulation to Stimulation introduces his thesis on the new material revolution. \u00bb [&hellip;]\" \/>\n<meta property=\"og:url\" content=\"https:\/\/vvp.avu.cz\/en\/peter-weibel-the-impact-of-information-tools-from-simulation-to-stimulation\/\" \/>\n<meta property=\"og:site_name\" content=\"VVP AVU\" \/>\n<meta property=\"article:publisher\" content=\"https:\/\/www.facebook.com\/VVPAVU\/\" \/>\n<meta property=\"article:modified_time\" content=\"2022-04-27T21:15:29+00:00\" \/>\n<meta property=\"og:image\" content=\"https:\/\/vvp.avu.cz\/app\/uploads\/2014\/08\/weibel-150x150.jpg\" \/>\n<meta name=\"twitter:card\" content=\"summary_large_image\" \/>\n<meta name=\"twitter:label1\" content=\"Est. reading time\" \/>\n\t<meta name=\"twitter:data1\" content=\"1 minute\" \/>\n<script type=\"application\/ld+json\" class=\"yoast-schema-graph\">{\"@context\":\"https:\/\/schema.org\",\"@graph\":[{\"@type\":\"WebPage\",\"@id\":\"https:\/\/vvp.avu.cz\/en\/peter-weibel-the-impact-of-information-tools-from-simulation-to-stimulation\/\",\"url\":\"https:\/\/vvp.avu.cz\/en\/peter-weibel-the-impact-of-information-tools-from-simulation-to-stimulation\/\",\"name\":\"Peter Weibel \\\"The Impact of Information Tools: From Simulation to Stimulation\\\" - VVP AVU\",\"isPartOf\":{\"@id\":\"https:\/\/vvp.avu.cz\/en\/#website\"},\"datePublished\":\"2014-11-20T09:22:50+00:00\",\"dateModified\":\"2022-04-27T21:15:29+00:00\",\"breadcrumb\":{\"@id\":\"https:\/\/vvp.avu.cz\/en\/peter-weibel-the-impact-of-information-tools-from-simulation-to-stimulation\/#breadcrumb\"},\"inLanguage\":\"en-US\",\"potentialAction\":[{\"@type\":\"ReadAction\",\"target\":[\"https:\/\/vvp.avu.cz\/en\/peter-weibel-the-impact-of-information-tools-from-simulation-to-stimulation\/\"]}]},{\"@type\":\"BreadcrumbList\",\"@id\":\"https:\/\/vvp.avu.cz\/en\/peter-weibel-the-impact-of-information-tools-from-simulation-to-stimulation\/#breadcrumb\",\"itemListElement\":[{\"@type\":\"ListItem\",\"position\":1,\"name\":\"Dom\u016f\",\"item\":\"https:\/\/vvp.avu.cz\/en\/\"},{\"@type\":\"ListItem\",\"position\":2,\"name\":\"Peter Weibel &#8222;The Impact of Information Tools: From Simulation to Stimulation&#8220;\"}]},{\"@type\":\"WebSite\",\"@id\":\"https:\/\/vvp.avu.cz\/en\/#website\",\"url\":\"https:\/\/vvp.avu.cz\/en\/\",\"name\":\"VVP AVU\",\"description\":\"posilujeme v\u00fdzkum a v\u011bdu o um\u011bn\u00ed a otev\u00edr\u00e1me ji ve\u0159ejnosti\",\"potentialAction\":[{\"@type\":\"SearchAction\",\"target\":{\"@type\":\"EntryPoint\",\"urlTemplate\":\"https:\/\/vvp.avu.cz\/en\/?s={search_term_string}\"},\"query-input\":\"required name=search_term_string\"}],\"inLanguage\":\"en-US\"}]}<\/script>\n<!-- \/ Yoast SEO plugin. -->","yoast_head_json":{"title":"Peter Weibel \"The Impact of Information Tools: From Simulation to Stimulation\" - VVP AVU","robots":{"index":"index","follow":"follow","max-snippet":"max-snippet:-1","max-image-preview":"max-image-preview:large","max-video-preview":"max-video-preview:-1"},"canonical":"https:\/\/vvp.avu.cz\/en\/peter-weibel-the-impact-of-information-tools-from-simulation-to-stimulation\/","og_locale":"en_US","og_type":"article","og_title":"Peter Weibel \"The Impact of Information Tools: From Simulation to Stimulation\" - VVP AVU","og_description":"30. April 2007, 11 am., Academy of Fine Arts Prague, hall, U Akademie 4, Praha 7 introduced by Ji\u0159\u00ed \u0160ev\u010d\u00edk, vicechancellor of AVU and director of VVP AVU Prof. Peter Weibel in his lecture with the title The Impact of Information Tools: From Simulation to Stimulation introduces his thesis on the new material revolution. \u00bb [&hellip;]","og_url":"https:\/\/vvp.avu.cz\/en\/peter-weibel-the-impact-of-information-tools-from-simulation-to-stimulation\/","og_site_name":"VVP AVU","article_publisher":"https:\/\/www.facebook.com\/VVPAVU\/","article_modified_time":"2022-04-27T21:15:29+00:00","og_image":[{"url":"https:\/\/vvp.avu.cz\/app\/uploads\/2014\/08\/weibel-150x150.jpg"}],"twitter_card":"summary_large_image","twitter_misc":{"Est. reading time":"1 minute"},"schema":{"@context":"https:\/\/schema.org","@graph":[{"@type":"WebPage","@id":"https:\/\/vvp.avu.cz\/en\/peter-weibel-the-impact-of-information-tools-from-simulation-to-stimulation\/","url":"https:\/\/vvp.avu.cz\/en\/peter-weibel-the-impact-of-information-tools-from-simulation-to-stimulation\/","name":"Peter Weibel \"The Impact of Information Tools: From Simulation to Stimulation\" - VVP AVU","isPartOf":{"@id":"https:\/\/vvp.avu.cz\/en\/#website"},"datePublished":"2014-11-20T09:22:50+00:00","dateModified":"2022-04-27T21:15:29+00:00","breadcrumb":{"@id":"https:\/\/vvp.avu.cz\/en\/peter-weibel-the-impact-of-information-tools-from-simulation-to-stimulation\/#breadcrumb"},"inLanguage":"en-US","potentialAction":[{"@type":"ReadAction","target":["https:\/\/vvp.avu.cz\/en\/peter-weibel-the-impact-of-information-tools-from-simulation-to-stimulation\/"]}]},{"@type":"BreadcrumbList","@id":"https:\/\/vvp.avu.cz\/en\/peter-weibel-the-impact-of-information-tools-from-simulation-to-stimulation\/#breadcrumb","itemListElement":[{"@type":"ListItem","position":1,"name":"Dom\u016f","item":"https:\/\/vvp.avu.cz\/en\/"},{"@type":"ListItem","position":2,"name":"Peter Weibel &#8222;The Impact of Information Tools: From Simulation to Stimulation&#8220;"}]},{"@type":"WebSite","@id":"https:\/\/vvp.avu.cz\/en\/#website","url":"https:\/\/vvp.avu.cz\/en\/","name":"VVP AVU","description":"posilujeme v\u00fdzkum a v\u011bdu o um\u011bn\u00ed a otev\u00edr\u00e1me ji ve\u0159ejnosti","potentialAction":[{"@type":"SearchAction","target":{"@type":"EntryPoint","urlTemplate":"https:\/\/vvp.avu.cz\/en\/?s={search_term_string}"},"query-input":"required name=search_term_string"}],"inLanguage":"en-US"}]}},"_links":{"self":[{"href":"https:\/\/vvp.avu.cz\/en\/wp-json\/wp\/v2\/pages\/3531"}],"collection":[{"href":"https:\/\/vvp.avu.cz\/en\/wp-json\/wp\/v2\/pages"}],"about":[{"href":"https:\/\/vvp.avu.cz\/en\/wp-json\/wp\/v2\/types\/page"}],"author":[{"embeddable":true,"href":"https:\/\/vvp.avu.cz\/en\/wp-json\/wp\/v2\/users\/5"}],"replies":[{"embeddable":true,"href":"https:\/\/vvp.avu.cz\/en\/wp-json\/wp\/v2\/comments?post=3531"}],"version-history":[{"count":1,"href":"https:\/\/vvp.avu.cz\/en\/wp-json\/wp\/v2\/pages\/3531\/revisions"}],"predecessor-version":[{"id":3801,"href":"https:\/\/vvp.avu.cz\/en\/wp-json\/wp\/v2\/pages\/3531\/revisions\/3801"}],"wp:attachment":[{"href":"https:\/\/vvp.avu.cz\/en\/wp-json\/wp\/v2\/media?parent=3531"}],"curies":[{"name":"wp","href":"https:\/\/api.w.org\/{rel}","templated":true}]}}