{"id":3532,"date":"2014-11-20T10:14:50","date_gmt":"2014-11-20T09:14:50","guid":{"rendered":"https:\/\/vvp.avu.cz\/lecture-cycle-wednesdays-at-avu\/"},"modified":"2022-04-27T22:15:30","modified_gmt":"2022-04-27T21:15:30","slug":"lecture-cycle-wednesdays-at-avu","status":"publish","type":"page","link":"https:\/\/vvp.avu.cz\/en\/lecture-cycle-wednesdays-at-avu\/","title":{"rendered":"Wednesdays at AVU"},"content":{"rendered":"<p>Starting at 6pm in the AVU lecture theatre, 3rd floor, U Akademie 4, Prague 7<\/p>\n<p>These lecturers for the academic community and the general public examine current topics in fine art and architecture and monitor specific themes across cycles. Every year the finalists of the Jind\u0159ich Chalupeck\u00fd Award are presented.<\/p>\n<p><strong>2015 \/ Winter semester programme<\/strong> \/\u00a0FINALISTS OF THE JIND\u0158ICH CHALUPECK\u00dd AWARD: VOJT\u011aCH FR\u00d6HLICH, LUK\u00c1\u0160 KARBUS, BARBORA KLEINHAMPLOV\u00c1, PAVLA SCERANKOV\u00c1, PAVEL STEREC\u00a0\/ ZBYN\u011aK BALADR\u00c1N \u2013 TOM\u00c1\u0160 SVOBODA\u00a0\/\u00a0V\u00c1CLAV MAGID \/\u00a0IVA KNOBLOCH<\/p>\n<p><strong>2015 \/\u00a0Summer semester programme <\/strong>\/\u00a0TOM\u00c1\u0160 WINTER \/\u00a0MARTIN MAZANEC \/\u00a0KAREL C\u00cdSA\u0158 \/\u00a0OTTO URBAN<\/p>\n<p><strong>2014 \/\u00a0 Winter semester programme<\/strong> \/\u00a0 FINALISTS OF THE JIND\u0158ICH CHALUPECK\u00dd AWARD:\u00a0 MARTIN KOHOUT, RICHARD LOSKOT, LUCIA SCERANKOV\u00c1, ROMAN \u0160T\u011aTINA, TEREZA VEL\u00cdKOV\u00c1 \/ STANISLAV KOL\u00cdBAL \/ TOM\u00c1\u0160 POSPISZYL<\/p>\n<p><strong>2014 \/ Summer semester programme <\/strong>\/\u00a0Architecture and the different ways it is presented \/ Jan TABOR \/ Adam GEBRIAN \/ Martin \u0160KABRAHA \/ PRODUCTION VERSUS DOCUMENTATION: Petra Hlav\u00e1\u010dkov\u00e1 \/ Vendula Hn\u00eddkov\u00e1 \/ Rostislav Kory\u010d\u00e1nek \/ Dan Merta \/ Michal \u0160koda<\/p>\n<p><strong>2013 \/ Winter semester programme<\/strong> \/ WHEN REPETITION BECOMES FORM: Edith Je\u0159\u00e1bkov\u00e1, Barbora Kl\u00edmov\u00e1, Dominik Lang, Marek Pokorn\u00fd, Hana Rousov\u00e1 \/ FINALISTS OF THE JIND\u0158ICH CHALUPECK\u00dd AWARD: Daniela Bar\u00e1\u010dkov\u00e1, Ale\u0161 \u010cerm\u00e1k, Dominik Lang, V\u00e1clav Magid, Richard Nikl \/ Pavl\u00edna MORGANOV\u00c1 \/ Jan S\u00c1GL and Alica \u0160TEFAN\u010c\u00cdKOV\u00c1<\/p>\n<p><strong>2013 \/ Summer semester programme<\/strong> \/ Ludv\u00edk HLAV\u00c1\u010cEK \/ Milena SLAVICK\u00c1 \/ Vlasta \u010cIH\u00c1KOV\u00c1 NOSHIRO \/ Radek V\u00c1\u0147A \/ \u201cDO WE HAVE TO DO EVERYTHING FOR OURSELVES?\u201d Artists, curators and gallerists: A.M. 180 Collective, Rafani, Ren\u00e9 Rohan, Marie \u0160tindlov\u00e1, Lenka V\u00edtkov\u00e1<\/p>\n<p><strong>2012 \/ Winter semester programme<\/strong> \/ FINALISTS OF THE JIND\u0158ICH CHALUPECK\u00dd AWARD: Ad\u00e9la Babanov\u00e1, David B\u00f6hm \u2013 Ji\u0159\u00ed Franta, Vladim\u00edr Houdek, Richard Loskot, Ji\u0159\u00ed Th\u00fdn \/ Ludmila VACHTOV\u00c1 \/ Ji\u0159\u00ed VALOCH and Barbora KL\u00cdMOV\u00c1 \/ Zuzana BARTO\u0160OV\u00c1<\/p>\n<p><strong>2012 \/ Summer semester programme<\/strong> \/ Ji\u0159ina \u0160IKLOV\u00c1 \/ Jan Z\u00c1LE\u0160\u00c1K + host: Rafani \/Cyril \u0158\u00cdHA<\/p>\n<p><strong>2011 \/ Winter semester programme<\/strong> \/ FINALISTS OF THE JIND\u0158ICH CHALUPECK\u00dd AWARD: Filip Cenek, Dominik Lang, Pavel Sterec, Marek Ther, Ji\u0159\u00ed Th\u00fdn \/ Imro VA\u0160KO \/ Milena SLAVICK\u00c1 \/ V\u00e1clav B\u011aLOHRADSK\u00dd<\/p>\n<p><strong>2011 \/ Summer semester programme<\/strong> \/ Pavel VAN\u010c\u00c1T + guests: Alena Kotzmannov\u00e1, Martin Pol\u00e1k \u2013 Luk\u00e1\u0161 Jasansk\u00fd\/ Daniel GR\u00da\u0147 \/ Sylva POL\u00c1KOV\u00c1 \/ V\u00e1clav H\u00c1JEK<\/p>\n<p><strong>2010 \/ Winter semester programme<\/strong> \/ Karel C\u00cdSA\u0158 \/ FINALISTS OF THE JIND\u0158ICH CHALUPECK\u00dd AWARD: Vasil Artamonov \u2013 Alexey Klyuykov, V\u00e1clav Magid, Jakub Matu\u0161ka, Alice Nikitinov\u00e1, David B\u00f6hm \u2013 Ji\u0159\u00ed Franta \/ Karolina JIRKALOV\u00c1 \/ Zbyn\u011bk BALADR\u00c1N and V\u00edt HAVR\u00c1NEK<\/p>\n<p><strong>2010 \/ Summer semester programme<\/strong> \/ Henrieta MORAV\u010c\u00cdKOV\u00c1 \/ Zden\u011bk H\u00d6LZEL \/ Rostislav \u0160V\u00c1CHA \/ Osamu OKAMURA<\/p>\n<p><strong>2009 \/ Winter semester programme<\/strong> \/ FINALISTS OF THE JIND\u0158ICH CHALUPECK\u00dd AWARD: Tom\u00e1\u0161 D\u017eado\u0148, Ji\u0159\u00ed Franta \u2013 David B\u00f6hm, Petra Herotov\u00e1, Alena Kotzmannov\u00e1, Ji\u0159\u00ed Sk\u00e1la \/ Ivan VOSECK\u00dd \/ Ivan KAFKA<\/p>\n<p><strong>2009 \/ Summer semester programme<\/strong> \/ Jan \u0160ER\u00ddCH and Jan N\u00c1LEVKA \/ Mark\u00e9ta VA\u0147KOV\u00c1 + guests: Ond\u0159ej Brody, Ji\u0159\u00ed Sk\u00e1la, Ev\u017een \u0160imera, Viktor Fre\u0161o and Marek Ther<\/p>\n<p><strong>2008 \/ Winter semester programme<\/strong> \/ FINALISTS OF THE JIND\u0158ICH CHALUPECK\u00dd AWARD: Zbyn\u011bk Baladr\u00e1n, Ond\u0159ej Brody, Radim Labuda, Tom\u00e1\u0161 Moravec, Ji\u0159\u00ed Sk\u00e1la, Ev\u017een \u0160imera \/ Ji\u0159\u00ed SUR\u016eVKA<\/p>\n<p><strong>2008 \/ Summer semester programme<\/strong> \/ Denisa LEHOCK\u00c1 \u2013 Boris Ondrie\u010dka and V\u00edt Havr\u00e1nek \/ Lubom\u00edr TYPLT and WWW \/ Enrique JE\u017dIK \/ Erik OLOFSEN \/ Sl\u00e1va SOBOTOVI\u010cOV\u00c1 and Patricie FEXOV\u00c1 \/ Michal KOLE\u010cEK \/ J\u00falia V\u00c9CSEI \/ Du\u0161an BAROK<\/p>\n<p><strong>2007 \/ Winter semester programme<\/strong> \/ Mark\u00e9ta BA\u0147KOV\u00c1 \/ Milena DOPITOV\u00c1 \/ Kate\u0159ina VINCOUROV\u00c1 \/ Zbyn\u011bk BALADR\u00c1N \/ \u0160t\u011bp\u00e1nka \u0160IMLOV\u00c1<\/p>\n<p>&nbsp;<\/p>\n<p>From the winter semester 2007 onward, the AVU Research Centre began collaborating on organisation of the lecture cycle initiated by the digital laboratory of the Academy of Fine Arts in Prague, DigiLab, and by KOKO. The cycle is dedicated to the young generation of artists, who present their work to students and the general public. Since 2009 Czech Television has been streaming the lectures online via <a href=\"http:\/\/www.ct24.cz\">\u010cT24<\/a> and <a href=\"http:\/\/www.ceskatelevize.cz\/ivysilani\">iVys\u00edl\u00e1n\u00ed \u010cesk\u00e9 televize<\/a>; the lectures are also archived here (see the programmes of individual cycles).<\/p>\n","protected":false},"excerpt":{"rendered":"<p>Starting at 6pm in the AVU lecture theatre, 3rd floor, U Akademie 4, Prague 7 These lecturers for the academic community and the general public examine current topics in fine art and architecture and monitor specific themes across cycles. Every year the finalists of the Jind\u0159ich Chalupeck\u00fd Award are presented. 2015 \/ Winter semester programme [&hellip;]<\/p>\n","protected":false},"author":5,"featured_media":0,"parent":0,"menu_order":145,"comment_status":"closed","ping_status":"open","template":"","meta":{"inline_featured_image":false},"acf":[],"yoast_head":"<!-- This site is optimized with the Yoast SEO plugin v19.6.1 - https:\/\/yoast.com\/wordpress\/plugins\/seo\/ -->\n<title>Wednesdays at AVU - VVP AVU<\/title>\n<meta name=\"robots\" content=\"index, follow, max-snippet:-1, max-image-preview:large, max-video-preview:-1\" \/>\n<link rel=\"canonical\" href=\"https:\/\/vvp.avu.cz\/en\/lecture-cycle-wednesdays-at-avu\/\" \/>\n<meta property=\"og:locale\" content=\"en_US\" \/>\n<meta property=\"og:type\" content=\"article\" \/>\n<meta property=\"og:title\" content=\"Wednesdays at AVU - VVP AVU\" \/>\n<meta property=\"og:description\" content=\"Starting at 6pm in the AVU lecture theatre, 3rd floor, U Akademie 4, Prague 7 These lecturers for the academic community and the general public examine current topics in fine art and architecture and monitor specific themes across cycles. Every year the finalists of the Jind\u0159ich Chalupeck\u00fd Award are presented. 2015 \/ Winter semester programme [&hellip;]\" \/>\n<meta property=\"og:url\" content=\"https:\/\/vvp.avu.cz\/en\/lecture-cycle-wednesdays-at-avu\/\" \/>\n<meta property=\"og:site_name\" content=\"VVP AVU\" \/>\n<meta property=\"article:publisher\" content=\"https:\/\/www.facebook.com\/VVPAVU\/\" \/>\n<meta property=\"article:modified_time\" content=\"2022-04-27T21:15:30+00:00\" \/>\n<meta name=\"twitter:card\" content=\"summary_large_image\" \/>\n<meta name=\"twitter:label1\" content=\"Est. reading time\" \/>\n\t<meta name=\"twitter:data1\" content=\"3 minutes\" \/>\n<script type=\"application\/ld+json\" class=\"yoast-schema-graph\">{\"@context\":\"https:\/\/schema.org\",\"@graph\":[{\"@type\":\"WebPage\",\"@id\":\"https:\/\/vvp.avu.cz\/en\/lecture-cycle-wednesdays-at-avu\/\",\"url\":\"https:\/\/vvp.avu.cz\/en\/lecture-cycle-wednesdays-at-avu\/\",\"name\":\"Wednesdays at AVU - VVP AVU\",\"isPartOf\":{\"@id\":\"https:\/\/vvp.avu.cz\/en\/#website\"},\"datePublished\":\"2014-11-20T09:14:50+00:00\",\"dateModified\":\"2022-04-27T21:15:30+00:00\",\"breadcrumb\":{\"@id\":\"https:\/\/vvp.avu.cz\/en\/lecture-cycle-wednesdays-at-avu\/#breadcrumb\"},\"inLanguage\":\"en-US\",\"potentialAction\":[{\"@type\":\"ReadAction\",\"target\":[\"https:\/\/vvp.avu.cz\/en\/lecture-cycle-wednesdays-at-avu\/\"]}]},{\"@type\":\"BreadcrumbList\",\"@id\":\"https:\/\/vvp.avu.cz\/en\/lecture-cycle-wednesdays-at-avu\/#breadcrumb\",\"itemListElement\":[{\"@type\":\"ListItem\",\"position\":1,\"name\":\"Dom\u016f\",\"item\":\"https:\/\/vvp.avu.cz\/en\/\"},{\"@type\":\"ListItem\",\"position\":2,\"name\":\"Wednesdays at AVU\"}]},{\"@type\":\"WebSite\",\"@id\":\"https:\/\/vvp.avu.cz\/en\/#website\",\"url\":\"https:\/\/vvp.avu.cz\/en\/\",\"name\":\"VVP AVU\",\"description\":\"posilujeme v\u00fdzkum a v\u011bdu o um\u011bn\u00ed a otev\u00edr\u00e1me ji ve\u0159ejnosti\",\"potentialAction\":[{\"@type\":\"SearchAction\",\"target\":{\"@type\":\"EntryPoint\",\"urlTemplate\":\"https:\/\/vvp.avu.cz\/en\/?s={search_term_string}\"},\"query-input\":\"required name=search_term_string\"}],\"inLanguage\":\"en-US\"}]}<\/script>\n<!-- \/ Yoast SEO plugin. -->","yoast_head_json":{"title":"Wednesdays at AVU - VVP AVU","robots":{"index":"index","follow":"follow","max-snippet":"max-snippet:-1","max-image-preview":"max-image-preview:large","max-video-preview":"max-video-preview:-1"},"canonical":"https:\/\/vvp.avu.cz\/en\/lecture-cycle-wednesdays-at-avu\/","og_locale":"en_US","og_type":"article","og_title":"Wednesdays at AVU - VVP AVU","og_description":"Starting at 6pm in the AVU lecture theatre, 3rd floor, U Akademie 4, Prague 7 These lecturers for the academic community and the general public examine current topics in fine art and architecture and monitor specific themes across cycles. Every year the finalists of the Jind\u0159ich Chalupeck\u00fd Award are presented. 2015 \/ Winter semester programme [&hellip;]","og_url":"https:\/\/vvp.avu.cz\/en\/lecture-cycle-wednesdays-at-avu\/","og_site_name":"VVP AVU","article_publisher":"https:\/\/www.facebook.com\/VVPAVU\/","article_modified_time":"2022-04-27T21:15:30+00:00","twitter_card":"summary_large_image","twitter_misc":{"Est. reading time":"3 minutes"},"schema":{"@context":"https:\/\/schema.org","@graph":[{"@type":"WebPage","@id":"https:\/\/vvp.avu.cz\/en\/lecture-cycle-wednesdays-at-avu\/","url":"https:\/\/vvp.avu.cz\/en\/lecture-cycle-wednesdays-at-avu\/","name":"Wednesdays at AVU - VVP AVU","isPartOf":{"@id":"https:\/\/vvp.avu.cz\/en\/#website"},"datePublished":"2014-11-20T09:14:50+00:00","dateModified":"2022-04-27T21:15:30+00:00","breadcrumb":{"@id":"https:\/\/vvp.avu.cz\/en\/lecture-cycle-wednesdays-at-avu\/#breadcrumb"},"inLanguage":"en-US","potentialAction":[{"@type":"ReadAction","target":["https:\/\/vvp.avu.cz\/en\/lecture-cycle-wednesdays-at-avu\/"]}]},{"@type":"BreadcrumbList","@id":"https:\/\/vvp.avu.cz\/en\/lecture-cycle-wednesdays-at-avu\/#breadcrumb","itemListElement":[{"@type":"ListItem","position":1,"name":"Dom\u016f","item":"https:\/\/vvp.avu.cz\/en\/"},{"@type":"ListItem","position":2,"name":"Wednesdays at AVU"}]},{"@type":"WebSite","@id":"https:\/\/vvp.avu.cz\/en\/#website","url":"https:\/\/vvp.avu.cz\/en\/","name":"VVP AVU","description":"posilujeme v\u00fdzkum a v\u011bdu o um\u011bn\u00ed a otev\u00edr\u00e1me ji ve\u0159ejnosti","potentialAction":[{"@type":"SearchAction","target":{"@type":"EntryPoint","urlTemplate":"https:\/\/vvp.avu.cz\/en\/?s={search_term_string}"},"query-input":"required name=search_term_string"}],"inLanguage":"en-US"}]}},"_links":{"self":[{"href":"https:\/\/vvp.avu.cz\/en\/wp-json\/wp\/v2\/pages\/3532"}],"collection":[{"href":"https:\/\/vvp.avu.cz\/en\/wp-json\/wp\/v2\/pages"}],"about":[{"href":"https:\/\/vvp.avu.cz\/en\/wp-json\/wp\/v2\/types\/page"}],"author":[{"embeddable":true,"href":"https:\/\/vvp.avu.cz\/en\/wp-json\/wp\/v2\/users\/5"}],"replies":[{"embeddable":true,"href":"https:\/\/vvp.avu.cz\/en\/wp-json\/wp\/v2\/comments?post=3532"}],"version-history":[{"count":1,"href":"https:\/\/vvp.avu.cz\/en\/wp-json\/wp\/v2\/pages\/3532\/revisions"}],"predecessor-version":[{"id":3813,"href":"https:\/\/vvp.avu.cz\/en\/wp-json\/wp\/v2\/pages\/3532\/revisions\/3813"}],"wp:attachment":[{"href":"https:\/\/vvp.avu.cz\/en\/wp-json\/wp\/v2\/media?parent=3532"}],"curies":[{"name":"wp","href":"https:\/\/api.w.org\/{rel}","templated":true}]}}