{"id":3537,"date":"2014-11-06T15:34:04","date_gmt":"2014-11-06T14:34:04","guid":{"rendered":"https:\/\/vvp.avu.cz\/for-authors-2\/"},"modified":"2022-04-27T22:15:28","modified_gmt":"2022-04-27T21:15:28","slug":"for-authors","status":"publish","type":"page","link":"https:\/\/vvp.avu.cz\/en\/for-authors\/","title":{"rendered":"For Authors"},"content":{"rendered":"<p>Rules for using the Academic Research Centre video archive:<\/p>\n<ul>\n<li>we store every video on DVD and in a data warehouse<\/li>\n<li>no work may be copied, borrowed or taken away from the archive without the author\u2019s approval<\/li>\n<li>work is accepted in any format on any data-storage device \u2013 all materials will be archived<\/li>\n<li>work can be inspected in situ at the AVU Research Centre mediatheque by <a href=\"mailto:slava@avu.cz\">prior arrangement<\/a><\/li>\n<li>if there is interest shown in a specific work from the video archive (e.g. in screening outside the Research Centre, inclusion in an exhibition, etc.), the Research Centre may mediate contact with the author<\/li>\n<\/ul>\n<p><a href=\"https:\/\/vvp.avu.cz\/app\/uploads\/2014\/11\/CONSENT_smlouva.doc\">Contract for authors<\/a>\u00a0\u2013 download<\/p>\n","protected":false},"excerpt":{"rendered":"<p>Rules for using the Academic Research Centre video archive: we store every video on DVD and in a data warehouse no work may be copied, borrowed or taken away from the archive without the author\u2019s approval work is accepted in any format on any data-storage device \u2013 all materials will be archived work can be [&hellip;]<\/p>\n","protected":false},"author":5,"featured_media":0,"parent":0,"menu_order":50,"comment_status":"closed","ping_status":"open","template":"","meta":{"inline_featured_image":false},"acf":[],"yoast_head":"<!-- This site is optimized with the Yoast SEO plugin v19.6.1 - https:\/\/yoast.com\/wordpress\/plugins\/seo\/ -->\n<title>For Authors - VVP AVU<\/title>\n<meta name=\"robots\" content=\"index, follow, max-snippet:-1, max-image-preview:large, max-video-preview:-1\" \/>\n<link rel=\"canonical\" href=\"https:\/\/vvp.avu.cz\/en\/for-authors\/\" \/>\n<meta property=\"og:locale\" content=\"en_US\" \/>\n<meta property=\"og:type\" content=\"article\" \/>\n<meta property=\"og:title\" content=\"For Authors - VVP AVU\" \/>\n<meta property=\"og:description\" content=\"Rules for using the Academic Research Centre video archive: we store every video on DVD and in a data warehouse no work may be copied, borrowed or taken away from the archive without the author\u2019s approval work is accepted in any format on any data-storage device \u2013 all materials will be archived work can be [&hellip;]\" \/>\n<meta property=\"og:url\" content=\"https:\/\/vvp.avu.cz\/en\/for-authors\/\" \/>\n<meta property=\"og:site_name\" content=\"VVP AVU\" \/>\n<meta property=\"article:publisher\" content=\"https:\/\/www.facebook.com\/VVPAVU\/\" \/>\n<meta property=\"article:modified_time\" content=\"2022-04-27T21:15:28+00:00\" \/>\n<meta name=\"twitter:card\" content=\"summary_large_image\" \/>\n<meta name=\"twitter:label1\" content=\"Est. reading time\" \/>\n\t<meta name=\"twitter:data1\" content=\"1 minute\" \/>\n<script type=\"application\/ld+json\" class=\"yoast-schema-graph\">{\"@context\":\"https:\/\/schema.org\",\"@graph\":[{\"@type\":\"WebPage\",\"@id\":\"https:\/\/vvp.avu.cz\/en\/for-authors\/\",\"url\":\"https:\/\/vvp.avu.cz\/en\/for-authors\/\",\"name\":\"For Authors - VVP AVU\",\"isPartOf\":{\"@id\":\"https:\/\/vvp.avu.cz\/en\/#website\"},\"datePublished\":\"2014-11-06T14:34:04+00:00\",\"dateModified\":\"2022-04-27T21:15:28+00:00\",\"breadcrumb\":{\"@id\":\"https:\/\/vvp.avu.cz\/en\/for-authors\/#breadcrumb\"},\"inLanguage\":\"en-US\",\"potentialAction\":[{\"@type\":\"ReadAction\",\"target\":[\"https:\/\/vvp.avu.cz\/en\/for-authors\/\"]}]},{\"@type\":\"BreadcrumbList\",\"@id\":\"https:\/\/vvp.avu.cz\/en\/for-authors\/#breadcrumb\",\"itemListElement\":[{\"@type\":\"ListItem\",\"position\":1,\"name\":\"Dom\u016f\",\"item\":\"https:\/\/vvp.avu.cz\/en\/\"},{\"@type\":\"ListItem\",\"position\":2,\"name\":\"For Authors\"}]},{\"@type\":\"WebSite\",\"@id\":\"https:\/\/vvp.avu.cz\/en\/#website\",\"url\":\"https:\/\/vvp.avu.cz\/en\/\",\"name\":\"VVP AVU\",\"description\":\"posilujeme v\u00fdzkum a v\u011bdu o um\u011bn\u00ed a otev\u00edr\u00e1me ji ve\u0159ejnosti\",\"potentialAction\":[{\"@type\":\"SearchAction\",\"target\":{\"@type\":\"EntryPoint\",\"urlTemplate\":\"https:\/\/vvp.avu.cz\/en\/?s={search_term_string}\"},\"query-input\":\"required name=search_term_string\"}],\"inLanguage\":\"en-US\"}]}<\/script>\n<!-- \/ Yoast SEO plugin. -->","yoast_head_json":{"title":"For Authors - VVP AVU","robots":{"index":"index","follow":"follow","max-snippet":"max-snippet:-1","max-image-preview":"max-image-preview:large","max-video-preview":"max-video-preview:-1"},"canonical":"https:\/\/vvp.avu.cz\/en\/for-authors\/","og_locale":"en_US","og_type":"article","og_title":"For Authors - VVP AVU","og_description":"Rules for using the Academic Research Centre video archive: we store every video on DVD and in a data warehouse no work may be copied, borrowed or taken away from the archive without the author\u2019s approval work is accepted in any format on any data-storage device \u2013 all materials will be archived work can be [&hellip;]","og_url":"https:\/\/vvp.avu.cz\/en\/for-authors\/","og_site_name":"VVP AVU","article_publisher":"https:\/\/www.facebook.com\/VVPAVU\/","article_modified_time":"2022-04-27T21:15:28+00:00","twitter_card":"summary_large_image","twitter_misc":{"Est. reading time":"1 minute"},"schema":{"@context":"https:\/\/schema.org","@graph":[{"@type":"WebPage","@id":"https:\/\/vvp.avu.cz\/en\/for-authors\/","url":"https:\/\/vvp.avu.cz\/en\/for-authors\/","name":"For Authors - VVP AVU","isPartOf":{"@id":"https:\/\/vvp.avu.cz\/en\/#website"},"datePublished":"2014-11-06T14:34:04+00:00","dateModified":"2022-04-27T21:15:28+00:00","breadcrumb":{"@id":"https:\/\/vvp.avu.cz\/en\/for-authors\/#breadcrumb"},"inLanguage":"en-US","potentialAction":[{"@type":"ReadAction","target":["https:\/\/vvp.avu.cz\/en\/for-authors\/"]}]},{"@type":"BreadcrumbList","@id":"https:\/\/vvp.avu.cz\/en\/for-authors\/#breadcrumb","itemListElement":[{"@type":"ListItem","position":1,"name":"Dom\u016f","item":"https:\/\/vvp.avu.cz\/en\/"},{"@type":"ListItem","position":2,"name":"For Authors"}]},{"@type":"WebSite","@id":"https:\/\/vvp.avu.cz\/en\/#website","url":"https:\/\/vvp.avu.cz\/en\/","name":"VVP AVU","description":"posilujeme v\u00fdzkum a v\u011bdu o um\u011bn\u00ed a otev\u00edr\u00e1me ji ve\u0159ejnosti","potentialAction":[{"@type":"SearchAction","target":{"@type":"EntryPoint","urlTemplate":"https:\/\/vvp.avu.cz\/en\/?s={search_term_string}"},"query-input":"required name=search_term_string"}],"inLanguage":"en-US"}]}},"_links":{"self":[{"href":"https:\/\/vvp.avu.cz\/en\/wp-json\/wp\/v2\/pages\/3537"}],"collection":[{"href":"https:\/\/vvp.avu.cz\/en\/wp-json\/wp\/v2\/pages"}],"about":[{"href":"https:\/\/vvp.avu.cz\/en\/wp-json\/wp\/v2\/types\/page"}],"author":[{"embeddable":true,"href":"https:\/\/vvp.avu.cz\/en\/wp-json\/wp\/v2\/users\/5"}],"replies":[{"embeddable":true,"href":"https:\/\/vvp.avu.cz\/en\/wp-json\/wp\/v2\/comments?post=3537"}],"version-history":[{"count":1,"href":"https:\/\/vvp.avu.cz\/en\/wp-json\/wp\/v2\/pages\/3537\/revisions"}],"predecessor-version":[{"id":3787,"href":"https:\/\/vvp.avu.cz\/en\/wp-json\/wp\/v2\/pages\/3537\/revisions\/3787"}],"wp:attachment":[{"href":"https:\/\/vvp.avu.cz\/en\/wp-json\/wp\/v2\/media?parent=3537"}],"curies":[{"name":"wp","href":"https:\/\/api.w.org\/{rel}","templated":true}]}}