{"id":3542,"date":"2014-11-06T13:28:09","date_gmt":"2014-11-06T12:28:09","guid":{"rendered":"https:\/\/vvp.avu.cz\/about-the-video-archive\/"},"modified":"2023-07-13T10:13:32","modified_gmt":"2023-07-13T09:13:32","slug":"about-the-video-archive","status":"publish","type":"page","link":"https:\/\/vvp.avu.cz\/en\/about-the-video-archive\/","title":{"rendered":"About the video archive"},"content":{"rendered":"<p>The Academic Research Centre video archive, created in 2007, is the only systematic collection of Czech video art and video documentation. It takes in the period from the 1980s to the present day. It contents are regularly published on an online database.<\/p>\n<p>It is possible to study on the premises of the archive and mediatheque by prior arrangement.<\/p>\n<p>As well as using the archive\u2019s materials in its research, teaching and curatorial activities, the Academic Research Centre organises public screenings and in 2011 created the VIDA series, which releases thematic selections on DVD. Since 2012 the centre has been releasing selected video on the Arty\u010dok.tv internet TV station in the section Window onto the Video Archive.<\/p>\n<p>The centre collaborates with <a href=\"http:\/\/www.mediabaze.cz\">mediabaze.cz<\/a>, which is involved in research activities and the promotion and distribution of Czech audiovisual art.<\/p>\n","protected":false},"excerpt":{"rendered":"<p>The Academic Research Centre video archive, created in 2007, is the only systematic collection of Czech video art and video documentation. It takes in the period from the 1980s to the present day. It contents are regularly published on an online database. It is possible to study on the premises of the archive and mediatheque [&hellip;]<\/p>\n","protected":false},"author":5,"featured_media":0,"parent":0,"menu_order":31,"comment_status":"closed","ping_status":"open","template":"","meta":{"inline_featured_image":false},"acf":[],"yoast_head":"<!-- This site is optimized with the Yoast SEO plugin v19.6.1 - https:\/\/yoast.com\/wordpress\/plugins\/seo\/ -->\n<title>About the video archive - VVP AVU<\/title>\n<meta name=\"robots\" content=\"index, follow, max-snippet:-1, max-image-preview:large, max-video-preview:-1\" \/>\n<link rel=\"canonical\" href=\"https:\/\/vvp.avu.cz\/en\/about-the-video-archive\/\" \/>\n<meta property=\"og:locale\" content=\"en_US\" \/>\n<meta property=\"og:type\" content=\"article\" \/>\n<meta property=\"og:title\" content=\"About the video archive - VVP AVU\" \/>\n<meta property=\"og:description\" content=\"The Academic Research Centre video archive, created in 2007, is the only systematic collection of Czech video art and video documentation. It takes in the period from the 1980s to the present day. It contents are regularly published on an online database. It is possible to study on the premises of the archive and mediatheque [&hellip;]\" \/>\n<meta property=\"og:url\" content=\"https:\/\/vvp.avu.cz\/en\/about-the-video-archive\/\" \/>\n<meta property=\"og:site_name\" content=\"VVP AVU\" \/>\n<meta property=\"article:publisher\" content=\"https:\/\/www.facebook.com\/VVPAVU\/\" \/>\n<meta property=\"article:modified_time\" content=\"2023-07-13T09:13:32+00:00\" \/>\n<meta name=\"twitter:card\" content=\"summary_large_image\" \/>\n<meta name=\"twitter:label1\" content=\"Est. reading time\" \/>\n\t<meta name=\"twitter:data1\" content=\"1 minute\" \/>\n<script type=\"application\/ld+json\" class=\"yoast-schema-graph\">{\"@context\":\"https:\/\/schema.org\",\"@graph\":[{\"@type\":\"WebPage\",\"@id\":\"https:\/\/vvp.avu.cz\/en\/about-the-video-archive\/\",\"url\":\"https:\/\/vvp.avu.cz\/en\/about-the-video-archive\/\",\"name\":\"About the video archive - VVP AVU\",\"isPartOf\":{\"@id\":\"https:\/\/vvp.avu.cz\/en\/#website\"},\"datePublished\":\"2014-11-06T12:28:09+00:00\",\"dateModified\":\"2023-07-13T09:13:32+00:00\",\"breadcrumb\":{\"@id\":\"https:\/\/vvp.avu.cz\/en\/about-the-video-archive\/#breadcrumb\"},\"inLanguage\":\"en-US\",\"potentialAction\":[{\"@type\":\"ReadAction\",\"target\":[\"https:\/\/vvp.avu.cz\/en\/about-the-video-archive\/\"]}]},{\"@type\":\"BreadcrumbList\",\"@id\":\"https:\/\/vvp.avu.cz\/en\/about-the-video-archive\/#breadcrumb\",\"itemListElement\":[{\"@type\":\"ListItem\",\"position\":1,\"name\":\"Dom\u016f\",\"item\":\"https:\/\/vvp.avu.cz\/en\/\"},{\"@type\":\"ListItem\",\"position\":2,\"name\":\"About the video archive\"}]},{\"@type\":\"WebSite\",\"@id\":\"https:\/\/vvp.avu.cz\/en\/#website\",\"url\":\"https:\/\/vvp.avu.cz\/en\/\",\"name\":\"VVP AVU\",\"description\":\"posilujeme v\u00fdzkum a v\u011bdu o um\u011bn\u00ed a otev\u00edr\u00e1me ji ve\u0159ejnosti\",\"potentialAction\":[{\"@type\":\"SearchAction\",\"target\":{\"@type\":\"EntryPoint\",\"urlTemplate\":\"https:\/\/vvp.avu.cz\/en\/?s={search_term_string}\"},\"query-input\":\"required name=search_term_string\"}],\"inLanguage\":\"en-US\"}]}<\/script>\n<!-- \/ Yoast SEO plugin. -->","yoast_head_json":{"title":"About the video archive - VVP AVU","robots":{"index":"index","follow":"follow","max-snippet":"max-snippet:-1","max-image-preview":"max-image-preview:large","max-video-preview":"max-video-preview:-1"},"canonical":"https:\/\/vvp.avu.cz\/en\/about-the-video-archive\/","og_locale":"en_US","og_type":"article","og_title":"About the video archive - VVP AVU","og_description":"The Academic Research Centre video archive, created in 2007, is the only systematic collection of Czech video art and video documentation. It takes in the period from the 1980s to the present day. It contents are regularly published on an online database. It is possible to study on the premises of the archive and mediatheque [&hellip;]","og_url":"https:\/\/vvp.avu.cz\/en\/about-the-video-archive\/","og_site_name":"VVP AVU","article_publisher":"https:\/\/www.facebook.com\/VVPAVU\/","article_modified_time":"2023-07-13T09:13:32+00:00","twitter_card":"summary_large_image","twitter_misc":{"Est. reading time":"1 minute"},"schema":{"@context":"https:\/\/schema.org","@graph":[{"@type":"WebPage","@id":"https:\/\/vvp.avu.cz\/en\/about-the-video-archive\/","url":"https:\/\/vvp.avu.cz\/en\/about-the-video-archive\/","name":"About the video archive - VVP AVU","isPartOf":{"@id":"https:\/\/vvp.avu.cz\/en\/#website"},"datePublished":"2014-11-06T12:28:09+00:00","dateModified":"2023-07-13T09:13:32+00:00","breadcrumb":{"@id":"https:\/\/vvp.avu.cz\/en\/about-the-video-archive\/#breadcrumb"},"inLanguage":"en-US","potentialAction":[{"@type":"ReadAction","target":["https:\/\/vvp.avu.cz\/en\/about-the-video-archive\/"]}]},{"@type":"BreadcrumbList","@id":"https:\/\/vvp.avu.cz\/en\/about-the-video-archive\/#breadcrumb","itemListElement":[{"@type":"ListItem","position":1,"name":"Dom\u016f","item":"https:\/\/vvp.avu.cz\/en\/"},{"@type":"ListItem","position":2,"name":"About the video archive"}]},{"@type":"WebSite","@id":"https:\/\/vvp.avu.cz\/en\/#website","url":"https:\/\/vvp.avu.cz\/en\/","name":"VVP AVU","description":"posilujeme v\u00fdzkum a v\u011bdu o um\u011bn\u00ed a otev\u00edr\u00e1me ji ve\u0159ejnosti","potentialAction":[{"@type":"SearchAction","target":{"@type":"EntryPoint","urlTemplate":"https:\/\/vvp.avu.cz\/en\/?s={search_term_string}"},"query-input":"required name=search_term_string"}],"inLanguage":"en-US"}]}},"_links":{"self":[{"href":"https:\/\/vvp.avu.cz\/en\/wp-json\/wp\/v2\/pages\/3542"}],"collection":[{"href":"https:\/\/vvp.avu.cz\/en\/wp-json\/wp\/v2\/pages"}],"about":[{"href":"https:\/\/vvp.avu.cz\/en\/wp-json\/wp\/v2\/types\/page"}],"author":[{"embeddable":true,"href":"https:\/\/vvp.avu.cz\/en\/wp-json\/wp\/v2\/users\/5"}],"replies":[{"embeddable":true,"href":"https:\/\/vvp.avu.cz\/en\/wp-json\/wp\/v2\/comments?post=3542"}],"version-history":[{"count":1,"href":"https:\/\/vvp.avu.cz\/en\/wp-json\/wp\/v2\/pages\/3542\/revisions"}],"predecessor-version":[{"id":3775,"href":"https:\/\/vvp.avu.cz\/en\/wp-json\/wp\/v2\/pages\/3542\/revisions\/3775"}],"wp:attachment":[{"href":"https:\/\/vvp.avu.cz\/en\/wp-json\/wp\/v2\/media?parent=3542"}],"curies":[{"name":"wp","href":"https:\/\/api.w.org\/{rel}","templated":true}]}}