{"id":3545,"date":"2014-11-03T13:16:22","date_gmt":"2014-11-03T12:16:22","guid":{"rendered":"https:\/\/vvp.avu.cz\/contacts\/"},"modified":"2022-04-27T22:15:28","modified_gmt":"2022-04-27T21:15:28","slug":"contacts","status":"publish","type":"page","link":"https:\/\/vvp.avu.cz\/en\/contacts\/","title":{"rendered":"Contacts"},"content":{"rendered":"<p>AVU Academic Research Centre \u2013 VVP AVU<\/p>\n<p>School of Architecture<br \/>\nU Akademie 4<br \/>\n170 22 Prague 7<\/p>\n<p>tel.: (+420) 220 408 205<br \/>\ne-mail: <a href=\"mailto:vvp@avu.cz\">vvp@avu.cz<\/a><br \/>\n<a href=\"https:\/\/vvp.avu.cz\">https:\/\/vvp.avu.cz<\/a><\/p>\n<h3>Director:<\/h3>\n<p>Pavl\u00edna Morganov\u00e1<\/p>\n","protected":false},"excerpt":{"rendered":"<p>AVU Academic Research Centre \u2013 VVP AVU School of Architecture U Akademie 4 170 22 Prague 7 tel.: (+420) 220 408 205 e-mail: vvp@avu.cz https:\/\/vvp.avu.cz Director: Pavl\u00edna Morganov\u00e1<\/p>\n","protected":false},"author":5,"featured_media":0,"parent":0,"menu_order":45,"comment_status":"closed","ping_status":"open","template":"","meta":{"inline_featured_image":false},"acf":[],"yoast_head":"<!-- This site is optimized with the Yoast SEO plugin v19.6.1 - https:\/\/yoast.com\/wordpress\/plugins\/seo\/ -->\n<title>Contacts - VVP AVU<\/title>\n<meta name=\"robots\" content=\"index, follow, max-snippet:-1, max-image-preview:large, max-video-preview:-1\" \/>\n<link rel=\"canonical\" href=\"https:\/\/vvp.avu.cz\/en\/contacts\/\" \/>\n<meta property=\"og:locale\" content=\"en_US\" \/>\n<meta property=\"og:type\" content=\"article\" \/>\n<meta property=\"og:title\" content=\"Contacts - VVP AVU\" \/>\n<meta property=\"og:description\" content=\"AVU Academic Research Centre \u2013 VVP AVU School of Architecture U Akademie 4 170 22 Prague 7 tel.: (+420) 220 408 205 e-mail: vvp@avu.cz https:\/\/vvp.avu.cz Director: Pavl\u00edna Morganov\u00e1\" \/>\n<meta property=\"og:url\" content=\"https:\/\/vvp.avu.cz\/en\/contacts\/\" \/>\n<meta property=\"og:site_name\" content=\"VVP AVU\" \/>\n<meta property=\"article:publisher\" content=\"https:\/\/www.facebook.com\/VVPAVU\/\" \/>\n<meta property=\"article:modified_time\" content=\"2022-04-27T21:15:28+00:00\" \/>\n<meta name=\"twitter:card\" content=\"summary_large_image\" \/>\n<script type=\"application\/ld+json\" class=\"yoast-schema-graph\">{\"@context\":\"https:\/\/schema.org\",\"@graph\":[{\"@type\":\"WebPage\",\"@id\":\"https:\/\/vvp.avu.cz\/en\/contacts\/\",\"url\":\"https:\/\/vvp.avu.cz\/en\/contacts\/\",\"name\":\"Contacts - VVP AVU\",\"isPartOf\":{\"@id\":\"https:\/\/vvp.avu.cz\/en\/#website\"},\"datePublished\":\"2014-11-03T12:16:22+00:00\",\"dateModified\":\"2022-04-27T21:15:28+00:00\",\"breadcrumb\":{\"@id\":\"https:\/\/vvp.avu.cz\/en\/contacts\/#breadcrumb\"},\"inLanguage\":\"en-US\",\"potentialAction\":[{\"@type\":\"ReadAction\",\"target\":[\"https:\/\/vvp.avu.cz\/en\/contacts\/\"]}]},{\"@type\":\"BreadcrumbList\",\"@id\":\"https:\/\/vvp.avu.cz\/en\/contacts\/#breadcrumb\",\"itemListElement\":[{\"@type\":\"ListItem\",\"position\":1,\"name\":\"Dom\u016f\",\"item\":\"https:\/\/vvp.avu.cz\/en\/\"},{\"@type\":\"ListItem\",\"position\":2,\"name\":\"Contacts\"}]},{\"@type\":\"WebSite\",\"@id\":\"https:\/\/vvp.avu.cz\/en\/#website\",\"url\":\"https:\/\/vvp.avu.cz\/en\/\",\"name\":\"VVP AVU\",\"description\":\"posilujeme v\u00fdzkum a v\u011bdu o um\u011bn\u00ed a otev\u00edr\u00e1me ji ve\u0159ejnosti\",\"potentialAction\":[{\"@type\":\"SearchAction\",\"target\":{\"@type\":\"EntryPoint\",\"urlTemplate\":\"https:\/\/vvp.avu.cz\/en\/?s={search_term_string}\"},\"query-input\":\"required name=search_term_string\"}],\"inLanguage\":\"en-US\"}]}<\/script>\n<!-- \/ Yoast SEO plugin. -->","yoast_head_json":{"title":"Contacts - VVP AVU","robots":{"index":"index","follow":"follow","max-snippet":"max-snippet:-1","max-image-preview":"max-image-preview:large","max-video-preview":"max-video-preview:-1"},"canonical":"https:\/\/vvp.avu.cz\/en\/contacts\/","og_locale":"en_US","og_type":"article","og_title":"Contacts - VVP AVU","og_description":"AVU Academic Research Centre \u2013 VVP AVU School of Architecture U Akademie 4 170 22 Prague 7 tel.: (+420) 220 408 205 e-mail: vvp@avu.cz https:\/\/vvp.avu.cz Director: Pavl\u00edna Morganov\u00e1","og_url":"https:\/\/vvp.avu.cz\/en\/contacts\/","og_site_name":"VVP AVU","article_publisher":"https:\/\/www.facebook.com\/VVPAVU\/","article_modified_time":"2022-04-27T21:15:28+00:00","twitter_card":"summary_large_image","schema":{"@context":"https:\/\/schema.org","@graph":[{"@type":"WebPage","@id":"https:\/\/vvp.avu.cz\/en\/contacts\/","url":"https:\/\/vvp.avu.cz\/en\/contacts\/","name":"Contacts - VVP AVU","isPartOf":{"@id":"https:\/\/vvp.avu.cz\/en\/#website"},"datePublished":"2014-11-03T12:16:22+00:00","dateModified":"2022-04-27T21:15:28+00:00","breadcrumb":{"@id":"https:\/\/vvp.avu.cz\/en\/contacts\/#breadcrumb"},"inLanguage":"en-US","potentialAction":[{"@type":"ReadAction","target":["https:\/\/vvp.avu.cz\/en\/contacts\/"]}]},{"@type":"BreadcrumbList","@id":"https:\/\/vvp.avu.cz\/en\/contacts\/#breadcrumb","itemListElement":[{"@type":"ListItem","position":1,"name":"Dom\u016f","item":"https:\/\/vvp.avu.cz\/en\/"},{"@type":"ListItem","position":2,"name":"Contacts"}]},{"@type":"WebSite","@id":"https:\/\/vvp.avu.cz\/en\/#website","url":"https:\/\/vvp.avu.cz\/en\/","name":"VVP AVU","description":"posilujeme v\u00fdzkum a v\u011bdu o um\u011bn\u00ed a otev\u00edr\u00e1me ji ve\u0159ejnosti","potentialAction":[{"@type":"SearchAction","target":{"@type":"EntryPoint","urlTemplate":"https:\/\/vvp.avu.cz\/en\/?s={search_term_string}"},"query-input":"required name=search_term_string"}],"inLanguage":"en-US"}]}},"_links":{"self":[{"href":"https:\/\/vvp.avu.cz\/en\/wp-json\/wp\/v2\/pages\/3545"}],"collection":[{"href":"https:\/\/vvp.avu.cz\/en\/wp-json\/wp\/v2\/pages"}],"about":[{"href":"https:\/\/vvp.avu.cz\/en\/wp-json\/wp\/v2\/types\/page"}],"author":[{"embeddable":true,"href":"https:\/\/vvp.avu.cz\/en\/wp-json\/wp\/v2\/users\/5"}],"replies":[{"embeddable":true,"href":"https:\/\/vvp.avu.cz\/en\/wp-json\/wp\/v2\/comments?post=3545"}],"version-history":[{"count":1,"href":"https:\/\/vvp.avu.cz\/en\/wp-json\/wp\/v2\/pages\/3545\/revisions"}],"predecessor-version":[{"id":3783,"href":"https:\/\/vvp.avu.cz\/en\/wp-json\/wp\/v2\/pages\/3545\/revisions\/3783"}],"wp:attachment":[{"href":"https:\/\/vvp.avu.cz\/en\/wp-json\/wp\/v2\/media?parent=3545"}],"curies":[{"name":"wp","href":"https:\/\/api.w.org\/{rel}","templated":true}]}}