{"id":3548,"date":"2014-11-03T13:06:54","date_gmt":"2014-11-03T12:06:54","guid":{"rendered":"https:\/\/vvp.avu.cz\/avu-academic-research-centre\/"},"modified":"2022-04-27T22:15:28","modified_gmt":"2022-04-27T21:15:28","slug":"avu-academic-research-centre","status":"publish","type":"page","link":"https:\/\/vvp.avu.cz\/en\/avu-academic-research-centre\/","title":{"rendered":"AVU Academic Research Centre"},"content":{"rendered":"<p>The Academic Research Centre of the Academy of Fine Arts (VVP AVU) is an institute for basic research that processes source documentation and critically evaluates and reinterprets Czech fine art from 1945 to the present day. It focuses on art history, theory and their interdisciplinary overlaps.<\/p>\n<p>It is the first academic research centre of its kind established at university level in the Czech Republic. It operates in tandem with the Institute of Art History of the Academy of Sciences of the CR, the art history departments of Czech universities, and other public and private universities, museums, galleries and exhibition initiatives.<\/p>\n<p>The Academic Research Centre was established in 1997 under the leadership of Ji\u0159\u00ed \u0160ev\u010d\u00edk with support from the Ministry of Education, Youth and Sports in order to promote research activities in tertiary institutions.<\/p>\n<p>The centre aims to promote an awareness of the development of fine art in this country and to place this within a broader international context.<\/p>\n<p>Students may study in the centre\u2019s archive and library by arrangement.<\/p>\n","protected":false},"excerpt":{"rendered":"<p>The Academic Research Centre of the Academy of Fine Arts (VVP AVU) is an institute for basic research that processes source documentation and critically evaluates and reinterprets Czech fine art from 1945 to the present day. It focuses on art history, theory and their interdisciplinary overlaps. It is the first academic research centre of its [&hellip;]<\/p>\n","protected":false},"author":5,"featured_media":0,"parent":0,"menu_order":39,"comment_status":"closed","ping_status":"open","template":"","meta":{"inline_featured_image":false},"acf":[],"yoast_head":"<!-- This site is optimized with the Yoast SEO plugin v19.6.1 - https:\/\/yoast.com\/wordpress\/plugins\/seo\/ -->\n<title>AVU Academic Research Centre - VVP AVU<\/title>\n<meta name=\"robots\" content=\"index, follow, max-snippet:-1, max-image-preview:large, max-video-preview:-1\" \/>\n<link rel=\"canonical\" href=\"https:\/\/vvp.avu.cz\/en\/avu-academic-research-centre\/\" \/>\n<meta property=\"og:locale\" content=\"en_US\" \/>\n<meta property=\"og:type\" content=\"article\" \/>\n<meta property=\"og:title\" content=\"AVU Academic Research Centre - VVP AVU\" \/>\n<meta property=\"og:description\" content=\"The Academic Research Centre of the Academy of Fine Arts (VVP AVU) is an institute for basic research that processes source documentation and critically evaluates and reinterprets Czech fine art from 1945 to the present day. It focuses on art history, theory and their interdisciplinary overlaps. It is the first academic research centre of its [&hellip;]\" \/>\n<meta property=\"og:url\" content=\"https:\/\/vvp.avu.cz\/en\/avu-academic-research-centre\/\" \/>\n<meta property=\"og:site_name\" content=\"VVP AVU\" \/>\n<meta property=\"article:publisher\" content=\"https:\/\/www.facebook.com\/VVPAVU\/\" \/>\n<meta property=\"article:modified_time\" content=\"2022-04-27T21:15:28+00:00\" \/>\n<meta name=\"twitter:card\" content=\"summary_large_image\" \/>\n<meta name=\"twitter:label1\" content=\"Est. reading time\" \/>\n\t<meta name=\"twitter:data1\" content=\"1 minute\" \/>\n<script type=\"application\/ld+json\" class=\"yoast-schema-graph\">{\"@context\":\"https:\/\/schema.org\",\"@graph\":[{\"@type\":\"WebPage\",\"@id\":\"https:\/\/vvp.avu.cz\/en\/avu-academic-research-centre\/\",\"url\":\"https:\/\/vvp.avu.cz\/en\/avu-academic-research-centre\/\",\"name\":\"AVU Academic Research Centre - VVP AVU\",\"isPartOf\":{\"@id\":\"https:\/\/vvp.avu.cz\/en\/#website\"},\"datePublished\":\"2014-11-03T12:06:54+00:00\",\"dateModified\":\"2022-04-27T21:15:28+00:00\",\"breadcrumb\":{\"@id\":\"https:\/\/vvp.avu.cz\/en\/avu-academic-research-centre\/#breadcrumb\"},\"inLanguage\":\"en-US\",\"potentialAction\":[{\"@type\":\"ReadAction\",\"target\":[\"https:\/\/vvp.avu.cz\/en\/avu-academic-research-centre\/\"]}]},{\"@type\":\"BreadcrumbList\",\"@id\":\"https:\/\/vvp.avu.cz\/en\/avu-academic-research-centre\/#breadcrumb\",\"itemListElement\":[{\"@type\":\"ListItem\",\"position\":1,\"name\":\"Dom\u016f\",\"item\":\"https:\/\/vvp.avu.cz\/en\/\"},{\"@type\":\"ListItem\",\"position\":2,\"name\":\"AVU Academic Research Centre\"}]},{\"@type\":\"WebSite\",\"@id\":\"https:\/\/vvp.avu.cz\/en\/#website\",\"url\":\"https:\/\/vvp.avu.cz\/en\/\",\"name\":\"VVP AVU\",\"description\":\"posilujeme v\u00fdzkum a v\u011bdu o um\u011bn\u00ed a otev\u00edr\u00e1me ji ve\u0159ejnosti\",\"potentialAction\":[{\"@type\":\"SearchAction\",\"target\":{\"@type\":\"EntryPoint\",\"urlTemplate\":\"https:\/\/vvp.avu.cz\/en\/?s={search_term_string}\"},\"query-input\":\"required name=search_term_string\"}],\"inLanguage\":\"en-US\"}]}<\/script>\n<!-- \/ Yoast SEO plugin. -->","yoast_head_json":{"title":"AVU Academic Research Centre - VVP AVU","robots":{"index":"index","follow":"follow","max-snippet":"max-snippet:-1","max-image-preview":"max-image-preview:large","max-video-preview":"max-video-preview:-1"},"canonical":"https:\/\/vvp.avu.cz\/en\/avu-academic-research-centre\/","og_locale":"en_US","og_type":"article","og_title":"AVU Academic Research Centre - VVP AVU","og_description":"The Academic Research Centre of the Academy of Fine Arts (VVP AVU) is an institute for basic research that processes source documentation and critically evaluates and reinterprets Czech fine art from 1945 to the present day. It focuses on art history, theory and their interdisciplinary overlaps. It is the first academic research centre of its [&hellip;]","og_url":"https:\/\/vvp.avu.cz\/en\/avu-academic-research-centre\/","og_site_name":"VVP AVU","article_publisher":"https:\/\/www.facebook.com\/VVPAVU\/","article_modified_time":"2022-04-27T21:15:28+00:00","twitter_card":"summary_large_image","twitter_misc":{"Est. reading time":"1 minute"},"schema":{"@context":"https:\/\/schema.org","@graph":[{"@type":"WebPage","@id":"https:\/\/vvp.avu.cz\/en\/avu-academic-research-centre\/","url":"https:\/\/vvp.avu.cz\/en\/avu-academic-research-centre\/","name":"AVU Academic Research Centre - VVP AVU","isPartOf":{"@id":"https:\/\/vvp.avu.cz\/en\/#website"},"datePublished":"2014-11-03T12:06:54+00:00","dateModified":"2022-04-27T21:15:28+00:00","breadcrumb":{"@id":"https:\/\/vvp.avu.cz\/en\/avu-academic-research-centre\/#breadcrumb"},"inLanguage":"en-US","potentialAction":[{"@type":"ReadAction","target":["https:\/\/vvp.avu.cz\/en\/avu-academic-research-centre\/"]}]},{"@type":"BreadcrumbList","@id":"https:\/\/vvp.avu.cz\/en\/avu-academic-research-centre\/#breadcrumb","itemListElement":[{"@type":"ListItem","position":1,"name":"Dom\u016f","item":"https:\/\/vvp.avu.cz\/en\/"},{"@type":"ListItem","position":2,"name":"AVU Academic Research Centre"}]},{"@type":"WebSite","@id":"https:\/\/vvp.avu.cz\/en\/#website","url":"https:\/\/vvp.avu.cz\/en\/","name":"VVP AVU","description":"posilujeme v\u00fdzkum a v\u011bdu o um\u011bn\u00ed a otev\u00edr\u00e1me ji ve\u0159ejnosti","potentialAction":[{"@type":"SearchAction","target":{"@type":"EntryPoint","urlTemplate":"https:\/\/vvp.avu.cz\/en\/?s={search_term_string}"},"query-input":"required name=search_term_string"}],"inLanguage":"en-US"}]}},"_links":{"self":[{"href":"https:\/\/vvp.avu.cz\/en\/wp-json\/wp\/v2\/pages\/3548"}],"collection":[{"href":"https:\/\/vvp.avu.cz\/en\/wp-json\/wp\/v2\/pages"}],"about":[{"href":"https:\/\/vvp.avu.cz\/en\/wp-json\/wp\/v2\/types\/page"}],"author":[{"embeddable":true,"href":"https:\/\/vvp.avu.cz\/en\/wp-json\/wp\/v2\/users\/5"}],"replies":[{"embeddable":true,"href":"https:\/\/vvp.avu.cz\/en\/wp-json\/wp\/v2\/comments?post=3548"}],"version-history":[{"count":1,"href":"https:\/\/vvp.avu.cz\/en\/wp-json\/wp\/v2\/pages\/3548\/revisions"}],"predecessor-version":[{"id":3779,"href":"https:\/\/vvp.avu.cz\/en\/wp-json\/wp\/v2\/pages\/3548\/revisions\/3779"}],"wp:attachment":[{"href":"https:\/\/vvp.avu.cz\/en\/wp-json\/wp\/v2\/media?parent=3548"}],"curies":[{"name":"wp","href":"https:\/\/api.w.org\/{rel}","templated":true}]}}