{"id":3550,"date":"2014-11-03T09:01:48","date_gmt":"2014-11-03T08:01:48","guid":{"rendered":"https:\/\/vvp.avu.cz\/notebook\/"},"modified":"2022-04-27T22:15:29","modified_gmt":"2022-04-27T21:15:29","slug":"notebook","status":"publish","type":"page","link":"https:\/\/vvp.avu.cz\/en\/notebook\/","title":{"rendered":"Notebook"},"content":{"rendered":"<p>The Notebook for Art, Theory and Related Zones is a peer-review periodical focusing on contemporary visual arts within a broader cultural and theoretical context. The Notebook\u2019s aim is to cultivate Czech reflections on art by printing texts written by specialists in the area of the humanities and social sciences that thematize the current situation in art and contemporary culture in the Czech Republic and abroad. The Notebook is not in principle methodologically defined; the decisive criteria are quality, level of stimulation, and relevance for reflections upon contemporary visual art.<\/p>\n<p>The magazine comes out twice a year (June and December) and features specialised studies and reviews. From 2010 to 2013 it was listed in the list of peer-reviewed non-impact periodicals published in the Czech Republic. The original articles offered to the editors for publication have since 2009 undergone regular review.<\/p>\n<p>It is listed with the State Technical Library and in the records of the Ministry of Culture. Currently it is published by the AVU Research Centre as part of a research project of the Czech Ministry of Culture. Notebook is listed in ERIH Plus database since 2015.<\/p>\n<p>ISSN: 1802-8918<br \/>\nMK \u010cR E 17945<\/p>\n<h3><\/h3>\n<h3><a title=\"Notebook for Art, Theory and Related Zones 28\" href=\"https:\/\/vvp.avu.cz\/en\/notebook\/current-issue-2\/\"><span lang=\"cs\">Current Issue:\u00a02021 \/ Notebook for Art, Theory and Related Zones 31<\/span><\/a><\/h3>\n<p><a href=\"https:\/\/vvp.avu.cz\/app\/uploads\/2014\/08\/Obalka_sken.jpg\"><img loading=\"lazy\" class=\"alignleft wp-image-2862 size-medium\" src=\"https:\/\/vvp.avu.cz\/app\/uploads\/2014\/08\/Obalka_sken-300x431.jpg\" alt=\"\" width=\"300\" height=\"431\" \/><\/a><\/p>\n<h3><\/h3>\n<h3><\/h3>\n","protected":false},"excerpt":{"rendered":"<p>The Notebook for Art, Theory and Related Zones is a peer-review periodical focusing on contemporary visual arts within a broader cultural and theoretical context. The Notebook\u2019s aim is to cultivate Czech reflections on art by printing texts written by specialists in the area of the humanities and social sciences that thematize the current situation in [&hellip;]<\/p>\n","protected":false},"author":5,"featured_media":3383,"parent":0,"menu_order":60,"comment_status":"closed","ping_status":"open","template":"","meta":{"inline_featured_image":false},"acf":[],"yoast_head":"<!-- This site is optimized with the Yoast SEO plugin v19.6.1 - https:\/\/yoast.com\/wordpress\/plugins\/seo\/ -->\n<title>Notebook - VVP AVU<\/title>\n<meta name=\"robots\" content=\"index, follow, max-snippet:-1, max-image-preview:large, max-video-preview:-1\" \/>\n<link rel=\"canonical\" href=\"https:\/\/vvp.avu.cz\/en\/notebook\/\" \/>\n<meta property=\"og:locale\" content=\"en_US\" \/>\n<meta property=\"og:type\" content=\"article\" \/>\n<meta property=\"og:title\" content=\"Notebook - VVP AVU\" \/>\n<meta property=\"og:description\" content=\"The Notebook for Art, Theory and Related Zones is a peer-review periodical focusing on contemporary visual arts within a broader cultural and theoretical context. The Notebook\u2019s aim is to cultivate Czech reflections on art by printing texts written by specialists in the area of the humanities and social sciences that thematize the current situation in [&hellip;]\" \/>\n<meta property=\"og:url\" content=\"https:\/\/vvp.avu.cz\/en\/notebook\/\" \/>\n<meta property=\"og:site_name\" content=\"VVP AVU\" \/>\n<meta property=\"article:publisher\" content=\"https:\/\/www.facebook.com\/VVPAVU\/\" \/>\n<meta property=\"article:modified_time\" content=\"2022-04-27T21:15:29+00:00\" \/>\n<meta property=\"og:image\" content=\"https:\/\/vvp.avu.cz\/app\/uploads\/2014\/08\/Obalka_sken.jpg\" \/>\n\t<meta property=\"og:image:width\" content=\"1141\" \/>\n\t<meta property=\"og:image:height\" content=\"1638\" \/>\n\t<meta property=\"og:image:type\" content=\"image\/jpeg\" \/>\n<meta name=\"twitter:card\" content=\"summary_large_image\" \/>\n<meta name=\"twitter:label1\" content=\"Est. reading time\" \/>\n\t<meta name=\"twitter:data1\" content=\"1 minute\" \/>\n<script type=\"application\/ld+json\" class=\"yoast-schema-graph\">{\"@context\":\"https:\/\/schema.org\",\"@graph\":[{\"@type\":\"WebPage\",\"@id\":\"https:\/\/vvp.avu.cz\/en\/notebook\/\",\"url\":\"https:\/\/vvp.avu.cz\/en\/notebook\/\",\"name\":\"Notebook - VVP AVU\",\"isPartOf\":{\"@id\":\"https:\/\/vvp.avu.cz\/en\/#website\"},\"datePublished\":\"2014-11-03T08:01:48+00:00\",\"dateModified\":\"2022-04-27T21:15:29+00:00\",\"breadcrumb\":{\"@id\":\"https:\/\/vvp.avu.cz\/en\/notebook\/#breadcrumb\"},\"inLanguage\":\"en-US\",\"potentialAction\":[{\"@type\":\"ReadAction\",\"target\":[\"https:\/\/vvp.avu.cz\/en\/notebook\/\"]}]},{\"@type\":\"BreadcrumbList\",\"@id\":\"https:\/\/vvp.avu.cz\/en\/notebook\/#breadcrumb\",\"itemListElement\":[{\"@type\":\"ListItem\",\"position\":1,\"name\":\"Dom\u016f\",\"item\":\"https:\/\/vvp.avu.cz\/en\/\"},{\"@type\":\"ListItem\",\"position\":2,\"name\":\"Notebook\"}]},{\"@type\":\"WebSite\",\"@id\":\"https:\/\/vvp.avu.cz\/en\/#website\",\"url\":\"https:\/\/vvp.avu.cz\/en\/\",\"name\":\"VVP AVU\",\"description\":\"posilujeme v\u00fdzkum a v\u011bdu o um\u011bn\u00ed a otev\u00edr\u00e1me ji ve\u0159ejnosti\",\"potentialAction\":[{\"@type\":\"SearchAction\",\"target\":{\"@type\":\"EntryPoint\",\"urlTemplate\":\"https:\/\/vvp.avu.cz\/en\/?s={search_term_string}\"},\"query-input\":\"required name=search_term_string\"}],\"inLanguage\":\"en-US\"}]}<\/script>\n<!-- \/ Yoast SEO plugin. -->","yoast_head_json":{"title":"Notebook - VVP AVU","robots":{"index":"index","follow":"follow","max-snippet":"max-snippet:-1","max-image-preview":"max-image-preview:large","max-video-preview":"max-video-preview:-1"},"canonical":"https:\/\/vvp.avu.cz\/en\/notebook\/","og_locale":"en_US","og_type":"article","og_title":"Notebook - VVP AVU","og_description":"The Notebook for Art, Theory and Related Zones is a peer-review periodical focusing on contemporary visual arts within a broader cultural and theoretical context. The Notebook\u2019s aim is to cultivate Czech reflections on art by printing texts written by specialists in the area of the humanities and social sciences that thematize the current situation in [&hellip;]","og_url":"https:\/\/vvp.avu.cz\/en\/notebook\/","og_site_name":"VVP AVU","article_publisher":"https:\/\/www.facebook.com\/VVPAVU\/","article_modified_time":"2022-04-27T21:15:29+00:00","og_image":[{"width":1141,"height":1638,"url":"https:\/\/vvp.avu.cz\/app\/uploads\/2014\/08\/Obalka_sken.jpg","type":"image\/jpeg"}],"twitter_card":"summary_large_image","twitter_misc":{"Est. reading time":"1 minute"},"schema":{"@context":"https:\/\/schema.org","@graph":[{"@type":"WebPage","@id":"https:\/\/vvp.avu.cz\/en\/notebook\/","url":"https:\/\/vvp.avu.cz\/en\/notebook\/","name":"Notebook - VVP AVU","isPartOf":{"@id":"https:\/\/vvp.avu.cz\/en\/#website"},"datePublished":"2014-11-03T08:01:48+00:00","dateModified":"2022-04-27T21:15:29+00:00","breadcrumb":{"@id":"https:\/\/vvp.avu.cz\/en\/notebook\/#breadcrumb"},"inLanguage":"en-US","potentialAction":[{"@type":"ReadAction","target":["https:\/\/vvp.avu.cz\/en\/notebook\/"]}]},{"@type":"BreadcrumbList","@id":"https:\/\/vvp.avu.cz\/en\/notebook\/#breadcrumb","itemListElement":[{"@type":"ListItem","position":1,"name":"Dom\u016f","item":"https:\/\/vvp.avu.cz\/en\/"},{"@type":"ListItem","position":2,"name":"Notebook"}]},{"@type":"WebSite","@id":"https:\/\/vvp.avu.cz\/en\/#website","url":"https:\/\/vvp.avu.cz\/en\/","name":"VVP AVU","description":"posilujeme v\u00fdzkum a v\u011bdu o um\u011bn\u00ed a otev\u00edr\u00e1me ji ve\u0159ejnosti","potentialAction":[{"@type":"SearchAction","target":{"@type":"EntryPoint","urlTemplate":"https:\/\/vvp.avu.cz\/en\/?s={search_term_string}"},"query-input":"required name=search_term_string"}],"inLanguage":"en-US"}]}},"_links":{"self":[{"href":"https:\/\/vvp.avu.cz\/en\/wp-json\/wp\/v2\/pages\/3550"}],"collection":[{"href":"https:\/\/vvp.avu.cz\/en\/wp-json\/wp\/v2\/pages"}],"about":[{"href":"https:\/\/vvp.avu.cz\/en\/wp-json\/wp\/v2\/types\/page"}],"author":[{"embeddable":true,"href":"https:\/\/vvp.avu.cz\/en\/wp-json\/wp\/v2\/users\/5"}],"replies":[{"embeddable":true,"href":"https:\/\/vvp.avu.cz\/en\/wp-json\/wp\/v2\/comments?post=3550"}],"version-history":[{"count":1,"href":"https:\/\/vvp.avu.cz\/en\/wp-json\/wp\/v2\/pages\/3550\/revisions"}],"predecessor-version":[{"id":3794,"href":"https:\/\/vvp.avu.cz\/en\/wp-json\/wp\/v2\/pages\/3550\/revisions\/3794"}],"wp:featuredmedia":[{"embeddable":true,"href":"https:\/\/vvp.avu.cz\/en\/wp-json\/wp\/v2\/media\/3383"}],"wp:attachment":[{"href":"https:\/\/vvp.avu.cz\/en\/wp-json\/wp\/v2\/media?parent=3550"}],"curies":[{"name":"wp","href":"https:\/\/api.w.org\/{rel}","templated":true}]}}