{"id":3600,"date":"2014-11-20T10:37:17","date_gmt":"2014-11-20T09:37:17","guid":{"rendered":"https:\/\/vvp.avu.cz\/other-lectures\/"},"modified":"2022-04-27T22:15:29","modified_gmt":"2022-04-27T21:15:29","slug":"other-lectures","status":"publish","type":"page","link":"https:\/\/vvp.avu.cz\/en\/other-lectures\/","title":{"rendered":"Other lectures"},"content":{"rendered":"<p><a title=\"OPEN ARCHIVES 2.0 \u2013 places of encounters, education and cooperation\" href=\"https:\/\/vvp.avu.cz\/en\/prednasky\/ostatni-prednasky\/open-archives-2-0-places-of-encounters-education-and-cooperation\/\"><strong>2008 \/ OPEN ARCHIVES 2.0 &#8211; places of encounters, education and cooperation<\/strong><\/a><\/p>\n<p><a title=\"VVP AVU at Multiplace\" href=\"https:\/\/vvp.avu.cz\/en\/prednasky\/ostatni-prednasky\/vvp-avu-at-multiplace\/\"><strong>2008 \/ AVU Research Centre at Multiplace<\/strong><\/a><\/p>\n<p><a title=\"VVP AVU on the workshop Open Archives on media art and digital archives\" href=\"https:\/\/vvp.avu.cz\/en\/prednasky\/ostatni-prednasky\/vvp-avu-on-the-workshop-open-archives-on-media-art-and-digital-archives\/\"><strong>2007 \/ AVU Research Centre on the workshop Open Archives on media art and digital archives<\/strong><\/a><\/p>\n<p><a title=\"Irena Murray-\u017dantovsk\u00e1: Pavilion in Motion: Czech Culture, Ideology and Expo 67\" href=\"https:\/\/vvp.avu.cz\/en\/prednasky\/ostatni-prednasky\/lecture-by-dr-irena-murray-zantovska-pavilon-v-pohybu-ceska-kultura-ideologie-a-expo-67\/\"><strong>2007 \/ Irena Murray-\u017dantovsk\u00e1: Pavilion in Motion: Czech Culture, Ideology and Expo 67<\/strong><\/a><\/p>\n<p><a title=\"Peter Weibel \u201eThe Impact of Information Tools: From Simulation to Stimulation\u201c\" href=\"https:\/\/vvp.avu.cz\/en\/prednasky\/ostatni-prednasky\/peter-weibel-the-impact-of-information-tools-from-simulation-to-stimulation\/\"><strong>2007 \/ Peter Weibel: The Impact of Information Tools: From Simulation to Stimulation<\/strong><\/a><\/p>\n<p><a title=\"Presentation of the book Utopien &amp; Konflikte. Dokumente und Manifeste zur Tschechischen Kunst 1938\u20131989\" href=\"https:\/\/vvp.avu.cz\/en\/prednasky\/ostatni-prednasky\/presentation-of-the-book-utopien-konflikte-dokumente-und-manifeste-zur-tschechischen-kunst-1938-1989\/\"><strong>2007 \/ Presentation of the book Utopien &amp; Konflikte. Dokumente und Manifeste zur Tschechischen Kunst 1938\u20131989<\/strong><\/a><\/p>\n","protected":false},"excerpt":{"rendered":"<p>2008 \/ OPEN ARCHIVES 2.0 &#8211; places of encounters, education and cooperation 2008 \/ AVU Research Centre at Multiplace 2007 \/ AVU Research Centre on the workshop Open Archives on media art and digital archives 2007 \/ Irena Murray-\u017dantovsk\u00e1: Pavilion in Motion: Czech Culture, Ideology and Expo 67 2007 \/ Peter Weibel: The Impact of [&hellip;]<\/p>\n","protected":false},"author":5,"featured_media":0,"parent":0,"menu_order":87,"comment_status":"closed","ping_status":"open","template":"","meta":{"inline_featured_image":false},"acf":[],"yoast_head":"<!-- This site is optimized with the Yoast SEO plugin v19.6.1 - https:\/\/yoast.com\/wordpress\/plugins\/seo\/ -->\n<title>Other lectures - VVP AVU<\/title>\n<meta name=\"robots\" content=\"index, follow, max-snippet:-1, max-image-preview:large, max-video-preview:-1\" \/>\n<link rel=\"canonical\" href=\"https:\/\/vvp.avu.cz\/en\/other-lectures\/\" \/>\n<meta property=\"og:locale\" content=\"en_US\" \/>\n<meta property=\"og:type\" content=\"article\" \/>\n<meta property=\"og:title\" content=\"Other lectures - VVP AVU\" \/>\n<meta property=\"og:description\" content=\"2008 \/ OPEN ARCHIVES 2.0 &#8211; places of encounters, education and cooperation 2008 \/ AVU Research Centre at Multiplace 2007 \/ AVU Research Centre on the workshop Open Archives on media art and digital archives 2007 \/ Irena Murray-\u017dantovsk\u00e1: Pavilion in Motion: Czech Culture, Ideology and Expo 67 2007 \/ Peter Weibel: The Impact of [&hellip;]\" \/>\n<meta property=\"og:url\" content=\"https:\/\/vvp.avu.cz\/en\/other-lectures\/\" \/>\n<meta property=\"og:site_name\" content=\"VVP AVU\" \/>\n<meta property=\"article:publisher\" content=\"https:\/\/www.facebook.com\/VVPAVU\/\" \/>\n<meta property=\"article:modified_time\" content=\"2022-04-27T21:15:29+00:00\" \/>\n<meta name=\"twitter:card\" content=\"summary_large_image\" \/>\n<script type=\"application\/ld+json\" class=\"yoast-schema-graph\">{\"@context\":\"https:\/\/schema.org\",\"@graph\":[{\"@type\":\"WebPage\",\"@id\":\"https:\/\/vvp.avu.cz\/en\/other-lectures\/\",\"url\":\"https:\/\/vvp.avu.cz\/en\/other-lectures\/\",\"name\":\"Other lectures - VVP AVU\",\"isPartOf\":{\"@id\":\"https:\/\/vvp.avu.cz\/en\/#website\"},\"datePublished\":\"2014-11-20T09:37:17+00:00\",\"dateModified\":\"2022-04-27T21:15:29+00:00\",\"breadcrumb\":{\"@id\":\"https:\/\/vvp.avu.cz\/en\/other-lectures\/#breadcrumb\"},\"inLanguage\":\"en-US\",\"potentialAction\":[{\"@type\":\"ReadAction\",\"target\":[\"https:\/\/vvp.avu.cz\/en\/other-lectures\/\"]}]},{\"@type\":\"BreadcrumbList\",\"@id\":\"https:\/\/vvp.avu.cz\/en\/other-lectures\/#breadcrumb\",\"itemListElement\":[{\"@type\":\"ListItem\",\"position\":1,\"name\":\"Dom\u016f\",\"item\":\"https:\/\/vvp.avu.cz\/en\/\"},{\"@type\":\"ListItem\",\"position\":2,\"name\":\"Other lectures\"}]},{\"@type\":\"WebSite\",\"@id\":\"https:\/\/vvp.avu.cz\/en\/#website\",\"url\":\"https:\/\/vvp.avu.cz\/en\/\",\"name\":\"VVP AVU\",\"description\":\"posilujeme v\u00fdzkum a v\u011bdu o um\u011bn\u00ed a otev\u00edr\u00e1me ji ve\u0159ejnosti\",\"potentialAction\":[{\"@type\":\"SearchAction\",\"target\":{\"@type\":\"EntryPoint\",\"urlTemplate\":\"https:\/\/vvp.avu.cz\/en\/?s={search_term_string}\"},\"query-input\":\"required name=search_term_string\"}],\"inLanguage\":\"en-US\"}]}<\/script>\n<!-- \/ Yoast SEO plugin. -->","yoast_head_json":{"title":"Other lectures - VVP AVU","robots":{"index":"index","follow":"follow","max-snippet":"max-snippet:-1","max-image-preview":"max-image-preview:large","max-video-preview":"max-video-preview:-1"},"canonical":"https:\/\/vvp.avu.cz\/en\/other-lectures\/","og_locale":"en_US","og_type":"article","og_title":"Other lectures - VVP AVU","og_description":"2008 \/ OPEN ARCHIVES 2.0 &#8211; places of encounters, education and cooperation 2008 \/ AVU Research Centre at Multiplace 2007 \/ AVU Research Centre on the workshop Open Archives on media art and digital archives 2007 \/ Irena Murray-\u017dantovsk\u00e1: Pavilion in Motion: Czech Culture, Ideology and Expo 67 2007 \/ Peter Weibel: The Impact of [&hellip;]","og_url":"https:\/\/vvp.avu.cz\/en\/other-lectures\/","og_site_name":"VVP AVU","article_publisher":"https:\/\/www.facebook.com\/VVPAVU\/","article_modified_time":"2022-04-27T21:15:29+00:00","twitter_card":"summary_large_image","schema":{"@context":"https:\/\/schema.org","@graph":[{"@type":"WebPage","@id":"https:\/\/vvp.avu.cz\/en\/other-lectures\/","url":"https:\/\/vvp.avu.cz\/en\/other-lectures\/","name":"Other lectures - VVP AVU","isPartOf":{"@id":"https:\/\/vvp.avu.cz\/en\/#website"},"datePublished":"2014-11-20T09:37:17+00:00","dateModified":"2022-04-27T21:15:29+00:00","breadcrumb":{"@id":"https:\/\/vvp.avu.cz\/en\/other-lectures\/#breadcrumb"},"inLanguage":"en-US","potentialAction":[{"@type":"ReadAction","target":["https:\/\/vvp.avu.cz\/en\/other-lectures\/"]}]},{"@type":"BreadcrumbList","@id":"https:\/\/vvp.avu.cz\/en\/other-lectures\/#breadcrumb","itemListElement":[{"@type":"ListItem","position":1,"name":"Dom\u016f","item":"https:\/\/vvp.avu.cz\/en\/"},{"@type":"ListItem","position":2,"name":"Other lectures"}]},{"@type":"WebSite","@id":"https:\/\/vvp.avu.cz\/en\/#website","url":"https:\/\/vvp.avu.cz\/en\/","name":"VVP AVU","description":"posilujeme v\u00fdzkum a v\u011bdu o um\u011bn\u00ed a otev\u00edr\u00e1me ji ve\u0159ejnosti","potentialAction":[{"@type":"SearchAction","target":{"@type":"EntryPoint","urlTemplate":"https:\/\/vvp.avu.cz\/en\/?s={search_term_string}"},"query-input":"required name=search_term_string"}],"inLanguage":"en-US"}]}},"_links":{"self":[{"href":"https:\/\/vvp.avu.cz\/en\/wp-json\/wp\/v2\/pages\/3600"}],"collection":[{"href":"https:\/\/vvp.avu.cz\/en\/wp-json\/wp\/v2\/pages"}],"about":[{"href":"https:\/\/vvp.avu.cz\/en\/wp-json\/wp\/v2\/types\/page"}],"author":[{"embeddable":true,"href":"https:\/\/vvp.avu.cz\/en\/wp-json\/wp\/v2\/users\/5"}],"replies":[{"embeddable":true,"href":"https:\/\/vvp.avu.cz\/en\/wp-json\/wp\/v2\/comments?post=3600"}],"version-history":[{"count":1,"href":"https:\/\/vvp.avu.cz\/en\/wp-json\/wp\/v2\/pages\/3600\/revisions"}],"predecessor-version":[{"id":3800,"href":"https:\/\/vvp.avu.cz\/en\/wp-json\/wp\/v2\/pages\/3600\/revisions\/3800"}],"wp:attachment":[{"href":"https:\/\/vvp.avu.cz\/en\/wp-json\/wp\/v2\/media?parent=3600"}],"curies":[{"name":"wp","href":"https:\/\/api.w.org\/{rel}","templated":true}]}}