{"id":4594,"date":"2014-07-07T18:55:23","date_gmt":"2014-07-07T17:55:23","guid":{"rendered":"https:\/\/vvp.avu.cz\/?page_id=4594"},"modified":"2026-02-13T10:29:39","modified_gmt":"2026-02-13T09:29:39","slug":"homepage","status":"publish","type":"page","link":"https:\/\/vvp.avu.cz\/en\/","title":{"rendered":"Homepage"},"content":{"rendered":"","protected":false},"excerpt":{"rendered":"","protected":false},"author":5,"featured_media":5879,"parent":0,"menu_order":7,"comment_status":"closed","ping_status":"closed","template":"","meta":{"inline_featured_image":false},"acf":[],"yoast_head":"<!-- This site is optimized with the Yoast SEO plugin v19.6.1 - https:\/\/yoast.com\/wordpress\/plugins\/seo\/ -->\n<title>Homepage - VVP AVU<\/title>\n<meta name=\"robots\" content=\"index, follow, max-snippet:-1, max-image-preview:large, max-video-preview:-1\" \/>\n<link rel=\"canonical\" href=\"https:\/\/vvp.avu.cz\/en\/\" \/>\n<meta property=\"og:locale\" content=\"en_US\" \/>\n<meta property=\"og:type\" content=\"article\" \/>\n<meta property=\"og:title\" content=\"Homepage - VVP AVU\" \/>\n<meta property=\"og:url\" content=\"https:\/\/vvp.avu.cz\/en\/\" \/>\n<meta property=\"og:site_name\" content=\"VVP AVU\" \/>\n<meta property=\"article:publisher\" content=\"https:\/\/www.facebook.com\/VVPAVU\/\" \/>\n<meta property=\"article:modified_time\" content=\"2026-02-13T09:29:39+00:00\" \/>\n<meta property=\"og:image\" content=\"https:\/\/vvp.avu.cz\/app\/uploads\/2022\/09\/20220906-116a1594-2.jpg\" \/>\n\t<meta property=\"og:image:width\" content=\"2500\" \/>\n\t<meta property=\"og:image:height\" content=\"1667\" \/>\n\t<meta property=\"og:image:type\" content=\"image\/jpeg\" \/>\n<meta name=\"twitter:card\" content=\"summary_large_image\" \/>\n<script type=\"application\/ld+json\" class=\"yoast-schema-graph\">{\"@context\":\"https:\/\/schema.org\",\"@graph\":[{\"@type\":\"WebPage\",\"@id\":\"https:\/\/vvp.avu.cz\/en\/\",\"url\":\"https:\/\/vvp.avu.cz\/en\/\",\"name\":\"Homepage - VVP AVU\",\"isPartOf\":{\"@id\":\"https:\/\/vvp.avu.cz\/en\/#website\"},\"datePublished\":\"2014-07-07T17:55:23+00:00\",\"dateModified\":\"2026-02-13T09:29:39+00:00\",\"breadcrumb\":{\"@id\":\"https:\/\/vvp.avu.cz\/en\/#breadcrumb\"},\"inLanguage\":\"en-US\",\"potentialAction\":[{\"@type\":\"ReadAction\",\"target\":[\"https:\/\/vvp.avu.cz\/en\/\"]}]},{\"@type\":\"BreadcrumbList\",\"@id\":\"https:\/\/vvp.avu.cz\/en\/#breadcrumb\",\"itemListElement\":[{\"@type\":\"ListItem\",\"position\":1,\"name\":\"Dom\u016f\",\"item\":\"https:\/\/vvp.avu.cz\/en\/\"},{\"@type\":\"ListItem\",\"position\":2,\"name\":\"Homepage\"}]},{\"@type\":\"WebSite\",\"@id\":\"https:\/\/vvp.avu.cz\/en\/#website\",\"url\":\"https:\/\/vvp.avu.cz\/en\/\",\"name\":\"VVP AVU\",\"description\":\"posilujeme v\u00fdzkum a v\u011bdu o um\u011bn\u00ed a otev\u00edr\u00e1me ji ve\u0159ejnosti\",\"potentialAction\":[{\"@type\":\"SearchAction\",\"target\":{\"@type\":\"EntryPoint\",\"urlTemplate\":\"https:\/\/vvp.avu.cz\/en\/?s={search_term_string}\"},\"query-input\":\"required name=search_term_string\"}],\"inLanguage\":\"en-US\"}]}<\/script>\n<!-- \/ Yoast SEO plugin. -->","yoast_head_json":{"title":"Homepage - VVP AVU","robots":{"index":"index","follow":"follow","max-snippet":"max-snippet:-1","max-image-preview":"max-image-preview:large","max-video-preview":"max-video-preview:-1"},"canonical":"https:\/\/vvp.avu.cz\/en\/","og_locale":"en_US","og_type":"article","og_title":"Homepage - VVP AVU","og_url":"https:\/\/vvp.avu.cz\/en\/","og_site_name":"VVP AVU","article_publisher":"https:\/\/www.facebook.com\/VVPAVU\/","article_modified_time":"2026-02-13T09:29:39+00:00","og_image":[{"width":2500,"height":1667,"url":"https:\/\/vvp.avu.cz\/app\/uploads\/2022\/09\/20220906-116a1594-2.jpg","type":"image\/jpeg"}],"twitter_card":"summary_large_image","schema":{"@context":"https:\/\/schema.org","@graph":[{"@type":"WebPage","@id":"https:\/\/vvp.avu.cz\/en\/","url":"https:\/\/vvp.avu.cz\/en\/","name":"Homepage - VVP AVU","isPartOf":{"@id":"https:\/\/vvp.avu.cz\/en\/#website"},"datePublished":"2014-07-07T17:55:23+00:00","dateModified":"2026-02-13T09:29:39+00:00","breadcrumb":{"@id":"https:\/\/vvp.avu.cz\/en\/#breadcrumb"},"inLanguage":"en-US","potentialAction":[{"@type":"ReadAction","target":["https:\/\/vvp.avu.cz\/en\/"]}]},{"@type":"BreadcrumbList","@id":"https:\/\/vvp.avu.cz\/en\/#breadcrumb","itemListElement":[{"@type":"ListItem","position":1,"name":"Dom\u016f","item":"https:\/\/vvp.avu.cz\/en\/"},{"@type":"ListItem","position":2,"name":"Homepage"}]},{"@type":"WebSite","@id":"https:\/\/vvp.avu.cz\/en\/#website","url":"https:\/\/vvp.avu.cz\/en\/","name":"VVP AVU","description":"posilujeme v\u00fdzkum a v\u011bdu o um\u011bn\u00ed a otev\u00edr\u00e1me ji ve\u0159ejnosti","potentialAction":[{"@type":"SearchAction","target":{"@type":"EntryPoint","urlTemplate":"https:\/\/vvp.avu.cz\/en\/?s={search_term_string}"},"query-input":"required name=search_term_string"}],"inLanguage":"en-US"}]}},"_links":{"self":[{"href":"https:\/\/vvp.avu.cz\/en\/wp-json\/wp\/v2\/pages\/4594"}],"collection":[{"href":"https:\/\/vvp.avu.cz\/en\/wp-json\/wp\/v2\/pages"}],"about":[{"href":"https:\/\/vvp.avu.cz\/en\/wp-json\/wp\/v2\/types\/page"}],"author":[{"embeddable":true,"href":"https:\/\/vvp.avu.cz\/en\/wp-json\/wp\/v2\/users\/5"}],"replies":[{"embeddable":true,"href":"https:\/\/vvp.avu.cz\/en\/wp-json\/wp\/v2\/comments?post=4594"}],"version-history":[{"count":21,"href":"https:\/\/vvp.avu.cz\/en\/wp-json\/wp\/v2\/pages\/4594\/revisions"}],"predecessor-version":[{"id":7414,"href":"https:\/\/vvp.avu.cz\/en\/wp-json\/wp\/v2\/pages\/4594\/revisions\/7414"}],"wp:featuredmedia":[{"embeddable":true,"href":"https:\/\/vvp.avu.cz\/en\/wp-json\/wp\/v2\/media\/5879"}],"wp:attachment":[{"href":"https:\/\/vvp.avu.cz\/en\/wp-json\/wp\/v2\/media?parent=4594"}],"curies":[{"name":"wp","href":"https:\/\/api.w.org\/{rel}","templated":true}]}}