{"id":5401,"date":"2019-05-10T18:00:30","date_gmt":"2019-05-10T17:00:30","guid":{"rendered":"https:\/\/vvp.avu.cz\/o-sesitu\/"},"modified":"2025-11-04T13:50:41","modified_gmt":"2025-11-04T12:50:41","slug":"about-notebook","status":"publish","type":"page","link":"https:\/\/vvp.avu.cz\/en\/about-notebook\/","title":{"rendered":"About Notebook"},"content":{"rendered":"<p><em>Notebook for Art, Theory and Related Zones<\/em> (is a peer-reviewed periodical published by the AVU Research Centre that reflects upon recent and contemporary visual art within a broader cultural and theoretical context. In 2023 has been accepted for Scopus database.<\/p>\n<p><em>Notebook<\/em> aims to initiate and develop domestic reflections upon art and to contribute to current scholarly debate at the international level. At the core of this endeavour is the publication of specialist academic studies in the humanities and social sciences that examine the current situation of art and live culture in the Czech Republic and abroad. However, <em>Notebook<\/em> also tracks key themes by means of essays, interviews and book reviews. During the first few years of its existence, Notebook included a number of translations of important foreign language texts, a knowledge of which was lacking on the Czech scene. Today, we also publish original English-language studies, while selecting from each issue the most stimulating Czech and Slovak texts, English translations of which are published in a publicly accessible online version on our website.<\/p>\n<p><em>Notebook<\/em> is not on principle methodologically defined; it is the point of intersection for diverse approaches to contemporary visual culture and gallery art. The most important criteria are quality, relevance, and the degree to which an article sparks further debate. The original studies offered to the editors for publication undergo a thorough double-blind peer review and careful editing, which emphasises clarity of thought, the logic and coherence of argumentation, and the appropriate use of sources and footnotes.<\/p>\n<p>In 2019, the AVU Research Centre published an anthology of English translations of the most interesting texts from the first ten years of Notebook named <a href=\"https:\/\/vvp.avu.cz\/en\/knihy\/the-sesit-reader-the-first-ten-years-of-notebook-for-art-theory-and-related-zones-2007-2017\/\">The Se\u0161it Reader. The First Ten Years of Notebook for Art, Theory and Related Zones 2007\u20132017<\/a>. All of these texts are also available online.<\/p>\n<p>In addition to the original English texts, a crucial step towards making the contents of the journal accessible to an international readership involves translating the two most interesting Czech or Slovak texts from each issue of Notebook and the subsequent publication of these translations online, beginning with issue 29\/2020.<\/p>\n<p>&nbsp;<\/p>\n<h2>Translations published:<\/h2>\n<p><a href=\"https:\/\/vvp.avu.cz\/app\/uploads\/2021\/01\/bartlova-marxist-art-history.pdf\">Milena Bartlov\u00e1 \u2013 Marxist Art History: Directive Model or Radical Inspiration?<\/a> (<a href=\"https:\/\/vvp.avu.cz\/en\/sesit\/notebook-29\/\">Notebook 29\/2020<\/a>)<\/p>\n<p><a href=\"https:\/\/vvp.avu.cz\/app\/uploads\/2021\/01\/placakova-the-socialist-nude.pdf\">Marianna Plac\u00e1kov\u00e1 \u2013 The Socialist Nude: Marxism and Photographic Theory in the 1960s<\/a> (<a href=\"https:\/\/vvp.avu.cz\/en\/sesit\/notebook-29\/\">Notebook 29\/2020<\/a>)<\/p>\n<p><a href=\"https:\/\/vvp.avu.cz\/app\/uploads\/2021\/10\/marc-notebook-30-2021-translation.pdf\">Vojt\u011bch M\u00e4rc \u2013 Death by Landscape? Geo-Pathogenic Zones as Architectural and Urbanistic Phenomenon<\/a> (<a href=\"https:\/\/vvp.avu.cz\/en\/sesit\/notebook-30\/\">Notebook 30\/2021<\/a>)<\/p>\n<p><a href=\"https:\/\/vvp.avu.cz\/app\/uploads\/2021\/10\/2021-30-kovalcik-spravna-verze.pdf\">Jozef Koval\u010dik \u2013 Where Do Contemporary Academies\/Art Schools Collide with Artistic Praxis?<\/a> (<a href=\"https:\/\/vvp.avu.cz\/en\/sesit\/notebook-30\/\">Notebook 30\/2021<\/a>)<\/p>\n<p><a href=\"https:\/\/vvp.avu.cz\/app\/uploads\/2023\/02\/jirkalova-notebook-31-2021-translation.pdf\">Karolina Jirkalov\u00e1 \u2013 Housing Estates and Dreams of Living. A study of housing estates undertaken by Ji\u0159\u00ed Musil and his team at the Research Institute for Building and Architecture, 1976\u20121980<\/a> (<a href=\"https:\/\/vvp.avu.cz\/en\/sesit\/notebook-31\/\">Notebook 31\/2021<\/a>)<\/p>\n<p><a href=\"https:\/\/vvp.avu.cz\/app\/uploads\/2023\/02\/novotna-notebook-31-2021-translation.pdf\">Eva Novotn\u00e1 \u2013 Sociological Research in the First Half of the 1960s and the First National Housing Debate<\/a> (<a href=\"https:\/\/vvp.avu.cz\/en\/sesit\/notebook-31\/\">Notebook 31\/2021<\/a>)<\/p>\n<p><a href=\"https:\/\/vvp.avu.cz\/app\/uploads\/2023\/10\/kralovic-notebook-32-2022-translation.pdf\">J\u00e1n Kralovi\u010d \u2013 Actions, Contradictions, Negations. Robert Cyprich\u00b4s Early Work and Experimental Poetry<\/a> (<a href=\"https:\/\/vvp.avu.cz\/en\/sesit\/notebook-32\/\">Notebook 32\/2022<\/a>)<\/p>\n<p><a href=\"https:\/\/vvp.avu.cz\/app\/uploads\/2023\/10\/blazicek-notebook-33-2022-translation.pdf\">Martin Bla\u017e\u00ed\u010dek \u2013 Radek Pila\u0159 &#8211; Dual-Track Video Art<\/a> (<a href=\"https:\/\/vvp.avu.cz\/en\/sesit\/notebook-33\/\">Notebook 33\/2022<\/a>)<\/p>\n<p><a href=\"https:\/\/vvp.avu.cz\/app\/uploads\/2024\/09\/spinkova-notebook-34-2023-translation.pdf\">Tereza \u0160pinkov\u00e1 \u2013 Becoming-with an Animal: Observations on Contemporary Non-Anthropocentric Tendencies<\/a> (<a href=\"https:\/\/vvp.avu.cz\/en\/sesit\/notebook-34\/\">Notebook 34\/2023<\/a>)<\/p>\n<p><a href=\"https:\/\/vvp.avu.cz\/app\/uploads\/2024\/12\/vesela-notebook-36-2024-translation.pdf\">Lenka Vesel\u00e1 \u2013 Notes from the Endocene<\/a> (<a href=\"https:\/\/vvp.avu.cz\/en\/sesit\/sesit-36\/\">Notebook 36\/2024<\/a>)<\/p>\n<p><a href=\"https:\/\/vvp.avu.cz\/app\/uploads\/2025\/02\/pisarikova-notbook-37-2024-translation.pdf\">Jana P\u00edsa\u0159\u00edkov\u00e1 \u2013 Art Doesn\u00b4t Care: Take Care of Art<\/a> (<a href=\"https:\/\/vvp.avu.cz\/en\/sesit\/sesit-37\/\">Notebook 37\/2024<\/a>)<\/p>\n<p>&nbsp;<\/p>\n<h2>Overview of thematic issues:<\/h2>\n<p><a href=\"https:\/\/vvp.avu.cz\/en\/sesit\/sesit-37\/\">37\/2024 \u2013 Curatorial Research &#8211; guest editors Zuzana Jakalov\u00e1 a Jan Z\u00e1le\u0161\u00e1k<\/a><\/p>\n<p><a href=\"https:\/\/vvp.avu.cz\/en\/sesit\/notebook-35\/\">35\/2023 \u2013 Exhibitions histories \u2013 editor Pavl\u00edna Morganov\u00e1<\/a><\/p>\n<p><a href=\"https:\/\/vvp.avu.cz\/en\/sesit\/notebook-31\/\">31\/2021 \u2013 Architecture and the Voice of the People \u2013 guest editor Hubert Guzik<\/a><\/p>\n<p><a href=\"https:\/\/vvp.avu.cz\/en\/sesit\/notebook-29\/\">29\/2020 \u2013 Reflections upon Marxist Approaches to (the History of) Art \u2013 guest editor Milena Bartlov\u00e1<\/a><\/p>\n<p><a href=\"https:\/\/vvp.avu.cz\/en\/sesit\/notebook-26\/\">26\/2019 \u2013 Exhibitions histories \u2013 editor Pavl\u00edna Morganov\u00e1<\/a><\/p>\n<p><a href=\"https:\/\/vvp.avu.cz\/en\/sesit\/notebook-25\/\">25\/2018 \u2013 Exhibitions histories \u2013 editor Pavl\u00edna Morganov\u00e1<\/a><\/p>\n<p><a href=\"https:\/\/vvp.avu.cz\/en\/sesit\/notebook-22\/\">22\/2017 \u2013 Fine art and film: Siblings or Distant Relatives? \u2013 guest editor Tom\u00e1\u0161 Pospiszyl<\/a><\/p>\n<p><a href=\"https:\/\/vvp.avu.cz\/en\/sesit\/notebook-21\/\">21\/2016 \u2013 Speculation and Art \u2013 editors V\u00e1clav Magid a Jakub Stejskal<\/a><\/p>\n<p>&nbsp;<\/p>\n<h2>Call for papers:<\/h2>\n<p><a href=\"https:\/\/vvp.avu.cz\/app\/uploads\/2025\/04\/call-for-papers-tematicke-cislo41-final-aj-posun-terminu.pdf\">CFP &#8211; thematic issue 41\/2026<\/a><\/p>\n<p>&nbsp;<\/p>\n<h2><\/h2>\n<h2>Practical info:<\/h2>\n<ul>\n<li>The journal is published twice a year.<\/li>\n<li>The editorial team occasionally announces an open call, but submissions can also be sent on a rolling basis; the deadline for finished texts for the non-thematic issue (40\/2026) is 3 October 2025.<\/li>\n<li>Since 2016, one of the two issues published each year has been thematic in nature. The theme and guest editors are proposed and approved by the Notebook international editorial board.<\/li>\n<li>The editorial staff meet once a month and the editorial board meets approximately once a year.<\/li>\n<li>Annotations of the current issues are regularly published in Czech and English. The complete issues are then published on a delayed open-access basis (at intervals of approximately one year).<\/li>\n<li>ISSN: 1802-8918<\/li>\n<li>MK \u010cR: E 17945<\/li>\n<li>The journal is listed in <a href=\"https:\/\/www.scopus.com\/home.uri\">Scopus<\/a> database<\/li>\n<li>The journal is listed in the European Reference Index for the Humanities and the Social Sciences (ERIH PLUS), in the EBSCO database and indexed from 2025 in <a href=\"https:\/\/askbisht.com\/journals\/sesit-pro-umeni-teorii-a-pribuzne-zony\">AskBisht.com<\/a>.<\/li>\n<li>The journal is published thanks to the annual grant support of the Ministry of Culture of the Czech Republic<\/li>\n<\/ul>\n<p>&nbsp;<\/p>\n<h2>Contact us:<\/h2>\n<p><a href=\"mailto:sesit.redakce@gmail.com\">sesit.redakce@gmail.com<\/a><\/p>\n<p>&nbsp;<\/p>\n<p><img loading=\"lazy\" class=\"alignleft size-medium wp-image-7304\" src=\"https:\/\/vvp.avu.cz\/app\/uploads\/2025\/06\/logo-mkcr-pruhluedne-pozadi-300x209.png\" alt=\"\" width=\"300\" height=\"209\" \/><\/p>\n","protected":false},"excerpt":{"rendered":"<p>Notebook for Art, Theory and Related Zones (is a peer-reviewed periodical published by the AVU Research Centre that reflects upon recent and contemporary visual art within a broader cultural and theoretical context. In 2023 has been accepted for Scopus database. Notebook aims to initiate and develop domestic reflections upon art and to contribute to current [&hellip;]<\/p>\n","protected":false},"author":5,"featured_media":0,"parent":0,"menu_order":124,"comment_status":"closed","ping_status":"open","template":"","meta":{"inline_featured_image":false},"acf":[],"yoast_head":"<!-- This site is optimized with the Yoast SEO plugin v19.6.1 - https:\/\/yoast.com\/wordpress\/plugins\/seo\/ -->\n<title>About Notebook - VVP AVU<\/title>\n<meta name=\"robots\" content=\"index, follow, max-snippet:-1, max-image-preview:large, max-video-preview:-1\" \/>\n<link rel=\"canonical\" href=\"https:\/\/vvp.avu.cz\/en\/about-notebook\/\" \/>\n<meta property=\"og:locale\" content=\"en_US\" \/>\n<meta property=\"og:type\" content=\"article\" \/>\n<meta property=\"og:title\" content=\"About Notebook - VVP AVU\" \/>\n<meta property=\"og:description\" content=\"Notebook for Art, Theory and Related Zones (is a peer-reviewed periodical published by the AVU Research Centre that reflects upon recent and contemporary visual art within a broader cultural and theoretical context. In 2023 has been accepted for Scopus database. Notebook aims to initiate and develop domestic reflections upon art and to contribute to current [&hellip;]\" \/>\n<meta property=\"og:url\" content=\"https:\/\/vvp.avu.cz\/en\/about-notebook\/\" \/>\n<meta property=\"og:site_name\" content=\"VVP AVU\" \/>\n<meta property=\"article:publisher\" content=\"https:\/\/www.facebook.com\/VVPAVU\/\" \/>\n<meta property=\"article:modified_time\" content=\"2025-11-04T12:50:41+00:00\" \/>\n<meta property=\"og:image\" content=\"https:\/\/vvp.avu.cz\/app\/uploads\/2025\/06\/logo-mkcr-pruhluedne-pozadi-300x209.png\" \/>\n<meta name=\"twitter:card\" content=\"summary_large_image\" \/>\n<meta name=\"twitter:label1\" content=\"Est. reading time\" \/>\n\t<meta name=\"twitter:data1\" content=\"5 minutes\" \/>\n<script type=\"application\/ld+json\" class=\"yoast-schema-graph\">{\"@context\":\"https:\/\/schema.org\",\"@graph\":[{\"@type\":\"WebPage\",\"@id\":\"https:\/\/vvp.avu.cz\/en\/about-notebook\/\",\"url\":\"https:\/\/vvp.avu.cz\/en\/about-notebook\/\",\"name\":\"About Notebook - VVP AVU\",\"isPartOf\":{\"@id\":\"https:\/\/vvp.avu.cz\/en\/#website\"},\"datePublished\":\"2019-05-10T17:00:30+00:00\",\"dateModified\":\"2025-11-04T12:50:41+00:00\",\"breadcrumb\":{\"@id\":\"https:\/\/vvp.avu.cz\/en\/about-notebook\/#breadcrumb\"},\"inLanguage\":\"en-US\",\"potentialAction\":[{\"@type\":\"ReadAction\",\"target\":[\"https:\/\/vvp.avu.cz\/en\/about-notebook\/\"]}]},{\"@type\":\"BreadcrumbList\",\"@id\":\"https:\/\/vvp.avu.cz\/en\/about-notebook\/#breadcrumb\",\"itemListElement\":[{\"@type\":\"ListItem\",\"position\":1,\"name\":\"Dom\u016f\",\"item\":\"https:\/\/vvp.avu.cz\/en\/\"},{\"@type\":\"ListItem\",\"position\":2,\"name\":\"About Notebook\"}]},{\"@type\":\"WebSite\",\"@id\":\"https:\/\/vvp.avu.cz\/en\/#website\",\"url\":\"https:\/\/vvp.avu.cz\/en\/\",\"name\":\"VVP AVU\",\"description\":\"posilujeme v\u00fdzkum a v\u011bdu o um\u011bn\u00ed a otev\u00edr\u00e1me ji ve\u0159ejnosti\",\"potentialAction\":[{\"@type\":\"SearchAction\",\"target\":{\"@type\":\"EntryPoint\",\"urlTemplate\":\"https:\/\/vvp.avu.cz\/en\/?s={search_term_string}\"},\"query-input\":\"required name=search_term_string\"}],\"inLanguage\":\"en-US\"}]}<\/script>\n<!-- \/ Yoast SEO plugin. -->","yoast_head_json":{"title":"About Notebook - VVP AVU","robots":{"index":"index","follow":"follow","max-snippet":"max-snippet:-1","max-image-preview":"max-image-preview:large","max-video-preview":"max-video-preview:-1"},"canonical":"https:\/\/vvp.avu.cz\/en\/about-notebook\/","og_locale":"en_US","og_type":"article","og_title":"About Notebook - VVP AVU","og_description":"Notebook for Art, Theory and Related Zones (is a peer-reviewed periodical published by the AVU Research Centre that reflects upon recent and contemporary visual art within a broader cultural and theoretical context. In 2023 has been accepted for Scopus database. Notebook aims to initiate and develop domestic reflections upon art and to contribute to current [&hellip;]","og_url":"https:\/\/vvp.avu.cz\/en\/about-notebook\/","og_site_name":"VVP AVU","article_publisher":"https:\/\/www.facebook.com\/VVPAVU\/","article_modified_time":"2025-11-04T12:50:41+00:00","og_image":[{"url":"https:\/\/vvp.avu.cz\/app\/uploads\/2025\/06\/logo-mkcr-pruhluedne-pozadi-300x209.png"}],"twitter_card":"summary_large_image","twitter_misc":{"Est. reading time":"5 minutes"},"schema":{"@context":"https:\/\/schema.org","@graph":[{"@type":"WebPage","@id":"https:\/\/vvp.avu.cz\/en\/about-notebook\/","url":"https:\/\/vvp.avu.cz\/en\/about-notebook\/","name":"About Notebook - VVP AVU","isPartOf":{"@id":"https:\/\/vvp.avu.cz\/en\/#website"},"datePublished":"2019-05-10T17:00:30+00:00","dateModified":"2025-11-04T12:50:41+00:00","breadcrumb":{"@id":"https:\/\/vvp.avu.cz\/en\/about-notebook\/#breadcrumb"},"inLanguage":"en-US","potentialAction":[{"@type":"ReadAction","target":["https:\/\/vvp.avu.cz\/en\/about-notebook\/"]}]},{"@type":"BreadcrumbList","@id":"https:\/\/vvp.avu.cz\/en\/about-notebook\/#breadcrumb","itemListElement":[{"@type":"ListItem","position":1,"name":"Dom\u016f","item":"https:\/\/vvp.avu.cz\/en\/"},{"@type":"ListItem","position":2,"name":"About Notebook"}]},{"@type":"WebSite","@id":"https:\/\/vvp.avu.cz\/en\/#website","url":"https:\/\/vvp.avu.cz\/en\/","name":"VVP AVU","description":"posilujeme v\u00fdzkum a v\u011bdu o um\u011bn\u00ed a otev\u00edr\u00e1me ji ve\u0159ejnosti","potentialAction":[{"@type":"SearchAction","target":{"@type":"EntryPoint","urlTemplate":"https:\/\/vvp.avu.cz\/en\/?s={search_term_string}"},"query-input":"required name=search_term_string"}],"inLanguage":"en-US"}]}},"_links":{"self":[{"href":"https:\/\/vvp.avu.cz\/en\/wp-json\/wp\/v2\/pages\/5401"}],"collection":[{"href":"https:\/\/vvp.avu.cz\/en\/wp-json\/wp\/v2\/pages"}],"about":[{"href":"https:\/\/vvp.avu.cz\/en\/wp-json\/wp\/v2\/types\/page"}],"author":[{"embeddable":true,"href":"https:\/\/vvp.avu.cz\/en\/wp-json\/wp\/v2\/users\/5"}],"replies":[{"embeddable":true,"href":"https:\/\/vvp.avu.cz\/en\/wp-json\/wp\/v2\/comments?post=5401"}],"version-history":[{"count":46,"href":"https:\/\/vvp.avu.cz\/en\/wp-json\/wp\/v2\/pages\/5401\/revisions"}],"predecessor-version":[{"id":7360,"href":"https:\/\/vvp.avu.cz\/en\/wp-json\/wp\/v2\/pages\/5401\/revisions\/7360"}],"wp:attachment":[{"href":"https:\/\/vvp.avu.cz\/en\/wp-json\/wp\/v2\/media?parent=5401"}],"curies":[{"name":"wp","href":"https:\/\/api.w.org\/{rel}","templated":true}]}}