{"id":5428,"date":"2014-08-26T16:14:17","date_gmt":"2014-08-26T15:14:17","guid":{"rendered":"https:\/\/vvp.avu.cz\/o-sesitu\/pro-autory\/"},"modified":"2025-08-19T13:14:13","modified_gmt":"2025-08-19T12:14:13","slug":"for-authors","status":"publish","type":"page","link":"https:\/\/vvp.avu.cz\/en\/about-notebook\/for-authors\/","title":{"rendered":"For Authors"},"content":{"rendered":"<p><em>The Notebook for Art, Theory and Related Zones<\/em> is a periodical focusing on contemporary visual arts in a broader cultural and theoretical context. The aim of the journal is to cultivate contemporary reflection on art by publishing texts written by specialists in the area of the humanities and social sciences that address the current situation in art and culture in the Czech Republic and abroad. The journal is open access (there is a print version and an open access version available 12 months after the print publication), free of charge. In principle, it is not methodologically defined; the decisive criteria are quality, level of stimulation and relevance for reflection upon contemporary visual art and its theory.<\/p>\n<p><strong>Journal content:<\/strong><\/p>\n<ul>\n<li>Articles<\/li>\n<li>Book reviews<\/li>\n<li>Critical essays<\/li>\n<li>Interviews<\/li>\n<\/ul>\n<p>For reviewing procedures see our <a href=\"https:\/\/vvp.avu.cz\/en\/publishing-ethics-and-malpractice-statement\/\">Publication Ethics and Malpractice Statement<\/a>.<\/p>\n","protected":false},"excerpt":{"rendered":"<p>The Notebook for Art, Theory and Related Zones is a periodical focusing on contemporary visual arts in a broader cultural and theoretical context. The aim of the journal is to cultivate contemporary reflection on art by publishing texts written by specialists in the area of the humanities and social sciences that address the current situation [&hellip;]<\/p>\n","protected":false},"author":5,"featured_media":0,"parent":5401,"menu_order":126,"comment_status":"closed","ping_status":"open","template":"","meta":{"inline_featured_image":false},"acf":[],"yoast_head":"<!-- This site is optimized with the Yoast SEO plugin v19.6.1 - https:\/\/yoast.com\/wordpress\/plugins\/seo\/ -->\n<title>For Authors - VVP AVU<\/title>\n<meta name=\"robots\" content=\"index, follow, max-snippet:-1, max-image-preview:large, max-video-preview:-1\" \/>\n<link rel=\"canonical\" href=\"https:\/\/vvp.avu.cz\/en\/about-notebook\/for-authors\/\" \/>\n<meta property=\"og:locale\" content=\"en_US\" \/>\n<meta property=\"og:type\" content=\"article\" \/>\n<meta property=\"og:title\" content=\"For Authors - VVP AVU\" \/>\n<meta property=\"og:description\" content=\"The Notebook for Art, Theory and Related Zones is a periodical focusing on contemporary visual arts in a broader cultural and theoretical context. The aim of the journal is to cultivate contemporary reflection on art by publishing texts written by specialists in the area of the humanities and social sciences that address the current situation [&hellip;]\" \/>\n<meta property=\"og:url\" content=\"https:\/\/vvp.avu.cz\/en\/about-notebook\/for-authors\/\" \/>\n<meta property=\"og:site_name\" content=\"VVP AVU\" \/>\n<meta property=\"article:publisher\" content=\"https:\/\/www.facebook.com\/VVPAVU\/\" \/>\n<meta property=\"article:modified_time\" content=\"2025-08-19T12:14:13+00:00\" \/>\n<meta name=\"twitter:card\" content=\"summary_large_image\" \/>\n<meta name=\"twitter:label1\" content=\"Est. reading time\" \/>\n\t<meta name=\"twitter:data1\" content=\"1 minute\" \/>\n<script type=\"application\/ld+json\" class=\"yoast-schema-graph\">{\"@context\":\"https:\/\/schema.org\",\"@graph\":[{\"@type\":\"WebPage\",\"@id\":\"https:\/\/vvp.avu.cz\/en\/about-notebook\/for-authors\/\",\"url\":\"https:\/\/vvp.avu.cz\/en\/about-notebook\/for-authors\/\",\"name\":\"For Authors - VVP AVU\",\"isPartOf\":{\"@id\":\"https:\/\/vvp.avu.cz\/en\/#website\"},\"datePublished\":\"2014-08-26T15:14:17+00:00\",\"dateModified\":\"2025-08-19T12:14:13+00:00\",\"breadcrumb\":{\"@id\":\"https:\/\/vvp.avu.cz\/en\/about-notebook\/for-authors\/#breadcrumb\"},\"inLanguage\":\"en-US\",\"potentialAction\":[{\"@type\":\"ReadAction\",\"target\":[\"https:\/\/vvp.avu.cz\/en\/about-notebook\/for-authors\/\"]}]},{\"@type\":\"BreadcrumbList\",\"@id\":\"https:\/\/vvp.avu.cz\/en\/about-notebook\/for-authors\/#breadcrumb\",\"itemListElement\":[{\"@type\":\"ListItem\",\"position\":1,\"name\":\"Dom\u016f\",\"item\":\"https:\/\/vvp.avu.cz\/en\/\"},{\"@type\":\"ListItem\",\"position\":2,\"name\":\"About Notebook\",\"item\":\"https:\/\/vvp.avu.cz\/en\/about-notebook\/\"},{\"@type\":\"ListItem\",\"position\":3,\"name\":\"For Authors\"}]},{\"@type\":\"WebSite\",\"@id\":\"https:\/\/vvp.avu.cz\/en\/#website\",\"url\":\"https:\/\/vvp.avu.cz\/en\/\",\"name\":\"VVP AVU\",\"description\":\"posilujeme v\u00fdzkum a v\u011bdu o um\u011bn\u00ed a otev\u00edr\u00e1me ji ve\u0159ejnosti\",\"potentialAction\":[{\"@type\":\"SearchAction\",\"target\":{\"@type\":\"EntryPoint\",\"urlTemplate\":\"https:\/\/vvp.avu.cz\/en\/?s={search_term_string}\"},\"query-input\":\"required name=search_term_string\"}],\"inLanguage\":\"en-US\"}]}<\/script>\n<!-- \/ Yoast SEO plugin. -->","yoast_head_json":{"title":"For Authors - VVP AVU","robots":{"index":"index","follow":"follow","max-snippet":"max-snippet:-1","max-image-preview":"max-image-preview:large","max-video-preview":"max-video-preview:-1"},"canonical":"https:\/\/vvp.avu.cz\/en\/about-notebook\/for-authors\/","og_locale":"en_US","og_type":"article","og_title":"For Authors - VVP AVU","og_description":"The Notebook for Art, Theory and Related Zones is a periodical focusing on contemporary visual arts in a broader cultural and theoretical context. The aim of the journal is to cultivate contemporary reflection on art by publishing texts written by specialists in the area of the humanities and social sciences that address the current situation [&hellip;]","og_url":"https:\/\/vvp.avu.cz\/en\/about-notebook\/for-authors\/","og_site_name":"VVP AVU","article_publisher":"https:\/\/www.facebook.com\/VVPAVU\/","article_modified_time":"2025-08-19T12:14:13+00:00","twitter_card":"summary_large_image","twitter_misc":{"Est. reading time":"1 minute"},"schema":{"@context":"https:\/\/schema.org","@graph":[{"@type":"WebPage","@id":"https:\/\/vvp.avu.cz\/en\/about-notebook\/for-authors\/","url":"https:\/\/vvp.avu.cz\/en\/about-notebook\/for-authors\/","name":"For Authors - VVP AVU","isPartOf":{"@id":"https:\/\/vvp.avu.cz\/en\/#website"},"datePublished":"2014-08-26T15:14:17+00:00","dateModified":"2025-08-19T12:14:13+00:00","breadcrumb":{"@id":"https:\/\/vvp.avu.cz\/en\/about-notebook\/for-authors\/#breadcrumb"},"inLanguage":"en-US","potentialAction":[{"@type":"ReadAction","target":["https:\/\/vvp.avu.cz\/en\/about-notebook\/for-authors\/"]}]},{"@type":"BreadcrumbList","@id":"https:\/\/vvp.avu.cz\/en\/about-notebook\/for-authors\/#breadcrumb","itemListElement":[{"@type":"ListItem","position":1,"name":"Dom\u016f","item":"https:\/\/vvp.avu.cz\/en\/"},{"@type":"ListItem","position":2,"name":"About Notebook","item":"https:\/\/vvp.avu.cz\/en\/about-notebook\/"},{"@type":"ListItem","position":3,"name":"For Authors"}]},{"@type":"WebSite","@id":"https:\/\/vvp.avu.cz\/en\/#website","url":"https:\/\/vvp.avu.cz\/en\/","name":"VVP AVU","description":"posilujeme v\u00fdzkum a v\u011bdu o um\u011bn\u00ed a otev\u00edr\u00e1me ji ve\u0159ejnosti","potentialAction":[{"@type":"SearchAction","target":{"@type":"EntryPoint","urlTemplate":"https:\/\/vvp.avu.cz\/en\/?s={search_term_string}"},"query-input":"required name=search_term_string"}],"inLanguage":"en-US"}]}},"_links":{"self":[{"href":"https:\/\/vvp.avu.cz\/en\/wp-json\/wp\/v2\/pages\/5428"}],"collection":[{"href":"https:\/\/vvp.avu.cz\/en\/wp-json\/wp\/v2\/pages"}],"about":[{"href":"https:\/\/vvp.avu.cz\/en\/wp-json\/wp\/v2\/types\/page"}],"author":[{"embeddable":true,"href":"https:\/\/vvp.avu.cz\/en\/wp-json\/wp\/v2\/users\/5"}],"replies":[{"embeddable":true,"href":"https:\/\/vvp.avu.cz\/en\/wp-json\/wp\/v2\/comments?post=5428"}],"version-history":[{"count":21,"href":"https:\/\/vvp.avu.cz\/en\/wp-json\/wp\/v2\/pages\/5428\/revisions"}],"predecessor-version":[{"id":7352,"href":"https:\/\/vvp.avu.cz\/en\/wp-json\/wp\/v2\/pages\/5428\/revisions\/7352"}],"up":[{"embeddable":true,"href":"https:\/\/vvp.avu.cz\/en\/wp-json\/wp\/v2\/pages\/5401"}],"wp:attachment":[{"href":"https:\/\/vvp.avu.cz\/en\/wp-json\/wp\/v2\/media?parent=5428"}],"curies":[{"name":"wp","href":"https:\/\/api.w.org\/{rel}","templated":true}]}}