{"id":5522,"date":"2014-08-26T17:38:18","date_gmt":"2014-08-26T16:38:18","guid":{"rendered":"https:\/\/vvp.avu.cz\/vyuka-na-avu\/"},"modified":"2026-01-23T08:54:42","modified_gmt":"2026-01-23T07:54:42","slug":"vyuka-na-avu","status":"publish","type":"page","link":"https:\/\/vvp.avu.cz\/en\/vyuka-na-avu\/","title":{"rendered":"Teaching at AVU"},"content":{"rendered":"<p>The staff of VVP AVU participate in the teaching of theoretical subjects on the master\u2019s and doctoral programmes. Teaching is thus expanded to include lectures and seminars that are closely related to the research being conducted.<\/p>\n<h3>Czech Art of the 20th Century<\/h3>\n<p>Lecturer: doc. PhDr. Pavl\u00edna Morganov\u00e1, Ph.D.<\/p>\n<p>This two-semester lecture series introduces the basic currents of 20th- century Czech art. An emphasis is placed on the most significant developmental transformations, groups and personalities on the country\u2019s art scene. The lectures include the presentation of research being carried out by VVP AVU, which is engaged in researching the most important source documents and texts relating to this period. Students should acquire not only a basic knowledge of the development of Czech art in the 20th century, but also its historical context. As well as many personalities on the Czech art scene and a detailed analysis of their work, the lectures will focus chronologically on the following \u00a0stages: the beginnings of modern art, Czech Cubism, the interwar avant-garde, groups during the Second World War, post-war art 1945\u20131948, Socialist Realism, personalities featuring on the unofficial art scene of the 1950s and 1960s, the main currents of the 1960s and 1970s, Czech informel, new figural art, new sensitivity, conceptual art, normalisation and grey-zone art, the emergence of postmodernism, the period of transformation.<\/p>\n<p>&nbsp;<\/p>\n<h3>Central and Eastern Europe Art of the 20th and 21st century<br \/>\nPersonalities, Places and their Contexts<\/h3>\n<p>Lecturer: doc. PhDr. Pavl\u00edna Morganov\u00e1, Ph.D.<\/p>\n<p>The main idea of the course is to rotate the perspective of global art history while expanding the context of national art histories into the framework of Central and Eastern Europe. Although this region shares many qualities, its history is far more heterogeneous than that of the West. There are parallel discourses, particular canons and surprising asynchronicities, which is perhaps the reason why this territory is often neglected in global art histories of the latter half of the 20th century. In addition to attempting to introduce major artistic figures, their original artistic strategies and the places in which they worked, this course will attempt to build on Piotr Piotrowski\u2019s horizontal art history, which deploys a polycentric and non-hierarchical method to interpret the development of art history in different countries. Within the context of this methodology, we will reflect upon the relationship between East and West, centre and periphery, and other aspects of the art of Central and Eastern Europe. We will use individual examples to reveal the common context of the region, but also the diversity of developments in each country. Due to the breadth of the temporal and spatial scope of the lectures, we will focus only on carefully selected themes, places and personalities (architecture will feature only marginally). We will address themes such as identity, tradition, experimentation, propaganda, emancipation, alternative scenes, resistance and revolution. We will talk about post-war history, the Cold War and the culture of places such as Budapest, Warsaw, Berlin, \u0141\u00f3d\u017a, Zagreb, Ljubljana, Bucharest, Bratislava and of course Prague. We will focus on key figures such as Strzemi\u0144ski, Kobro, Teige, Boudn\u00edk, Kantor, \u010cumpel\u00edk, Gudera, Fangor, Kobzdej, Wr\u00f3blewski, Jarema, Szapoznikow, Kmentov\u00e1, \u017delibsk\u00e1, Kol\u00edbal, Malich, S\u00fdkora, Kol\u00e1\u0159, KwieKulik, Mlyn\u00e1r\u010dik, Kn\u00ed\u017e\u00e1k, S\u00e1glov\u00e1, OHO, Gorgona, Abramovi\u0107, R\u0103ducanu, Gotovac, Ivekovi\u0107, Robakowski, Grigorescu, \u0160tembera, Miler, Kovanda, Koller, Valoch, Beke, Gal\u00e1ntai, Opa\u0142ka, Partum, Prigov, Kabakov, Bulatov, Komar and Melamid, Stilinovi\u0107, Gruppa, Teren, Irwin, Perjovski, Libera, Kozyra, and many others. The lectures will include period documentaries, films, discussions, and visits to specific exhibitions and other places.<\/p>\n","protected":false},"excerpt":{"rendered":"<p>The staff of VVP AVU participate in the teaching of theoretical subjects on the master\u2019s and doctoral programmes. Teaching is thus expanded to include lectures and seminars that are closely related to the research being conducted. Czech Art of the 20th Century Lecturer: doc. PhDr. Pavl\u00edna Morganov\u00e1, Ph.D. This two-semester lecture series introduces the basic [&hellip;]<\/p>\n","protected":false},"author":5,"featured_media":0,"parent":0,"menu_order":142,"comment_status":"closed","ping_status":"open","template":"","meta":{"inline_featured_image":false},"acf":[],"yoast_head":"<!-- This site is optimized with the Yoast SEO plugin v19.6.1 - https:\/\/yoast.com\/wordpress\/plugins\/seo\/ -->\n<title>Teaching at AVU - VVP AVU<\/title>\n<meta name=\"robots\" content=\"index, follow, max-snippet:-1, max-image-preview:large, max-video-preview:-1\" \/>\n<link rel=\"canonical\" href=\"https:\/\/vvp.avu.cz\/en\/vyuka-na-avu\/\" \/>\n<meta property=\"og:locale\" content=\"en_US\" \/>\n<meta property=\"og:type\" content=\"article\" \/>\n<meta property=\"og:title\" content=\"Teaching at AVU - VVP AVU\" \/>\n<meta property=\"og:description\" content=\"The staff of VVP AVU participate in the teaching of theoretical subjects on the master\u2019s and doctoral programmes. Teaching is thus expanded to include lectures and seminars that are closely related to the research being conducted. Czech Art of the 20th Century Lecturer: doc. PhDr. Pavl\u00edna Morganov\u00e1, Ph.D. This two-semester lecture series introduces the basic [&hellip;]\" \/>\n<meta property=\"og:url\" content=\"https:\/\/vvp.avu.cz\/en\/vyuka-na-avu\/\" \/>\n<meta property=\"og:site_name\" content=\"VVP AVU\" \/>\n<meta property=\"article:publisher\" content=\"https:\/\/www.facebook.com\/VVPAVU\/\" \/>\n<meta property=\"article:modified_time\" content=\"2026-01-23T07:54:42+00:00\" \/>\n<meta name=\"twitter:card\" content=\"summary_large_image\" \/>\n<meta name=\"twitter:label1\" content=\"Est. reading time\" \/>\n\t<meta name=\"twitter:data1\" content=\"4 minutes\" \/>\n<script type=\"application\/ld+json\" class=\"yoast-schema-graph\">{\"@context\":\"https:\/\/schema.org\",\"@graph\":[{\"@type\":\"WebPage\",\"@id\":\"https:\/\/vvp.avu.cz\/en\/vyuka-na-avu\/\",\"url\":\"https:\/\/vvp.avu.cz\/en\/vyuka-na-avu\/\",\"name\":\"Teaching at AVU - VVP AVU\",\"isPartOf\":{\"@id\":\"https:\/\/vvp.avu.cz\/en\/#website\"},\"datePublished\":\"2014-08-26T16:38:18+00:00\",\"dateModified\":\"2026-01-23T07:54:42+00:00\",\"breadcrumb\":{\"@id\":\"https:\/\/vvp.avu.cz\/en\/vyuka-na-avu\/#breadcrumb\"},\"inLanguage\":\"en-US\",\"potentialAction\":[{\"@type\":\"ReadAction\",\"target\":[\"https:\/\/vvp.avu.cz\/en\/vyuka-na-avu\/\"]}]},{\"@type\":\"BreadcrumbList\",\"@id\":\"https:\/\/vvp.avu.cz\/en\/vyuka-na-avu\/#breadcrumb\",\"itemListElement\":[{\"@type\":\"ListItem\",\"position\":1,\"name\":\"Dom\u016f\",\"item\":\"https:\/\/vvp.avu.cz\/en\/\"},{\"@type\":\"ListItem\",\"position\":2,\"name\":\"Teaching at AVU\"}]},{\"@type\":\"WebSite\",\"@id\":\"https:\/\/vvp.avu.cz\/en\/#website\",\"url\":\"https:\/\/vvp.avu.cz\/en\/\",\"name\":\"VVP AVU\",\"description\":\"posilujeme v\u00fdzkum a v\u011bdu o um\u011bn\u00ed a otev\u00edr\u00e1me ji ve\u0159ejnosti\",\"potentialAction\":[{\"@type\":\"SearchAction\",\"target\":{\"@type\":\"EntryPoint\",\"urlTemplate\":\"https:\/\/vvp.avu.cz\/en\/?s={search_term_string}\"},\"query-input\":\"required name=search_term_string\"}],\"inLanguage\":\"en-US\"}]}<\/script>\n<!-- \/ Yoast SEO plugin. -->","yoast_head_json":{"title":"Teaching at AVU - VVP AVU","robots":{"index":"index","follow":"follow","max-snippet":"max-snippet:-1","max-image-preview":"max-image-preview:large","max-video-preview":"max-video-preview:-1"},"canonical":"https:\/\/vvp.avu.cz\/en\/vyuka-na-avu\/","og_locale":"en_US","og_type":"article","og_title":"Teaching at AVU - VVP AVU","og_description":"The staff of VVP AVU participate in the teaching of theoretical subjects on the master\u2019s and doctoral programmes. Teaching is thus expanded to include lectures and seminars that are closely related to the research being conducted. Czech Art of the 20th Century Lecturer: doc. PhDr. Pavl\u00edna Morganov\u00e1, Ph.D. This two-semester lecture series introduces the basic [&hellip;]","og_url":"https:\/\/vvp.avu.cz\/en\/vyuka-na-avu\/","og_site_name":"VVP AVU","article_publisher":"https:\/\/www.facebook.com\/VVPAVU\/","article_modified_time":"2026-01-23T07:54:42+00:00","twitter_card":"summary_large_image","twitter_misc":{"Est. reading time":"4 minutes"},"schema":{"@context":"https:\/\/schema.org","@graph":[{"@type":"WebPage","@id":"https:\/\/vvp.avu.cz\/en\/vyuka-na-avu\/","url":"https:\/\/vvp.avu.cz\/en\/vyuka-na-avu\/","name":"Teaching at AVU - VVP AVU","isPartOf":{"@id":"https:\/\/vvp.avu.cz\/en\/#website"},"datePublished":"2014-08-26T16:38:18+00:00","dateModified":"2026-01-23T07:54:42+00:00","breadcrumb":{"@id":"https:\/\/vvp.avu.cz\/en\/vyuka-na-avu\/#breadcrumb"},"inLanguage":"en-US","potentialAction":[{"@type":"ReadAction","target":["https:\/\/vvp.avu.cz\/en\/vyuka-na-avu\/"]}]},{"@type":"BreadcrumbList","@id":"https:\/\/vvp.avu.cz\/en\/vyuka-na-avu\/#breadcrumb","itemListElement":[{"@type":"ListItem","position":1,"name":"Dom\u016f","item":"https:\/\/vvp.avu.cz\/en\/"},{"@type":"ListItem","position":2,"name":"Teaching at AVU"}]},{"@type":"WebSite","@id":"https:\/\/vvp.avu.cz\/en\/#website","url":"https:\/\/vvp.avu.cz\/en\/","name":"VVP AVU","description":"posilujeme v\u00fdzkum a v\u011bdu o um\u011bn\u00ed a otev\u00edr\u00e1me ji ve\u0159ejnosti","potentialAction":[{"@type":"SearchAction","target":{"@type":"EntryPoint","urlTemplate":"https:\/\/vvp.avu.cz\/en\/?s={search_term_string}"},"query-input":"required name=search_term_string"}],"inLanguage":"en-US"}]}},"_links":{"self":[{"href":"https:\/\/vvp.avu.cz\/en\/wp-json\/wp\/v2\/pages\/5522"}],"collection":[{"href":"https:\/\/vvp.avu.cz\/en\/wp-json\/wp\/v2\/pages"}],"about":[{"href":"https:\/\/vvp.avu.cz\/en\/wp-json\/wp\/v2\/types\/page"}],"author":[{"embeddable":true,"href":"https:\/\/vvp.avu.cz\/en\/wp-json\/wp\/v2\/users\/5"}],"replies":[{"embeddable":true,"href":"https:\/\/vvp.avu.cz\/en\/wp-json\/wp\/v2\/comments?post=5522"}],"version-history":[{"count":4,"href":"https:\/\/vvp.avu.cz\/en\/wp-json\/wp\/v2\/pages\/5522\/revisions"}],"predecessor-version":[{"id":7381,"href":"https:\/\/vvp.avu.cz\/en\/wp-json\/wp\/v2\/pages\/5522\/revisions\/7381"}],"wp:attachment":[{"href":"https:\/\/vvp.avu.cz\/en\/wp-json\/wp\/v2\/media?parent=5522"}],"curies":[{"name":"wp","href":"https:\/\/api.w.org\/{rel}","templated":true}]}}