{"id":5799,"date":"2014-09-26T08:49:51","date_gmt":"2014-09-26T07:49:51","guid":{"rendered":"https:\/\/vvp.avu.cz\/tym\/pavlina-morganova\/"},"modified":"2022-09-07T10:21:23","modified_gmt":"2022-09-07T09:21:23","slug":"pavlina-morganova","status":"publish","type":"page","link":"https:\/\/vvp.avu.cz\/en\/staff\/pavlina-morganova\/","title":{"rendered":"doc. PhDr. Pavl\u00edna Morganov\u00e1, Ph.D."},"content":{"rendered":"<p>Pavl\u00edna Morganov\u00e1 has been working at the Academy of Fine Arts in Prague since 1997, and since 2013 has been head of the Academic Research Centre. In 2014\u22122016, she held the position of Vice-Rector for Student Affairs, and in 2017\u22122022 she was Vice-Rector for Arts, Research and Development. She lectures on the history of 20th-century Czech art. In recent years, she has conducted extensive research into the history of exhibitions, the output of which is the book Pavl\u00edna Morganov\u00e1 \u2013 Terezie Nekvindov\u00e1 \u2013 Dagmar Svato\u0161ov\u00e1, <em>V\u00fdstava jako m\u00e9dium. \u010cesk\u00e9 um\u011bn\u00ed 1957\u22121999<\/em> (VVP AVU 2020). She is the author of the following books: <em>Proch\u00e1zka ak\u010dn\u00ed Prahou \/ Akce, performance, happeningy 1939\u22121989<\/em> (VVP AVU 2014), <em>Czech Action Art \/ Happenings, Actions, Events, Land Art, Body Art and Performance Art Behind the Iron Curtain<\/em> (Karolinum Press 2014), <em>Action Art<\/em> (Votobia, 1999, 2nd edition Nakladatelstv\u00ed J. Vacl, 2010); co-editor of the anthology <em>\u010cesk\u00e9 um\u011bn\u00ed 1939\u22121989 \/ Programy, kritick\u00e9 texty, dokumenty<\/em> (Academia, 2001) and\u00a0<em>\u010cesk\u00e9 um\u011bn\u00ed 1980\u22122010 \/ Texty a\u00a0dokumenty<\/em> (VVP AVU, 2012). She has published many articles in journals and exhibitions, e.g. <em>Ji\u0159\u00ed Kovanda \/ I Haven\u2019t Been Here Yet<\/em> (Wroc\u0142aw Contemporary Museum, The Brno House of Arts, 2013), <em>Islands of Resistance: Between the First and Second Modernities 1985\u22122012<\/em> (National Gallery in Prague, 2011), <em>Fluxus East<\/em> (K\u00fcnstler-haus Bethanien, Berlin 2007), <em>Action, Word, Movement, Space<\/em> (GHMP 1999). She has also curated exhibitions, e.g. <em>N\u011bkdy v\u00a0sukni \/ Um\u011bn\u00ed 90. let<\/em> (In a Skirt \u2013 Sometimes: Art of the 1990s) (Moravian Gallery in Brno and\u00a0GHMP 2014), <em>Za\u010d\u00e1tek stolet\u00ed<\/em> (Z\u00e1pado\u010desk\u00e1 galerie v\u00a0Plzni 2012, Gallery of Fine Arts in Ostrava 2013), <em>Insiders \/ Nen\u00e1padn\u00e1 generace 2. pol. 90. let<\/em> (D\u016fm um\u011bn\u00ed m\u011bsta Brna, 2004, Futura, Prague 2005). In addition to her extensive publishing activities, she is the recipient of many specialist grants and regularly participates at international conferences and symposia. She is a member of the editorial board of <em>Notebook for Art, Theory and Related Zones<\/em>, and since 2018 has been a member of the editorial board of <em>ArteActa<\/em>. In 2014\u22122017, she was an editor of <em>Artlist<\/em>, and in 2015\u22122017 was a member of the jury of the Jind\u0159ich Chalupeck\u00fd Award.<\/p>\n","protected":false},"excerpt":{"rendered":"<p>Pavl\u00edna Morganov\u00e1 has been working at the Academy of Fine Arts in Prague since 1997, and since 2013 has been head of the Academic Research Centre. In 2014\u22122016, she held the position of Vice-Rector for Student Affairs, and in 2017\u22122022 she was Vice-Rector for Arts, Research and Development. She lectures on the history of 20th-century [&hellip;]<\/p>\n","protected":false},"author":5,"featured_media":0,"parent":5525,"menu_order":91,"comment_status":"closed","ping_status":"open","template":"","meta":{"inline_featured_image":false},"acf":[],"yoast_head":"<!-- This site is optimized with the Yoast SEO plugin v19.6.1 - https:\/\/yoast.com\/wordpress\/plugins\/seo\/ -->\n<title>doc. PhDr. Pavl\u00edna Morganov\u00e1, Ph.D. - VVP AVU<\/title>\n<meta name=\"robots\" content=\"index, follow, max-snippet:-1, max-image-preview:large, max-video-preview:-1\" \/>\n<link rel=\"canonical\" href=\"https:\/\/vvp.avu.cz\/en\/staff\/pavlina-morganova\/\" \/>\n<meta property=\"og:locale\" content=\"en_US\" \/>\n<meta property=\"og:type\" content=\"article\" \/>\n<meta property=\"og:title\" content=\"doc. PhDr. Pavl\u00edna Morganov\u00e1, Ph.D. - VVP AVU\" \/>\n<meta property=\"og:description\" content=\"Pavl\u00edna Morganov\u00e1 has been working at the Academy of Fine Arts in Prague since 1997, and since 2013 has been head of the Academic Research Centre. In 2014\u22122016, she held the position of Vice-Rector for Student Affairs, and in 2017\u22122022 she was Vice-Rector for Arts, Research and Development. She lectures on the history of 20th-century [&hellip;]\" \/>\n<meta property=\"og:url\" content=\"https:\/\/vvp.avu.cz\/en\/staff\/pavlina-morganova\/\" \/>\n<meta property=\"og:site_name\" content=\"VVP AVU\" \/>\n<meta property=\"article:publisher\" content=\"https:\/\/www.facebook.com\/VVPAVU\/\" \/>\n<meta property=\"article:modified_time\" content=\"2022-09-07T09:21:23+00:00\" \/>\n<meta name=\"twitter:card\" content=\"summary_large_image\" \/>\n<meta name=\"twitter:label1\" content=\"Est. reading time\" \/>\n\t<meta name=\"twitter:data1\" content=\"2 minutes\" \/>\n<script type=\"application\/ld+json\" class=\"yoast-schema-graph\">{\"@context\":\"https:\/\/schema.org\",\"@graph\":[{\"@type\":\"WebPage\",\"@id\":\"https:\/\/vvp.avu.cz\/en\/staff\/pavlina-morganova\/\",\"url\":\"https:\/\/vvp.avu.cz\/en\/staff\/pavlina-morganova\/\",\"name\":\"doc. PhDr. Pavl\u00edna Morganov\u00e1, Ph.D. - VVP AVU\",\"isPartOf\":{\"@id\":\"https:\/\/vvp.avu.cz\/en\/#website\"},\"datePublished\":\"2014-09-26T07:49:51+00:00\",\"dateModified\":\"2022-09-07T09:21:23+00:00\",\"breadcrumb\":{\"@id\":\"https:\/\/vvp.avu.cz\/en\/staff\/pavlina-morganova\/#breadcrumb\"},\"inLanguage\":\"en-US\",\"potentialAction\":[{\"@type\":\"ReadAction\",\"target\":[\"https:\/\/vvp.avu.cz\/en\/staff\/pavlina-morganova\/\"]}]},{\"@type\":\"BreadcrumbList\",\"@id\":\"https:\/\/vvp.avu.cz\/en\/staff\/pavlina-morganova\/#breadcrumb\",\"itemListElement\":[{\"@type\":\"ListItem\",\"position\":1,\"name\":\"Dom\u016f\",\"item\":\"https:\/\/vvp.avu.cz\/en\/\"},{\"@type\":\"ListItem\",\"position\":2,\"name\":\"Staff\",\"item\":\"https:\/\/vvp.avu.cz\/en\/staff\/\"},{\"@type\":\"ListItem\",\"position\":3,\"name\":\"doc. PhDr. Pavl\u00edna Morganov\u00e1, Ph.D.\"}]},{\"@type\":\"WebSite\",\"@id\":\"https:\/\/vvp.avu.cz\/en\/#website\",\"url\":\"https:\/\/vvp.avu.cz\/en\/\",\"name\":\"VVP AVU\",\"description\":\"posilujeme v\u00fdzkum a v\u011bdu o um\u011bn\u00ed a otev\u00edr\u00e1me ji ve\u0159ejnosti\",\"potentialAction\":[{\"@type\":\"SearchAction\",\"target\":{\"@type\":\"EntryPoint\",\"urlTemplate\":\"https:\/\/vvp.avu.cz\/en\/?s={search_term_string}\"},\"query-input\":\"required name=search_term_string\"}],\"inLanguage\":\"en-US\"}]}<\/script>\n<!-- \/ Yoast SEO plugin. -->","yoast_head_json":{"title":"doc. PhDr. Pavl\u00edna Morganov\u00e1, Ph.D. - VVP AVU","robots":{"index":"index","follow":"follow","max-snippet":"max-snippet:-1","max-image-preview":"max-image-preview:large","max-video-preview":"max-video-preview:-1"},"canonical":"https:\/\/vvp.avu.cz\/en\/staff\/pavlina-morganova\/","og_locale":"en_US","og_type":"article","og_title":"doc. PhDr. Pavl\u00edna Morganov\u00e1, Ph.D. - VVP AVU","og_description":"Pavl\u00edna Morganov\u00e1 has been working at the Academy of Fine Arts in Prague since 1997, and since 2013 has been head of the Academic Research Centre. In 2014\u22122016, she held the position of Vice-Rector for Student Affairs, and in 2017\u22122022 she was Vice-Rector for Arts, Research and Development. She lectures on the history of 20th-century [&hellip;]","og_url":"https:\/\/vvp.avu.cz\/en\/staff\/pavlina-morganova\/","og_site_name":"VVP AVU","article_publisher":"https:\/\/www.facebook.com\/VVPAVU\/","article_modified_time":"2022-09-07T09:21:23+00:00","twitter_card":"summary_large_image","twitter_misc":{"Est. reading time":"2 minutes"},"schema":{"@context":"https:\/\/schema.org","@graph":[{"@type":"WebPage","@id":"https:\/\/vvp.avu.cz\/en\/staff\/pavlina-morganova\/","url":"https:\/\/vvp.avu.cz\/en\/staff\/pavlina-morganova\/","name":"doc. PhDr. Pavl\u00edna Morganov\u00e1, Ph.D. - VVP AVU","isPartOf":{"@id":"https:\/\/vvp.avu.cz\/en\/#website"},"datePublished":"2014-09-26T07:49:51+00:00","dateModified":"2022-09-07T09:21:23+00:00","breadcrumb":{"@id":"https:\/\/vvp.avu.cz\/en\/staff\/pavlina-morganova\/#breadcrumb"},"inLanguage":"en-US","potentialAction":[{"@type":"ReadAction","target":["https:\/\/vvp.avu.cz\/en\/staff\/pavlina-morganova\/"]}]},{"@type":"BreadcrumbList","@id":"https:\/\/vvp.avu.cz\/en\/staff\/pavlina-morganova\/#breadcrumb","itemListElement":[{"@type":"ListItem","position":1,"name":"Dom\u016f","item":"https:\/\/vvp.avu.cz\/en\/"},{"@type":"ListItem","position":2,"name":"Staff","item":"https:\/\/vvp.avu.cz\/en\/staff\/"},{"@type":"ListItem","position":3,"name":"doc. PhDr. Pavl\u00edna Morganov\u00e1, Ph.D."}]},{"@type":"WebSite","@id":"https:\/\/vvp.avu.cz\/en\/#website","url":"https:\/\/vvp.avu.cz\/en\/","name":"VVP AVU","description":"posilujeme v\u00fdzkum a v\u011bdu o um\u011bn\u00ed a otev\u00edr\u00e1me ji ve\u0159ejnosti","potentialAction":[{"@type":"SearchAction","target":{"@type":"EntryPoint","urlTemplate":"https:\/\/vvp.avu.cz\/en\/?s={search_term_string}"},"query-input":"required name=search_term_string"}],"inLanguage":"en-US"}]}},"_links":{"self":[{"href":"https:\/\/vvp.avu.cz\/en\/wp-json\/wp\/v2\/pages\/5799"}],"collection":[{"href":"https:\/\/vvp.avu.cz\/en\/wp-json\/wp\/v2\/pages"}],"about":[{"href":"https:\/\/vvp.avu.cz\/en\/wp-json\/wp\/v2\/types\/page"}],"author":[{"embeddable":true,"href":"https:\/\/vvp.avu.cz\/en\/wp-json\/wp\/v2\/users\/5"}],"replies":[{"embeddable":true,"href":"https:\/\/vvp.avu.cz\/en\/wp-json\/wp\/v2\/comments?post=5799"}],"version-history":[{"count":3,"href":"https:\/\/vvp.avu.cz\/en\/wp-json\/wp\/v2\/pages\/5799\/revisions"}],"predecessor-version":[{"id":5802,"href":"https:\/\/vvp.avu.cz\/en\/wp-json\/wp\/v2\/pages\/5799\/revisions\/5802"}],"up":[{"embeddable":true,"href":"https:\/\/vvp.avu.cz\/en\/wp-json\/wp\/v2\/pages\/5525"}],"wp:attachment":[{"href":"https:\/\/vvp.avu.cz\/en\/wp-json\/wp\/v2\/media?parent=5799"}],"curies":[{"name":"wp","href":"https:\/\/api.w.org\/{rel}","templated":true}]}}