{"id":5804,"date":"2014-09-26T08:40:11","date_gmt":"2014-09-26T07:40:11","guid":{"rendered":"https:\/\/vvp.avu.cz\/tym\/dagmar-svatosova\/"},"modified":"2022-09-07T10:23:32","modified_gmt":"2022-09-07T09:23:32","slug":"dagmar-svatosova","status":"publish","type":"page","link":"https:\/\/vvp.avu.cz\/en\/staff\/dagmar-svatosova\/","title":{"rendered":"Mgr. Dagmar Svato\u0161ov\u00e1"},"content":{"rendered":"<p>Dagmar Svato\u0161ov\u00e1 studied the History of Art at the Faculty of Arts, Charles University, where she received her master\u2019s degree in 1999. Since 2000, she has been working as an independent researcher at the AVU Academic Research Centre (VVP AVU). She specialises in Czech art of the second half of the 20th century, especially the methodology and theory of contemporary art history. She has participated in several long-term research projects at VVP AVU focusing on Czech post-war art. In 2020, she co-authored the book <em>V\u00fdstava jako m\u00e9dium. \u010cesk\u00e9 um\u011bn\u00ed 1957\u20131999<\/em>, which was the result of five years of research into Czech exhibition history. She was also the co-editor of the anthology <em>\u010cesk\u00e9 um\u011bn\u00ed 1939\u20131989. Programy, kritick\u00e9 texty, dokumenty<\/em> (Academia, 2001), <em>\u010cesk\u00e9 um\u011bn\u00ed 1980\u20132010. Texty a\u00a0dokumenty<\/em> (VVP AVU, 2012), the collective catalogue <em>Karel Malich, Dr\u00e1ty<\/em> (VVP AVU, 2005), et al. She is a member of the editorial board of the <em>Notebook for Art, Theory and Related Zones<\/em>, a peer-reviewed periodical focusing on contemporary visual arts within a broader cultural and theoretical context. Since 2016, she has been editor-in-chief of AVU Publishing.<\/p>\n","protected":false},"excerpt":{"rendered":"<p>Dagmar Svato\u0161ov\u00e1 studied the History of Art at the Faculty of Arts, Charles University, where she received her master\u2019s degree in 1999. Since 2000, she has been working as an independent researcher at the AVU Academic Research Centre (VVP AVU). She specialises in Czech art of the second half of the 20th century, especially the [&hellip;]<\/p>\n","protected":false},"author":5,"featured_media":0,"parent":5525,"menu_order":76,"comment_status":"closed","ping_status":"open","template":"","meta":{"inline_featured_image":false},"acf":[],"yoast_head":"<!-- This site is optimized with the Yoast SEO plugin v19.6.1 - https:\/\/yoast.com\/wordpress\/plugins\/seo\/ -->\n<title>Mgr. Dagmar Svato\u0161ov\u00e1 - VVP AVU<\/title>\n<meta name=\"robots\" content=\"index, follow, max-snippet:-1, max-image-preview:large, max-video-preview:-1\" \/>\n<link rel=\"canonical\" href=\"https:\/\/vvp.avu.cz\/en\/staff\/dagmar-svatosova\/\" \/>\n<meta property=\"og:locale\" content=\"en_US\" \/>\n<meta property=\"og:type\" content=\"article\" \/>\n<meta property=\"og:title\" content=\"Mgr. Dagmar Svato\u0161ov\u00e1 - VVP AVU\" \/>\n<meta property=\"og:description\" content=\"Dagmar Svato\u0161ov\u00e1 studied the History of Art at the Faculty of Arts, Charles University, where she received her master\u2019s degree in 1999. Since 2000, she has been working as an independent researcher at the AVU Academic Research Centre (VVP AVU). She specialises in Czech art of the second half of the 20th century, especially the [&hellip;]\" \/>\n<meta property=\"og:url\" content=\"https:\/\/vvp.avu.cz\/en\/staff\/dagmar-svatosova\/\" \/>\n<meta property=\"og:site_name\" content=\"VVP AVU\" \/>\n<meta property=\"article:publisher\" content=\"https:\/\/www.facebook.com\/VVPAVU\/\" \/>\n<meta property=\"article:modified_time\" content=\"2022-09-07T09:23:32+00:00\" \/>\n<meta name=\"twitter:card\" content=\"summary_large_image\" \/>\n<meta name=\"twitter:label1\" content=\"Est. reading time\" \/>\n\t<meta name=\"twitter:data1\" content=\"1 minute\" \/>\n<script type=\"application\/ld+json\" class=\"yoast-schema-graph\">{\"@context\":\"https:\/\/schema.org\",\"@graph\":[{\"@type\":\"WebPage\",\"@id\":\"https:\/\/vvp.avu.cz\/en\/staff\/dagmar-svatosova\/\",\"url\":\"https:\/\/vvp.avu.cz\/en\/staff\/dagmar-svatosova\/\",\"name\":\"Mgr. Dagmar Svato\u0161ov\u00e1 - VVP AVU\",\"isPartOf\":{\"@id\":\"https:\/\/vvp.avu.cz\/en\/#website\"},\"datePublished\":\"2014-09-26T07:40:11+00:00\",\"dateModified\":\"2022-09-07T09:23:32+00:00\",\"breadcrumb\":{\"@id\":\"https:\/\/vvp.avu.cz\/en\/staff\/dagmar-svatosova\/#breadcrumb\"},\"inLanguage\":\"en-US\",\"potentialAction\":[{\"@type\":\"ReadAction\",\"target\":[\"https:\/\/vvp.avu.cz\/en\/staff\/dagmar-svatosova\/\"]}]},{\"@type\":\"BreadcrumbList\",\"@id\":\"https:\/\/vvp.avu.cz\/en\/staff\/dagmar-svatosova\/#breadcrumb\",\"itemListElement\":[{\"@type\":\"ListItem\",\"position\":1,\"name\":\"Dom\u016f\",\"item\":\"https:\/\/vvp.avu.cz\/en\/\"},{\"@type\":\"ListItem\",\"position\":2,\"name\":\"Staff\",\"item\":\"https:\/\/vvp.avu.cz\/en\/staff\/\"},{\"@type\":\"ListItem\",\"position\":3,\"name\":\"Mgr. Dagmar Svato\u0161ov\u00e1\"}]},{\"@type\":\"WebSite\",\"@id\":\"https:\/\/vvp.avu.cz\/en\/#website\",\"url\":\"https:\/\/vvp.avu.cz\/en\/\",\"name\":\"VVP AVU\",\"description\":\"posilujeme v\u00fdzkum a v\u011bdu o um\u011bn\u00ed a otev\u00edr\u00e1me ji ve\u0159ejnosti\",\"potentialAction\":[{\"@type\":\"SearchAction\",\"target\":{\"@type\":\"EntryPoint\",\"urlTemplate\":\"https:\/\/vvp.avu.cz\/en\/?s={search_term_string}\"},\"query-input\":\"required name=search_term_string\"}],\"inLanguage\":\"en-US\"}]}<\/script>\n<!-- \/ Yoast SEO plugin. -->","yoast_head_json":{"title":"Mgr. Dagmar Svato\u0161ov\u00e1 - VVP AVU","robots":{"index":"index","follow":"follow","max-snippet":"max-snippet:-1","max-image-preview":"max-image-preview:large","max-video-preview":"max-video-preview:-1"},"canonical":"https:\/\/vvp.avu.cz\/en\/staff\/dagmar-svatosova\/","og_locale":"en_US","og_type":"article","og_title":"Mgr. Dagmar Svato\u0161ov\u00e1 - VVP AVU","og_description":"Dagmar Svato\u0161ov\u00e1 studied the History of Art at the Faculty of Arts, Charles University, where she received her master\u2019s degree in 1999. Since 2000, she has been working as an independent researcher at the AVU Academic Research Centre (VVP AVU). She specialises in Czech art of the second half of the 20th century, especially the [&hellip;]","og_url":"https:\/\/vvp.avu.cz\/en\/staff\/dagmar-svatosova\/","og_site_name":"VVP AVU","article_publisher":"https:\/\/www.facebook.com\/VVPAVU\/","article_modified_time":"2022-09-07T09:23:32+00:00","twitter_card":"summary_large_image","twitter_misc":{"Est. reading time":"1 minute"},"schema":{"@context":"https:\/\/schema.org","@graph":[{"@type":"WebPage","@id":"https:\/\/vvp.avu.cz\/en\/staff\/dagmar-svatosova\/","url":"https:\/\/vvp.avu.cz\/en\/staff\/dagmar-svatosova\/","name":"Mgr. Dagmar Svato\u0161ov\u00e1 - VVP AVU","isPartOf":{"@id":"https:\/\/vvp.avu.cz\/en\/#website"},"datePublished":"2014-09-26T07:40:11+00:00","dateModified":"2022-09-07T09:23:32+00:00","breadcrumb":{"@id":"https:\/\/vvp.avu.cz\/en\/staff\/dagmar-svatosova\/#breadcrumb"},"inLanguage":"en-US","potentialAction":[{"@type":"ReadAction","target":["https:\/\/vvp.avu.cz\/en\/staff\/dagmar-svatosova\/"]}]},{"@type":"BreadcrumbList","@id":"https:\/\/vvp.avu.cz\/en\/staff\/dagmar-svatosova\/#breadcrumb","itemListElement":[{"@type":"ListItem","position":1,"name":"Dom\u016f","item":"https:\/\/vvp.avu.cz\/en\/"},{"@type":"ListItem","position":2,"name":"Staff","item":"https:\/\/vvp.avu.cz\/en\/staff\/"},{"@type":"ListItem","position":3,"name":"Mgr. Dagmar Svato\u0161ov\u00e1"}]},{"@type":"WebSite","@id":"https:\/\/vvp.avu.cz\/en\/#website","url":"https:\/\/vvp.avu.cz\/en\/","name":"VVP AVU","description":"posilujeme v\u00fdzkum a v\u011bdu o um\u011bn\u00ed a otev\u00edr\u00e1me ji ve\u0159ejnosti","potentialAction":[{"@type":"SearchAction","target":{"@type":"EntryPoint","urlTemplate":"https:\/\/vvp.avu.cz\/en\/?s={search_term_string}"},"query-input":"required name=search_term_string"}],"inLanguage":"en-US"}]}},"_links":{"self":[{"href":"https:\/\/vvp.avu.cz\/en\/wp-json\/wp\/v2\/pages\/5804"}],"collection":[{"href":"https:\/\/vvp.avu.cz\/en\/wp-json\/wp\/v2\/pages"}],"about":[{"href":"https:\/\/vvp.avu.cz\/en\/wp-json\/wp\/v2\/types\/page"}],"author":[{"embeddable":true,"href":"https:\/\/vvp.avu.cz\/en\/wp-json\/wp\/v2\/users\/5"}],"replies":[{"embeddable":true,"href":"https:\/\/vvp.avu.cz\/en\/wp-json\/wp\/v2\/comments?post=5804"}],"version-history":[{"count":1,"href":"https:\/\/vvp.avu.cz\/en\/wp-json\/wp\/v2\/pages\/5804\/revisions"}],"predecessor-version":[{"id":5805,"href":"https:\/\/vvp.avu.cz\/en\/wp-json\/wp\/v2\/pages\/5804\/revisions\/5805"}],"up":[{"embeddable":true,"href":"https:\/\/vvp.avu.cz\/en\/wp-json\/wp\/v2\/pages\/5525"}],"wp:attachment":[{"href":"https:\/\/vvp.avu.cz\/en\/wp-json\/wp\/v2\/media?parent=5804"}],"curies":[{"name":"wp","href":"https:\/\/api.w.org\/{rel}","templated":true}]}}