{"id":5807,"date":"2022-07-15T10:59:30","date_gmt":"2022-07-15T09:59:30","guid":{"rendered":"https:\/\/vvp.avu.cz\/tym\/mgr-lujza-kotocova\/"},"modified":"2022-09-07T10:24:35","modified_gmt":"2022-09-07T09:24:35","slug":"mgr-lujza-kotocova","status":"publish","type":"page","link":"https:\/\/vvp.avu.cz\/en\/staff\/mgr-lujza-kotocova\/","title":{"rendered":"Mgr. Lujza Koto\u010dov\u00e1"},"content":{"rendered":"<p>Lujza Koto\u010dov\u00e1 studied art history at Charles University in Prague. During her studies she completed study trip at Universit\u00e4t Hamburg and participated in the activities of the AVU Academic Research Centre, of which she has been an internal member since 2021. In the past she has collaborated on research projects including Behind the Artwork: Thinking Art Against the Cold War\u2019s Bloc Polarity (FWF Austrian Science Fund), Audiovizu\u00e1ln\u00ed d\u00edlo mimo kontext kinematografie: dokumentace, archivace a\u00a0zp\u0159\u00edstupn\u011bn\u00ed (National Film Archive), and preparations of the documentary exhibition The Modern Idol: Henry Moore in the Eastern Bloc (The National Museum of Art of Romania, Bucharest 2021). Her main areas of expertise include the intellectual influences on artistic production in the late socialist period, the institutional framework of art criticism, and the question of how to preserve ephemeral art.<\/p>\n","protected":false},"excerpt":{"rendered":"<p>Lujza Koto\u010dov\u00e1 studied art history at Charles University in Prague. During her studies she completed study trip at Universit\u00e4t Hamburg and participated in the activities of the AVU Academic Research Centre, of which she has been an internal member since 2021. In the past she has collaborated on research projects including Behind the Artwork: Thinking [&hellip;]<\/p>\n","protected":false},"author":3,"featured_media":0,"parent":5525,"menu_order":12,"comment_status":"closed","ping_status":"closed","template":"","meta":{"inline_featured_image":false},"acf":[],"yoast_head":"<!-- This site is optimized with the Yoast SEO plugin v19.6.1 - https:\/\/yoast.com\/wordpress\/plugins\/seo\/ -->\n<title>Mgr. Lujza Koto\u010dov\u00e1 - VVP AVU<\/title>\n<meta name=\"robots\" content=\"index, follow, max-snippet:-1, max-image-preview:large, max-video-preview:-1\" \/>\n<link rel=\"canonical\" href=\"https:\/\/vvp.avu.cz\/en\/staff\/mgr-lujza-kotocova\/\" \/>\n<meta property=\"og:locale\" content=\"en_US\" \/>\n<meta property=\"og:type\" content=\"article\" \/>\n<meta property=\"og:title\" content=\"Mgr. Lujza Koto\u010dov\u00e1 - VVP AVU\" \/>\n<meta property=\"og:description\" content=\"Lujza Koto\u010dov\u00e1 studied art history at Charles University in Prague. During her studies she completed study trip at Universit\u00e4t Hamburg and participated in the activities of the AVU Academic Research Centre, of which she has been an internal member since 2021. In the past she has collaborated on research projects including Behind the Artwork: Thinking [&hellip;]\" \/>\n<meta property=\"og:url\" content=\"https:\/\/vvp.avu.cz\/en\/staff\/mgr-lujza-kotocova\/\" \/>\n<meta property=\"og:site_name\" content=\"VVP AVU\" \/>\n<meta property=\"article:publisher\" content=\"https:\/\/www.facebook.com\/VVPAVU\/\" \/>\n<meta property=\"article:modified_time\" content=\"2022-09-07T09:24:35+00:00\" \/>\n<meta name=\"twitter:card\" content=\"summary_large_image\" \/>\n<meta name=\"twitter:label1\" content=\"Est. reading time\" \/>\n\t<meta name=\"twitter:data1\" content=\"1 minute\" \/>\n<script type=\"application\/ld+json\" class=\"yoast-schema-graph\">{\"@context\":\"https:\/\/schema.org\",\"@graph\":[{\"@type\":\"WebPage\",\"@id\":\"https:\/\/vvp.avu.cz\/en\/staff\/mgr-lujza-kotocova\/\",\"url\":\"https:\/\/vvp.avu.cz\/en\/staff\/mgr-lujza-kotocova\/\",\"name\":\"Mgr. Lujza Koto\u010dov\u00e1 - VVP AVU\",\"isPartOf\":{\"@id\":\"https:\/\/vvp.avu.cz\/en\/#website\"},\"datePublished\":\"2022-07-15T09:59:30+00:00\",\"dateModified\":\"2022-09-07T09:24:35+00:00\",\"breadcrumb\":{\"@id\":\"https:\/\/vvp.avu.cz\/en\/staff\/mgr-lujza-kotocova\/#breadcrumb\"},\"inLanguage\":\"en-US\",\"potentialAction\":[{\"@type\":\"ReadAction\",\"target\":[\"https:\/\/vvp.avu.cz\/en\/staff\/mgr-lujza-kotocova\/\"]}]},{\"@type\":\"BreadcrumbList\",\"@id\":\"https:\/\/vvp.avu.cz\/en\/staff\/mgr-lujza-kotocova\/#breadcrumb\",\"itemListElement\":[{\"@type\":\"ListItem\",\"position\":1,\"name\":\"Dom\u016f\",\"item\":\"https:\/\/vvp.avu.cz\/en\/\"},{\"@type\":\"ListItem\",\"position\":2,\"name\":\"Staff\",\"item\":\"https:\/\/vvp.avu.cz\/en\/staff\/\"},{\"@type\":\"ListItem\",\"position\":3,\"name\":\"Mgr. Lujza Koto\u010dov\u00e1\"}]},{\"@type\":\"WebSite\",\"@id\":\"https:\/\/vvp.avu.cz\/en\/#website\",\"url\":\"https:\/\/vvp.avu.cz\/en\/\",\"name\":\"VVP AVU\",\"description\":\"posilujeme v\u00fdzkum a v\u011bdu o um\u011bn\u00ed a otev\u00edr\u00e1me ji ve\u0159ejnosti\",\"potentialAction\":[{\"@type\":\"SearchAction\",\"target\":{\"@type\":\"EntryPoint\",\"urlTemplate\":\"https:\/\/vvp.avu.cz\/en\/?s={search_term_string}\"},\"query-input\":\"required name=search_term_string\"}],\"inLanguage\":\"en-US\"}]}<\/script>\n<!-- \/ Yoast SEO plugin. -->","yoast_head_json":{"title":"Mgr. Lujza Koto\u010dov\u00e1 - VVP AVU","robots":{"index":"index","follow":"follow","max-snippet":"max-snippet:-1","max-image-preview":"max-image-preview:large","max-video-preview":"max-video-preview:-1"},"canonical":"https:\/\/vvp.avu.cz\/en\/staff\/mgr-lujza-kotocova\/","og_locale":"en_US","og_type":"article","og_title":"Mgr. Lujza Koto\u010dov\u00e1 - VVP AVU","og_description":"Lujza Koto\u010dov\u00e1 studied art history at Charles University in Prague. During her studies she completed study trip at Universit\u00e4t Hamburg and participated in the activities of the AVU Academic Research Centre, of which she has been an internal member since 2021. In the past she has collaborated on research projects including Behind the Artwork: Thinking [&hellip;]","og_url":"https:\/\/vvp.avu.cz\/en\/staff\/mgr-lujza-kotocova\/","og_site_name":"VVP AVU","article_publisher":"https:\/\/www.facebook.com\/VVPAVU\/","article_modified_time":"2022-09-07T09:24:35+00:00","twitter_card":"summary_large_image","twitter_misc":{"Est. reading time":"1 minute"},"schema":{"@context":"https:\/\/schema.org","@graph":[{"@type":"WebPage","@id":"https:\/\/vvp.avu.cz\/en\/staff\/mgr-lujza-kotocova\/","url":"https:\/\/vvp.avu.cz\/en\/staff\/mgr-lujza-kotocova\/","name":"Mgr. Lujza Koto\u010dov\u00e1 - VVP AVU","isPartOf":{"@id":"https:\/\/vvp.avu.cz\/en\/#website"},"datePublished":"2022-07-15T09:59:30+00:00","dateModified":"2022-09-07T09:24:35+00:00","breadcrumb":{"@id":"https:\/\/vvp.avu.cz\/en\/staff\/mgr-lujza-kotocova\/#breadcrumb"},"inLanguage":"en-US","potentialAction":[{"@type":"ReadAction","target":["https:\/\/vvp.avu.cz\/en\/staff\/mgr-lujza-kotocova\/"]}]},{"@type":"BreadcrumbList","@id":"https:\/\/vvp.avu.cz\/en\/staff\/mgr-lujza-kotocova\/#breadcrumb","itemListElement":[{"@type":"ListItem","position":1,"name":"Dom\u016f","item":"https:\/\/vvp.avu.cz\/en\/"},{"@type":"ListItem","position":2,"name":"Staff","item":"https:\/\/vvp.avu.cz\/en\/staff\/"},{"@type":"ListItem","position":3,"name":"Mgr. Lujza Koto\u010dov\u00e1"}]},{"@type":"WebSite","@id":"https:\/\/vvp.avu.cz\/en\/#website","url":"https:\/\/vvp.avu.cz\/en\/","name":"VVP AVU","description":"posilujeme v\u00fdzkum a v\u011bdu o um\u011bn\u00ed a otev\u00edr\u00e1me ji ve\u0159ejnosti","potentialAction":[{"@type":"SearchAction","target":{"@type":"EntryPoint","urlTemplate":"https:\/\/vvp.avu.cz\/en\/?s={search_term_string}"},"query-input":"required name=search_term_string"}],"inLanguage":"en-US"}]}},"_links":{"self":[{"href":"https:\/\/vvp.avu.cz\/en\/wp-json\/wp\/v2\/pages\/5807"}],"collection":[{"href":"https:\/\/vvp.avu.cz\/en\/wp-json\/wp\/v2\/pages"}],"about":[{"href":"https:\/\/vvp.avu.cz\/en\/wp-json\/wp\/v2\/types\/page"}],"author":[{"embeddable":true,"href":"https:\/\/vvp.avu.cz\/en\/wp-json\/wp\/v2\/users\/3"}],"replies":[{"embeddable":true,"href":"https:\/\/vvp.avu.cz\/en\/wp-json\/wp\/v2\/comments?post=5807"}],"version-history":[{"count":1,"href":"https:\/\/vvp.avu.cz\/en\/wp-json\/wp\/v2\/pages\/5807\/revisions"}],"predecessor-version":[{"id":5808,"href":"https:\/\/vvp.avu.cz\/en\/wp-json\/wp\/v2\/pages\/5807\/revisions\/5808"}],"up":[{"embeddable":true,"href":"https:\/\/vvp.avu.cz\/en\/wp-json\/wp\/v2\/pages\/5525"}],"wp:attachment":[{"href":"https:\/\/vvp.avu.cz\/en\/wp-json\/wp\/v2\/media?parent=5807"}],"curies":[{"name":"wp","href":"https:\/\/api.w.org\/{rel}","templated":true}]}}