{"id":5809,"date":"2022-07-19T09:56:15","date_gmt":"2022-07-19T08:56:15","guid":{"rendered":"https:\/\/vvp.avu.cz\/tym\/mgr-zuzana-kriskova\/"},"modified":"2022-09-07T10:25:17","modified_gmt":"2022-09-07T09:25:17","slug":"mgr-zuzana-kriskova","status":"publish","type":"page","link":"https:\/\/vvp.avu.cz\/en\/staff\/mgr-zuzana-kriskova\/","title":{"rendered":"Mgr. Zuzana Kri\u0161kov\u00e1"},"content":{"rendered":"<p>Zuzana Kri\u0161kov\u00e1 studied art history at Charles University in Prague. She collaborated with Marcel Fi\u0161er on the internet database socha\u0159stv\u00ed.info. She drew on on her interest in sculpture of the latter half of the 20th century within the context of several projects, the most important of which was an exhibition and book mapping the life and work of the Teplice sculptor Vladim\u00edr \u0160m\u00edd. With a working group created by Martin Zet she spent several years researching the work of the sculpture Milo\u0161 Zet. In 2015\u20132020, she was involved in the Sudek Project at the Institute of Art History of the Academy of Sciences. She is currently working on the photographic archive of Pavel Paul.<\/p>\n","protected":false},"excerpt":{"rendered":"<p>Zuzana Kri\u0161kov\u00e1 studied art history at Charles University in Prague. She collaborated with Marcel Fi\u0161er on the internet database socha\u0159stv\u00ed.info. She drew on on her interest in sculpture of the latter half of the 20th century within the context of several projects, the most important of which was an exhibition and book mapping the life [&hellip;]<\/p>\n","protected":false},"author":3,"featured_media":0,"parent":5525,"menu_order":11,"comment_status":"closed","ping_status":"closed","template":"","meta":{"inline_featured_image":false},"acf":[],"yoast_head":"<!-- This site is optimized with the Yoast SEO plugin v19.6.1 - https:\/\/yoast.com\/wordpress\/plugins\/seo\/ -->\n<title>Mgr. Zuzana Kri\u0161kov\u00e1 - VVP AVU<\/title>\n<meta name=\"robots\" content=\"index, follow, max-snippet:-1, max-image-preview:large, max-video-preview:-1\" \/>\n<link rel=\"canonical\" href=\"https:\/\/vvp.avu.cz\/en\/staff\/mgr-zuzana-kriskova\/\" \/>\n<meta property=\"og:locale\" content=\"en_US\" \/>\n<meta property=\"og:type\" content=\"article\" \/>\n<meta property=\"og:title\" content=\"Mgr. Zuzana Kri\u0161kov\u00e1 - VVP AVU\" \/>\n<meta property=\"og:description\" content=\"Zuzana Kri\u0161kov\u00e1 studied art history at Charles University in Prague. She collaborated with Marcel Fi\u0161er on the internet database socha\u0159stv\u00ed.info. She drew on on her interest in sculpture of the latter half of the 20th century within the context of several projects, the most important of which was an exhibition and book mapping the life [&hellip;]\" \/>\n<meta property=\"og:url\" content=\"https:\/\/vvp.avu.cz\/en\/staff\/mgr-zuzana-kriskova\/\" \/>\n<meta property=\"og:site_name\" content=\"VVP AVU\" \/>\n<meta property=\"article:publisher\" content=\"https:\/\/www.facebook.com\/VVPAVU\/\" \/>\n<meta property=\"article:modified_time\" content=\"2022-09-07T09:25:17+00:00\" \/>\n<meta name=\"twitter:card\" content=\"summary_large_image\" \/>\n<meta name=\"twitter:label1\" content=\"Est. reading time\" \/>\n\t<meta name=\"twitter:data1\" content=\"1 minute\" \/>\n<script type=\"application\/ld+json\" class=\"yoast-schema-graph\">{\"@context\":\"https:\/\/schema.org\",\"@graph\":[{\"@type\":\"WebPage\",\"@id\":\"https:\/\/vvp.avu.cz\/en\/staff\/mgr-zuzana-kriskova\/\",\"url\":\"https:\/\/vvp.avu.cz\/en\/staff\/mgr-zuzana-kriskova\/\",\"name\":\"Mgr. Zuzana Kri\u0161kov\u00e1 - VVP AVU\",\"isPartOf\":{\"@id\":\"https:\/\/vvp.avu.cz\/en\/#website\"},\"datePublished\":\"2022-07-19T08:56:15+00:00\",\"dateModified\":\"2022-09-07T09:25:17+00:00\",\"breadcrumb\":{\"@id\":\"https:\/\/vvp.avu.cz\/en\/staff\/mgr-zuzana-kriskova\/#breadcrumb\"},\"inLanguage\":\"en-US\",\"potentialAction\":[{\"@type\":\"ReadAction\",\"target\":[\"https:\/\/vvp.avu.cz\/en\/staff\/mgr-zuzana-kriskova\/\"]}]},{\"@type\":\"BreadcrumbList\",\"@id\":\"https:\/\/vvp.avu.cz\/en\/staff\/mgr-zuzana-kriskova\/#breadcrumb\",\"itemListElement\":[{\"@type\":\"ListItem\",\"position\":1,\"name\":\"Dom\u016f\",\"item\":\"https:\/\/vvp.avu.cz\/en\/\"},{\"@type\":\"ListItem\",\"position\":2,\"name\":\"Staff\",\"item\":\"https:\/\/vvp.avu.cz\/en\/staff\/\"},{\"@type\":\"ListItem\",\"position\":3,\"name\":\"Mgr. Zuzana Kri\u0161kov\u00e1\"}]},{\"@type\":\"WebSite\",\"@id\":\"https:\/\/vvp.avu.cz\/en\/#website\",\"url\":\"https:\/\/vvp.avu.cz\/en\/\",\"name\":\"VVP AVU\",\"description\":\"posilujeme v\u00fdzkum a v\u011bdu o um\u011bn\u00ed a otev\u00edr\u00e1me ji ve\u0159ejnosti\",\"potentialAction\":[{\"@type\":\"SearchAction\",\"target\":{\"@type\":\"EntryPoint\",\"urlTemplate\":\"https:\/\/vvp.avu.cz\/en\/?s={search_term_string}\"},\"query-input\":\"required name=search_term_string\"}],\"inLanguage\":\"en-US\"}]}<\/script>\n<!-- \/ Yoast SEO plugin. -->","yoast_head_json":{"title":"Mgr. Zuzana Kri\u0161kov\u00e1 - VVP AVU","robots":{"index":"index","follow":"follow","max-snippet":"max-snippet:-1","max-image-preview":"max-image-preview:large","max-video-preview":"max-video-preview:-1"},"canonical":"https:\/\/vvp.avu.cz\/en\/staff\/mgr-zuzana-kriskova\/","og_locale":"en_US","og_type":"article","og_title":"Mgr. Zuzana Kri\u0161kov\u00e1 - VVP AVU","og_description":"Zuzana Kri\u0161kov\u00e1 studied art history at Charles University in Prague. She collaborated with Marcel Fi\u0161er on the internet database socha\u0159stv\u00ed.info. She drew on on her interest in sculpture of the latter half of the 20th century within the context of several projects, the most important of which was an exhibition and book mapping the life [&hellip;]","og_url":"https:\/\/vvp.avu.cz\/en\/staff\/mgr-zuzana-kriskova\/","og_site_name":"VVP AVU","article_publisher":"https:\/\/www.facebook.com\/VVPAVU\/","article_modified_time":"2022-09-07T09:25:17+00:00","twitter_card":"summary_large_image","twitter_misc":{"Est. reading time":"1 minute"},"schema":{"@context":"https:\/\/schema.org","@graph":[{"@type":"WebPage","@id":"https:\/\/vvp.avu.cz\/en\/staff\/mgr-zuzana-kriskova\/","url":"https:\/\/vvp.avu.cz\/en\/staff\/mgr-zuzana-kriskova\/","name":"Mgr. Zuzana Kri\u0161kov\u00e1 - VVP AVU","isPartOf":{"@id":"https:\/\/vvp.avu.cz\/en\/#website"},"datePublished":"2022-07-19T08:56:15+00:00","dateModified":"2022-09-07T09:25:17+00:00","breadcrumb":{"@id":"https:\/\/vvp.avu.cz\/en\/staff\/mgr-zuzana-kriskova\/#breadcrumb"},"inLanguage":"en-US","potentialAction":[{"@type":"ReadAction","target":["https:\/\/vvp.avu.cz\/en\/staff\/mgr-zuzana-kriskova\/"]}]},{"@type":"BreadcrumbList","@id":"https:\/\/vvp.avu.cz\/en\/staff\/mgr-zuzana-kriskova\/#breadcrumb","itemListElement":[{"@type":"ListItem","position":1,"name":"Dom\u016f","item":"https:\/\/vvp.avu.cz\/en\/"},{"@type":"ListItem","position":2,"name":"Staff","item":"https:\/\/vvp.avu.cz\/en\/staff\/"},{"@type":"ListItem","position":3,"name":"Mgr. Zuzana Kri\u0161kov\u00e1"}]},{"@type":"WebSite","@id":"https:\/\/vvp.avu.cz\/en\/#website","url":"https:\/\/vvp.avu.cz\/en\/","name":"VVP AVU","description":"posilujeme v\u00fdzkum a v\u011bdu o um\u011bn\u00ed a otev\u00edr\u00e1me ji ve\u0159ejnosti","potentialAction":[{"@type":"SearchAction","target":{"@type":"EntryPoint","urlTemplate":"https:\/\/vvp.avu.cz\/en\/?s={search_term_string}"},"query-input":"required name=search_term_string"}],"inLanguage":"en-US"}]}},"_links":{"self":[{"href":"https:\/\/vvp.avu.cz\/en\/wp-json\/wp\/v2\/pages\/5809"}],"collection":[{"href":"https:\/\/vvp.avu.cz\/en\/wp-json\/wp\/v2\/pages"}],"about":[{"href":"https:\/\/vvp.avu.cz\/en\/wp-json\/wp\/v2\/types\/page"}],"author":[{"embeddable":true,"href":"https:\/\/vvp.avu.cz\/en\/wp-json\/wp\/v2\/users\/3"}],"replies":[{"embeddable":true,"href":"https:\/\/vvp.avu.cz\/en\/wp-json\/wp\/v2\/comments?post=5809"}],"version-history":[{"count":1,"href":"https:\/\/vvp.avu.cz\/en\/wp-json\/wp\/v2\/pages\/5809\/revisions"}],"predecessor-version":[{"id":5810,"href":"https:\/\/vvp.avu.cz\/en\/wp-json\/wp\/v2\/pages\/5809\/revisions\/5810"}],"up":[{"embeddable":true,"href":"https:\/\/vvp.avu.cz\/en\/wp-json\/wp\/v2\/pages\/5525"}],"wp:attachment":[{"href":"https:\/\/vvp.avu.cz\/en\/wp-json\/wp\/v2\/media?parent=5809"}],"curies":[{"name":"wp","href":"https:\/\/api.w.org\/{rel}","templated":true}]}}