{"id":5812,"date":"2022-07-15T09:51:16","date_gmt":"2022-07-15T08:51:16","guid":{"rendered":"https:\/\/vvp.avu.cz\/tym\/mgr-martin-skabraha-ph-d\/"},"modified":"2022-11-21T13:07:25","modified_gmt":"2022-11-21T12:07:25","slug":"mgr-martin-skabraha-ph-d","status":"publish","type":"page","link":"https:\/\/vvp.avu.cz\/en\/staff\/mgr-martin-skabraha-ph-d\/","title":{"rendered":"Mgr. Martin \u0160kabraha, Ph.D."},"content":{"rendered":"<p>Martin \u0160kabraha (1979) is the editor-in-chief of the Notebook for Art, Theory and Related Zones. He studied philosophy and history at the Faculty of Arts, Palack\u00fd University in Olomouc. In his PhD thesis he dealt with the problem of reflexive modernity. He authored and edited books in the fields of political theory, cultural studies and philosophy of science. His monography <em>Expelled to Paradise. Terrence Malick\u2019s Last Man<\/em> (2015) was published also in English. Recently he published <em>Za hranice kapitalismu<\/em> [Beyond the Frontiers of Capitalism] (2020), as co-author and co-editor, and co-edited the anthology of Piotr Piotrowski\u2019s texts <em>Um\u011bn\u00ed a emancipace<\/em> [Art and Emancipation] (2022).<\/p>\n","protected":false},"excerpt":{"rendered":"<p>Martin \u0160kabraha (1979) is the editor-in-chief of the Notebook for Art, Theory and Related Zones. He studied philosophy and history at the Faculty of Arts, Palack\u00fd University in Olomouc. In his PhD thesis he dealt with the problem of reflexive modernity. He authored and edited books in the fields of political theory, cultural studies and [&hellip;]<\/p>\n","protected":false},"author":3,"featured_media":0,"parent":5525,"menu_order":17,"comment_status":"closed","ping_status":"closed","template":"","meta":{"inline_featured_image":false},"acf":[],"yoast_head":"<!-- This site is optimized with the Yoast SEO plugin v19.6.1 - https:\/\/yoast.com\/wordpress\/plugins\/seo\/ -->\n<title>Mgr. Martin \u0160kabraha, Ph.D. - VVP AVU<\/title>\n<meta name=\"robots\" content=\"index, follow, max-snippet:-1, max-image-preview:large, max-video-preview:-1\" \/>\n<link rel=\"canonical\" href=\"https:\/\/vvp.avu.cz\/en\/staff\/mgr-martin-skabraha-ph-d\/\" \/>\n<meta property=\"og:locale\" content=\"en_US\" \/>\n<meta property=\"og:type\" content=\"article\" \/>\n<meta property=\"og:title\" content=\"Mgr. Martin \u0160kabraha, Ph.D. - VVP AVU\" \/>\n<meta property=\"og:description\" content=\"Martin \u0160kabraha (1979) is the editor-in-chief of the Notebook for Art, Theory and Related Zones. He studied philosophy and history at the Faculty of Arts, Palack\u00fd University in Olomouc. In his PhD thesis he dealt with the problem of reflexive modernity. He authored and edited books in the fields of political theory, cultural studies and [&hellip;]\" \/>\n<meta property=\"og:url\" content=\"https:\/\/vvp.avu.cz\/en\/staff\/mgr-martin-skabraha-ph-d\/\" \/>\n<meta property=\"og:site_name\" content=\"VVP AVU\" \/>\n<meta property=\"article:publisher\" content=\"https:\/\/www.facebook.com\/VVPAVU\/\" \/>\n<meta property=\"article:modified_time\" content=\"2022-11-21T12:07:25+00:00\" \/>\n<meta name=\"twitter:card\" content=\"summary_large_image\" \/>\n<meta name=\"twitter:label1\" content=\"Est. reading time\" \/>\n\t<meta name=\"twitter:data1\" content=\"1 minute\" \/>\n<script type=\"application\/ld+json\" class=\"yoast-schema-graph\">{\"@context\":\"https:\/\/schema.org\",\"@graph\":[{\"@type\":\"WebPage\",\"@id\":\"https:\/\/vvp.avu.cz\/en\/staff\/mgr-martin-skabraha-ph-d\/\",\"url\":\"https:\/\/vvp.avu.cz\/en\/staff\/mgr-martin-skabraha-ph-d\/\",\"name\":\"Mgr. Martin \u0160kabraha, Ph.D. - VVP AVU\",\"isPartOf\":{\"@id\":\"https:\/\/vvp.avu.cz\/en\/#website\"},\"datePublished\":\"2022-07-15T08:51:16+00:00\",\"dateModified\":\"2022-11-21T12:07:25+00:00\",\"breadcrumb\":{\"@id\":\"https:\/\/vvp.avu.cz\/en\/staff\/mgr-martin-skabraha-ph-d\/#breadcrumb\"},\"inLanguage\":\"en-US\",\"potentialAction\":[{\"@type\":\"ReadAction\",\"target\":[\"https:\/\/vvp.avu.cz\/en\/staff\/mgr-martin-skabraha-ph-d\/\"]}]},{\"@type\":\"BreadcrumbList\",\"@id\":\"https:\/\/vvp.avu.cz\/en\/staff\/mgr-martin-skabraha-ph-d\/#breadcrumb\",\"itemListElement\":[{\"@type\":\"ListItem\",\"position\":1,\"name\":\"Dom\u016f\",\"item\":\"https:\/\/vvp.avu.cz\/en\/\"},{\"@type\":\"ListItem\",\"position\":2,\"name\":\"Staff\",\"item\":\"https:\/\/vvp.avu.cz\/en\/staff\/\"},{\"@type\":\"ListItem\",\"position\":3,\"name\":\"Mgr. Martin \u0160kabraha, Ph.D.\"}]},{\"@type\":\"WebSite\",\"@id\":\"https:\/\/vvp.avu.cz\/en\/#website\",\"url\":\"https:\/\/vvp.avu.cz\/en\/\",\"name\":\"VVP AVU\",\"description\":\"posilujeme v\u00fdzkum a v\u011bdu o um\u011bn\u00ed a otev\u00edr\u00e1me ji ve\u0159ejnosti\",\"potentialAction\":[{\"@type\":\"SearchAction\",\"target\":{\"@type\":\"EntryPoint\",\"urlTemplate\":\"https:\/\/vvp.avu.cz\/en\/?s={search_term_string}\"},\"query-input\":\"required name=search_term_string\"}],\"inLanguage\":\"en-US\"}]}<\/script>\n<!-- \/ Yoast SEO plugin. -->","yoast_head_json":{"title":"Mgr. Martin \u0160kabraha, Ph.D. - VVP AVU","robots":{"index":"index","follow":"follow","max-snippet":"max-snippet:-1","max-image-preview":"max-image-preview:large","max-video-preview":"max-video-preview:-1"},"canonical":"https:\/\/vvp.avu.cz\/en\/staff\/mgr-martin-skabraha-ph-d\/","og_locale":"en_US","og_type":"article","og_title":"Mgr. Martin \u0160kabraha, Ph.D. - VVP AVU","og_description":"Martin \u0160kabraha (1979) is the editor-in-chief of the Notebook for Art, Theory and Related Zones. He studied philosophy and history at the Faculty of Arts, Palack\u00fd University in Olomouc. In his PhD thesis he dealt with the problem of reflexive modernity. He authored and edited books in the fields of political theory, cultural studies and [&hellip;]","og_url":"https:\/\/vvp.avu.cz\/en\/staff\/mgr-martin-skabraha-ph-d\/","og_site_name":"VVP AVU","article_publisher":"https:\/\/www.facebook.com\/VVPAVU\/","article_modified_time":"2022-11-21T12:07:25+00:00","twitter_card":"summary_large_image","twitter_misc":{"Est. reading time":"1 minute"},"schema":{"@context":"https:\/\/schema.org","@graph":[{"@type":"WebPage","@id":"https:\/\/vvp.avu.cz\/en\/staff\/mgr-martin-skabraha-ph-d\/","url":"https:\/\/vvp.avu.cz\/en\/staff\/mgr-martin-skabraha-ph-d\/","name":"Mgr. Martin \u0160kabraha, Ph.D. - VVP AVU","isPartOf":{"@id":"https:\/\/vvp.avu.cz\/en\/#website"},"datePublished":"2022-07-15T08:51:16+00:00","dateModified":"2022-11-21T12:07:25+00:00","breadcrumb":{"@id":"https:\/\/vvp.avu.cz\/en\/staff\/mgr-martin-skabraha-ph-d\/#breadcrumb"},"inLanguage":"en-US","potentialAction":[{"@type":"ReadAction","target":["https:\/\/vvp.avu.cz\/en\/staff\/mgr-martin-skabraha-ph-d\/"]}]},{"@type":"BreadcrumbList","@id":"https:\/\/vvp.avu.cz\/en\/staff\/mgr-martin-skabraha-ph-d\/#breadcrumb","itemListElement":[{"@type":"ListItem","position":1,"name":"Dom\u016f","item":"https:\/\/vvp.avu.cz\/en\/"},{"@type":"ListItem","position":2,"name":"Staff","item":"https:\/\/vvp.avu.cz\/en\/staff\/"},{"@type":"ListItem","position":3,"name":"Mgr. Martin \u0160kabraha, Ph.D."}]},{"@type":"WebSite","@id":"https:\/\/vvp.avu.cz\/en\/#website","url":"https:\/\/vvp.avu.cz\/en\/","name":"VVP AVU","description":"posilujeme v\u00fdzkum a v\u011bdu o um\u011bn\u00ed a otev\u00edr\u00e1me ji ve\u0159ejnosti","potentialAction":[{"@type":"SearchAction","target":{"@type":"EntryPoint","urlTemplate":"https:\/\/vvp.avu.cz\/en\/?s={search_term_string}"},"query-input":"required name=search_term_string"}],"inLanguage":"en-US"}]}},"_links":{"self":[{"href":"https:\/\/vvp.avu.cz\/en\/wp-json\/wp\/v2\/pages\/5812"}],"collection":[{"href":"https:\/\/vvp.avu.cz\/en\/wp-json\/wp\/v2\/pages"}],"about":[{"href":"https:\/\/vvp.avu.cz\/en\/wp-json\/wp\/v2\/types\/page"}],"author":[{"embeddable":true,"href":"https:\/\/vvp.avu.cz\/en\/wp-json\/wp\/v2\/users\/3"}],"replies":[{"embeddable":true,"href":"https:\/\/vvp.avu.cz\/en\/wp-json\/wp\/v2\/comments?post=5812"}],"version-history":[{"count":4,"href":"https:\/\/vvp.avu.cz\/en\/wp-json\/wp\/v2\/pages\/5812\/revisions"}],"predecessor-version":[{"id":6352,"href":"https:\/\/vvp.avu.cz\/en\/wp-json\/wp\/v2\/pages\/5812\/revisions\/6352"}],"up":[{"embeddable":true,"href":"https:\/\/vvp.avu.cz\/en\/wp-json\/wp\/v2\/pages\/5525"}],"wp:attachment":[{"href":"https:\/\/vvp.avu.cz\/en\/wp-json\/wp\/v2\/media?parent=5812"}],"curies":[{"name":"wp","href":"https:\/\/api.w.org\/{rel}","templated":true}]}}