{"id":5922,"date":"2014-09-02T12:31:40","date_gmt":"2014-09-02T11:31:40","guid":{"rendered":"https:\/\/vvp.avu.cz\/archiv-instituci\/"},"modified":"2022-09-14T10:29:58","modified_gmt":"2022-09-14T09:29:58","slug":"archiv-instituci","status":"publish","type":"page","link":"https:\/\/vvp.avu.cz\/en\/archiv-instituci\/","title":{"rendered":"Archive of institutions"},"content":{"rendered":"<p>The AVU Research Centre archive of institutions documents the activities of galleries, associations and individuals with a significant impact on the Czech art scene. It was created in tandem with the i-datum contemporary Czech art database (link na popis projektu) and is expanded in connection with other research projects.<\/p>\n<p>It contains documentation of individual institutions with chronologically ordered textual and visual materials (manifestos, press releases, invitations, leaflets, catalogues, photographs, etc.).<\/p>\n<p>Collecting documentation of Czech art is an ongoing activity. The AVU Research Centre archive contains documentation of galleries and projects that no longer exist (e.g. MXM, the \u0160ternberk Gallery, etc.).<\/p>\n<p><a href=\"https:\/\/vvp.avu.cz\/app\/uploads\/2022\/09\/soupis-fondu-galerii-en.docx\">Inventory of the gallery fund<\/a><\/p>\n<p>We would be happy to receive any period documents you have in your possession. Please <a href=\"https:\/\/vvp.avu.cz\/en\/kontakt\/\">contact us<\/a>.<\/p>\n","protected":false},"excerpt":{"rendered":"<p>The AVU Research Centre archive of institutions documents the activities of galleries, associations and individuals with a significant impact on the Czech art scene. It was created in tandem with the i-datum contemporary Czech art database (link na popis projektu) and is expanded in connection with other research projects. It contains documentation of individual institutions [&hellip;]<\/p>\n","protected":false},"author":5,"featured_media":5915,"parent":0,"menu_order":34,"comment_status":"closed","ping_status":"open","template":"","meta":{"inline_featured_image":false},"acf":[],"yoast_head":"<!-- This site is optimized with the Yoast SEO plugin v19.6.1 - https:\/\/yoast.com\/wordpress\/plugins\/seo\/ -->\n<title>Archive of institutions - VVP AVU<\/title>\n<meta name=\"robots\" content=\"index, follow, max-snippet:-1, max-image-preview:large, max-video-preview:-1\" \/>\n<link rel=\"canonical\" href=\"https:\/\/vvp.avu.cz\/en\/archiv-instituci\/\" \/>\n<meta property=\"og:locale\" content=\"en_US\" \/>\n<meta property=\"og:type\" content=\"article\" \/>\n<meta property=\"og:title\" content=\"Archive of institutions - VVP AVU\" \/>\n<meta property=\"og:description\" content=\"The AVU Research Centre archive of institutions documents the activities of galleries, associations and individuals with a significant impact on the Czech art scene. It was created in tandem with the i-datum contemporary Czech art database (link na popis projektu) and is expanded in connection with other research projects. It contains documentation of individual institutions [&hellip;]\" \/>\n<meta property=\"og:url\" content=\"https:\/\/vvp.avu.cz\/en\/archiv-instituci\/\" \/>\n<meta property=\"og:site_name\" content=\"VVP AVU\" \/>\n<meta property=\"article:publisher\" content=\"https:\/\/www.facebook.com\/VVPAVU\/\" \/>\n<meta property=\"article:modified_time\" content=\"2022-09-14T09:29:58+00:00\" \/>\n<meta property=\"og:image\" content=\"https:\/\/vvp.avu.cz\/app\/uploads\/2022\/09\/20220913-116a2140-625x417.jpg\" \/>\n\t<meta property=\"og:image:width\" content=\"625\" \/>\n\t<meta property=\"og:image:height\" content=\"417\" \/>\n\t<meta property=\"og:image:type\" content=\"image\/jpeg\" \/>\n<meta name=\"twitter:card\" content=\"summary_large_image\" \/>\n<meta name=\"twitter:label1\" content=\"Est. reading time\" \/>\n\t<meta name=\"twitter:data1\" content=\"1 minute\" \/>\n<script type=\"application\/ld+json\" class=\"yoast-schema-graph\">{\"@context\":\"https:\/\/schema.org\",\"@graph\":[{\"@type\":\"WebPage\",\"@id\":\"https:\/\/vvp.avu.cz\/en\/archiv-instituci\/\",\"url\":\"https:\/\/vvp.avu.cz\/en\/archiv-instituci\/\",\"name\":\"Archive of institutions - VVP AVU\",\"isPartOf\":{\"@id\":\"https:\/\/vvp.avu.cz\/en\/#website\"},\"datePublished\":\"2014-09-02T11:31:40+00:00\",\"dateModified\":\"2022-09-14T09:29:58+00:00\",\"breadcrumb\":{\"@id\":\"https:\/\/vvp.avu.cz\/en\/archiv-instituci\/#breadcrumb\"},\"inLanguage\":\"en-US\",\"potentialAction\":[{\"@type\":\"ReadAction\",\"target\":[\"https:\/\/vvp.avu.cz\/en\/archiv-instituci\/\"]}]},{\"@type\":\"BreadcrumbList\",\"@id\":\"https:\/\/vvp.avu.cz\/en\/archiv-instituci\/#breadcrumb\",\"itemListElement\":[{\"@type\":\"ListItem\",\"position\":1,\"name\":\"Dom\u016f\",\"item\":\"https:\/\/vvp.avu.cz\/en\/\"},{\"@type\":\"ListItem\",\"position\":2,\"name\":\"Archive of institutions\"}]},{\"@type\":\"WebSite\",\"@id\":\"https:\/\/vvp.avu.cz\/en\/#website\",\"url\":\"https:\/\/vvp.avu.cz\/en\/\",\"name\":\"VVP AVU\",\"description\":\"posilujeme v\u00fdzkum a v\u011bdu o um\u011bn\u00ed a otev\u00edr\u00e1me ji ve\u0159ejnosti\",\"potentialAction\":[{\"@type\":\"SearchAction\",\"target\":{\"@type\":\"EntryPoint\",\"urlTemplate\":\"https:\/\/vvp.avu.cz\/en\/?s={search_term_string}\"},\"query-input\":\"required name=search_term_string\"}],\"inLanguage\":\"en-US\"}]}<\/script>\n<!-- \/ Yoast SEO plugin. -->","yoast_head_json":{"title":"Archive of institutions - VVP AVU","robots":{"index":"index","follow":"follow","max-snippet":"max-snippet:-1","max-image-preview":"max-image-preview:large","max-video-preview":"max-video-preview:-1"},"canonical":"https:\/\/vvp.avu.cz\/en\/archiv-instituci\/","og_locale":"en_US","og_type":"article","og_title":"Archive of institutions - VVP AVU","og_description":"The AVU Research Centre archive of institutions documents the activities of galleries, associations and individuals with a significant impact on the Czech art scene. It was created in tandem with the i-datum contemporary Czech art database (link na popis projektu) and is expanded in connection with other research projects. It contains documentation of individual institutions [&hellip;]","og_url":"https:\/\/vvp.avu.cz\/en\/archiv-instituci\/","og_site_name":"VVP AVU","article_publisher":"https:\/\/www.facebook.com\/VVPAVU\/","article_modified_time":"2022-09-14T09:29:58+00:00","og_image":[{"width":625,"height":417,"url":"https:\/\/vvp.avu.cz\/app\/uploads\/2022\/09\/20220913-116a2140-625x417.jpg","type":"image\/jpeg"}],"twitter_card":"summary_large_image","twitter_misc":{"Est. reading time":"1 minute"},"schema":{"@context":"https:\/\/schema.org","@graph":[{"@type":"WebPage","@id":"https:\/\/vvp.avu.cz\/en\/archiv-instituci\/","url":"https:\/\/vvp.avu.cz\/en\/archiv-instituci\/","name":"Archive of institutions - VVP AVU","isPartOf":{"@id":"https:\/\/vvp.avu.cz\/en\/#website"},"datePublished":"2014-09-02T11:31:40+00:00","dateModified":"2022-09-14T09:29:58+00:00","breadcrumb":{"@id":"https:\/\/vvp.avu.cz\/en\/archiv-instituci\/#breadcrumb"},"inLanguage":"en-US","potentialAction":[{"@type":"ReadAction","target":["https:\/\/vvp.avu.cz\/en\/archiv-instituci\/"]}]},{"@type":"BreadcrumbList","@id":"https:\/\/vvp.avu.cz\/en\/archiv-instituci\/#breadcrumb","itemListElement":[{"@type":"ListItem","position":1,"name":"Dom\u016f","item":"https:\/\/vvp.avu.cz\/en\/"},{"@type":"ListItem","position":2,"name":"Archive of institutions"}]},{"@type":"WebSite","@id":"https:\/\/vvp.avu.cz\/en\/#website","url":"https:\/\/vvp.avu.cz\/en\/","name":"VVP AVU","description":"posilujeme v\u00fdzkum a v\u011bdu o um\u011bn\u00ed a otev\u00edr\u00e1me ji ve\u0159ejnosti","potentialAction":[{"@type":"SearchAction","target":{"@type":"EntryPoint","urlTemplate":"https:\/\/vvp.avu.cz\/en\/?s={search_term_string}"},"query-input":"required name=search_term_string"}],"inLanguage":"en-US"}]}},"_links":{"self":[{"href":"https:\/\/vvp.avu.cz\/en\/wp-json\/wp\/v2\/pages\/5922"}],"collection":[{"href":"https:\/\/vvp.avu.cz\/en\/wp-json\/wp\/v2\/pages"}],"about":[{"href":"https:\/\/vvp.avu.cz\/en\/wp-json\/wp\/v2\/types\/page"}],"author":[{"embeddable":true,"href":"https:\/\/vvp.avu.cz\/en\/wp-json\/wp\/v2\/users\/5"}],"replies":[{"embeddable":true,"href":"https:\/\/vvp.avu.cz\/en\/wp-json\/wp\/v2\/comments?post=5922"}],"version-history":[{"count":3,"href":"https:\/\/vvp.avu.cz\/en\/wp-json\/wp\/v2\/pages\/5922\/revisions"}],"predecessor-version":[{"id":5938,"href":"https:\/\/vvp.avu.cz\/en\/wp-json\/wp\/v2\/pages\/5922\/revisions\/5938"}],"wp:featuredmedia":[{"embeddable":true,"href":"https:\/\/vvp.avu.cz\/en\/wp-json\/wp\/v2\/media\/5915"}],"wp:attachment":[{"href":"https:\/\/vvp.avu.cz\/en\/wp-json\/wp\/v2\/media?parent=5922"}],"curies":[{"name":"wp","href":"https:\/\/api.w.org\/{rel}","templated":true}]}}