{"id":5929,"date":"2014-09-02T11:29:12","date_gmt":"2014-09-02T10:29:12","guid":{"rendered":"https:\/\/vvp.avu.cz\/archiv-umelcu\/"},"modified":"2022-09-14T10:26:40","modified_gmt":"2022-09-14T09:26:40","slug":"archiv-umelcu","status":"publish","type":"page","link":"https:\/\/vvp.avu.cz\/en\/archiv-umelcu\/","title":{"rendered":"Archive of artists"},"content":{"rendered":"<p>The archive of artists at the AVU Research Centre consists of collections of several Czech artists\u2018 portfolios. It was created in connection with the i-datum contemporary Czech art database project and it is expanding as part of a research project documenting Czech art from the 1980s to the present.<\/p>\n<p>It contains original texts by artists, curators, and theoreticians, as well as press releases, exhibition reviews, and other texts (essays and critical documents, etc.). The overall context is supplemented by additional printed material, such as invitations, posters, etc.<\/p>\n<p>It offers cross-sectional photo documentation of art works and the documentation of exhibitions (see the audiovisual archive).<\/p>\n<p><a href=\"https:\/\/vvp.avu.cz\/app\/uploads\/2022\/09\/soupis-fondu-umelcu-en.docx\">Inventory of artists fund<\/a><\/p>\n","protected":false},"excerpt":{"rendered":"<p>The archive of artists at the AVU Research Centre consists of collections of several Czech artists\u2018 portfolios. It was created in connection with the i-datum contemporary Czech art database project and it is expanding as part of a research project documenting Czech art from the 1980s to the present. It contains original texts by artists, [&hellip;]<\/p>\n","protected":false},"author":5,"featured_media":5892,"parent":0,"menu_order":37,"comment_status":"closed","ping_status":"open","template":"","meta":{"inline_featured_image":false},"acf":[],"yoast_head":"<!-- This site is optimized with the Yoast SEO plugin v19.6.1 - https:\/\/yoast.com\/wordpress\/plugins\/seo\/ -->\n<title>Archive of artists - VVP AVU<\/title>\n<meta name=\"robots\" content=\"index, follow, max-snippet:-1, max-image-preview:large, max-video-preview:-1\" \/>\n<link rel=\"canonical\" href=\"https:\/\/vvp.avu.cz\/en\/archiv-umelcu\/\" \/>\n<meta property=\"og:locale\" content=\"en_US\" \/>\n<meta property=\"og:type\" content=\"article\" \/>\n<meta property=\"og:title\" content=\"Archive of artists - VVP AVU\" \/>\n<meta property=\"og:description\" content=\"The archive of artists at the AVU Research Centre consists of collections of several Czech artists\u2018 portfolios. It was created in connection with the i-datum contemporary Czech art database project and it is expanding as part of a research project documenting Czech art from the 1980s to the present. It contains original texts by artists, [&hellip;]\" \/>\n<meta property=\"og:url\" content=\"https:\/\/vvp.avu.cz\/en\/archiv-umelcu\/\" \/>\n<meta property=\"og:site_name\" content=\"VVP AVU\" \/>\n<meta property=\"article:publisher\" content=\"https:\/\/www.facebook.com\/VVPAVU\/\" \/>\n<meta property=\"article:modified_time\" content=\"2022-09-14T09:26:40+00:00\" \/>\n<meta property=\"og:image\" content=\"https:\/\/vvp.avu.cz\/app\/uploads\/2022\/09\/20220906-116a1644.jpg\" \/>\n\t<meta property=\"og:image:width\" content=\"2500\" \/>\n\t<meta property=\"og:image:height\" content=\"1667\" \/>\n\t<meta property=\"og:image:type\" content=\"image\/jpeg\" \/>\n<meta name=\"twitter:card\" content=\"summary_large_image\" \/>\n<meta name=\"twitter:label1\" content=\"Est. reading time\" \/>\n\t<meta name=\"twitter:data1\" content=\"1 minute\" \/>\n<script type=\"application\/ld+json\" class=\"yoast-schema-graph\">{\"@context\":\"https:\/\/schema.org\",\"@graph\":[{\"@type\":\"WebPage\",\"@id\":\"https:\/\/vvp.avu.cz\/en\/archiv-umelcu\/\",\"url\":\"https:\/\/vvp.avu.cz\/en\/archiv-umelcu\/\",\"name\":\"Archive of artists - VVP AVU\",\"isPartOf\":{\"@id\":\"https:\/\/vvp.avu.cz\/en\/#website\"},\"datePublished\":\"2014-09-02T10:29:12+00:00\",\"dateModified\":\"2022-09-14T09:26:40+00:00\",\"breadcrumb\":{\"@id\":\"https:\/\/vvp.avu.cz\/en\/archiv-umelcu\/#breadcrumb\"},\"inLanguage\":\"en-US\",\"potentialAction\":[{\"@type\":\"ReadAction\",\"target\":[\"https:\/\/vvp.avu.cz\/en\/archiv-umelcu\/\"]}]},{\"@type\":\"BreadcrumbList\",\"@id\":\"https:\/\/vvp.avu.cz\/en\/archiv-umelcu\/#breadcrumb\",\"itemListElement\":[{\"@type\":\"ListItem\",\"position\":1,\"name\":\"Dom\u016f\",\"item\":\"https:\/\/vvp.avu.cz\/en\/\"},{\"@type\":\"ListItem\",\"position\":2,\"name\":\"Archive of artists\"}]},{\"@type\":\"WebSite\",\"@id\":\"https:\/\/vvp.avu.cz\/en\/#website\",\"url\":\"https:\/\/vvp.avu.cz\/en\/\",\"name\":\"VVP AVU\",\"description\":\"posilujeme v\u00fdzkum a v\u011bdu o um\u011bn\u00ed a otev\u00edr\u00e1me ji ve\u0159ejnosti\",\"potentialAction\":[{\"@type\":\"SearchAction\",\"target\":{\"@type\":\"EntryPoint\",\"urlTemplate\":\"https:\/\/vvp.avu.cz\/en\/?s={search_term_string}\"},\"query-input\":\"required name=search_term_string\"}],\"inLanguage\":\"en-US\"}]}<\/script>\n<!-- \/ Yoast SEO plugin. -->","yoast_head_json":{"title":"Archive of artists - VVP AVU","robots":{"index":"index","follow":"follow","max-snippet":"max-snippet:-1","max-image-preview":"max-image-preview:large","max-video-preview":"max-video-preview:-1"},"canonical":"https:\/\/vvp.avu.cz\/en\/archiv-umelcu\/","og_locale":"en_US","og_type":"article","og_title":"Archive of artists - VVP AVU","og_description":"The archive of artists at the AVU Research Centre consists of collections of several Czech artists\u2018 portfolios. It was created in connection with the i-datum contemporary Czech art database project and it is expanding as part of a research project documenting Czech art from the 1980s to the present. It contains original texts by artists, [&hellip;]","og_url":"https:\/\/vvp.avu.cz\/en\/archiv-umelcu\/","og_site_name":"VVP AVU","article_publisher":"https:\/\/www.facebook.com\/VVPAVU\/","article_modified_time":"2022-09-14T09:26:40+00:00","og_image":[{"width":2500,"height":1667,"url":"https:\/\/vvp.avu.cz\/app\/uploads\/2022\/09\/20220906-116a1644.jpg","type":"image\/jpeg"}],"twitter_card":"summary_large_image","twitter_misc":{"Est. reading time":"1 minute"},"schema":{"@context":"https:\/\/schema.org","@graph":[{"@type":"WebPage","@id":"https:\/\/vvp.avu.cz\/en\/archiv-umelcu\/","url":"https:\/\/vvp.avu.cz\/en\/archiv-umelcu\/","name":"Archive of artists - VVP AVU","isPartOf":{"@id":"https:\/\/vvp.avu.cz\/en\/#website"},"datePublished":"2014-09-02T10:29:12+00:00","dateModified":"2022-09-14T09:26:40+00:00","breadcrumb":{"@id":"https:\/\/vvp.avu.cz\/en\/archiv-umelcu\/#breadcrumb"},"inLanguage":"en-US","potentialAction":[{"@type":"ReadAction","target":["https:\/\/vvp.avu.cz\/en\/archiv-umelcu\/"]}]},{"@type":"BreadcrumbList","@id":"https:\/\/vvp.avu.cz\/en\/archiv-umelcu\/#breadcrumb","itemListElement":[{"@type":"ListItem","position":1,"name":"Dom\u016f","item":"https:\/\/vvp.avu.cz\/en\/"},{"@type":"ListItem","position":2,"name":"Archive of artists"}]},{"@type":"WebSite","@id":"https:\/\/vvp.avu.cz\/en\/#website","url":"https:\/\/vvp.avu.cz\/en\/","name":"VVP AVU","description":"posilujeme v\u00fdzkum a v\u011bdu o um\u011bn\u00ed a otev\u00edr\u00e1me ji ve\u0159ejnosti","potentialAction":[{"@type":"SearchAction","target":{"@type":"EntryPoint","urlTemplate":"https:\/\/vvp.avu.cz\/en\/?s={search_term_string}"},"query-input":"required name=search_term_string"}],"inLanguage":"en-US"}]}},"_links":{"self":[{"href":"https:\/\/vvp.avu.cz\/en\/wp-json\/wp\/v2\/pages\/5929"}],"collection":[{"href":"https:\/\/vvp.avu.cz\/en\/wp-json\/wp\/v2\/pages"}],"about":[{"href":"https:\/\/vvp.avu.cz\/en\/wp-json\/wp\/v2\/types\/page"}],"author":[{"embeddable":true,"href":"https:\/\/vvp.avu.cz\/en\/wp-json\/wp\/v2\/users\/5"}],"replies":[{"embeddable":true,"href":"https:\/\/vvp.avu.cz\/en\/wp-json\/wp\/v2\/comments?post=5929"}],"version-history":[{"count":2,"href":"https:\/\/vvp.avu.cz\/en\/wp-json\/wp\/v2\/pages\/5929\/revisions"}],"predecessor-version":[{"id":5933,"href":"https:\/\/vvp.avu.cz\/en\/wp-json\/wp\/v2\/pages\/5929\/revisions\/5933"}],"wp:featuredmedia":[{"embeddable":true,"href":"https:\/\/vvp.avu.cz\/en\/wp-json\/wp\/v2\/media\/5892"}],"wp:attachment":[{"href":"https:\/\/vvp.avu.cz\/en\/wp-json\/wp\/v2\/media?parent=5929"}],"curies":[{"name":"wp","href":"https:\/\/api.w.org\/{rel}","templated":true}]}}