{"id":5939,"date":"2014-09-02T12:43:28","date_gmt":"2014-09-02T11:43:28","guid":{"rendered":"https:\/\/vvp.avu.cz\/knihovna\/"},"modified":"2022-10-12T14:25:55","modified_gmt":"2022-10-12T13:25:55","slug":"knihovna","status":"publish","type":"page","link":"https:\/\/vvp.avu.cz\/en\/knihovna\/","title":{"rendered":"Library"},"content":{"rendered":"<p>Since its creation in 1997, the VVP Research Centre has focused on putting together a selective library to serve primarily internal studies. The main part of the library collection comprises several theoretical works and books on Czech and world art following the Second World War, along with bound copies of important samizdat works from the 1970s and 1980s, and a number of selected exhibition catalogues and symposium anthologies.<\/p>\n<p>The VVP Research Centre library and text archive represent a distinctive collection of relevant material for the study of Czech visual culture after 1945. The library collection is expanded in tandem with the Centre\u2019s research activities.<\/p>\n<p>The library is accessible as a consultation centre for reference purposes only and by prior <a href=\"https:\/\/vvp.avu.cz\/en\/kontakt\/\">arrangement<\/a>.<\/p>\n","protected":false},"excerpt":{"rendered":"<p>Since its creation in 1997, the VVP Research Centre has focused on putting together a selective library to serve primarily internal studies. The main part of the library collection comprises several theoretical works and books on Czech and world art following the Second World War, along with bound copies of important samizdat works from the [&hellip;]<\/p>\n","protected":false},"author":5,"featured_media":5894,"parent":0,"menu_order":70,"comment_status":"closed","ping_status":"open","template":"","meta":{"inline_featured_image":false},"acf":[],"yoast_head":"<!-- This site is optimized with the Yoast SEO plugin v19.6.1 - https:\/\/yoast.com\/wordpress\/plugins\/seo\/ -->\n<title>Library - VVP AVU<\/title>\n<meta name=\"robots\" content=\"index, follow, max-snippet:-1, max-image-preview:large, max-video-preview:-1\" \/>\n<link rel=\"canonical\" href=\"https:\/\/vvp.avu.cz\/en\/knihovna\/\" \/>\n<meta property=\"og:locale\" content=\"en_US\" \/>\n<meta property=\"og:type\" content=\"article\" \/>\n<meta property=\"og:title\" content=\"Library - VVP AVU\" \/>\n<meta property=\"og:description\" content=\"Since its creation in 1997, the VVP Research Centre has focused on putting together a selective library to serve primarily internal studies. The main part of the library collection comprises several theoretical works and books on Czech and world art following the Second World War, along with bound copies of important samizdat works from the [&hellip;]\" \/>\n<meta property=\"og:url\" content=\"https:\/\/vvp.avu.cz\/en\/knihovna\/\" \/>\n<meta property=\"og:site_name\" content=\"VVP AVU\" \/>\n<meta property=\"article:publisher\" content=\"https:\/\/www.facebook.com\/VVPAVU\/\" \/>\n<meta property=\"article:modified_time\" content=\"2022-10-12T13:25:55+00:00\" \/>\n<meta property=\"og:image\" content=\"https:\/\/vvp.avu.cz\/app\/uploads\/2022\/09\/20220906-116a1629-625x417.jpg\" \/>\n\t<meta property=\"og:image:width\" content=\"625\" \/>\n\t<meta property=\"og:image:height\" content=\"417\" \/>\n\t<meta property=\"og:image:type\" content=\"image\/jpeg\" \/>\n<meta name=\"twitter:card\" content=\"summary_large_image\" \/>\n<meta name=\"twitter:label1\" content=\"Est. reading time\" \/>\n\t<meta name=\"twitter:data1\" content=\"1 minute\" \/>\n<script type=\"application\/ld+json\" class=\"yoast-schema-graph\">{\"@context\":\"https:\/\/schema.org\",\"@graph\":[{\"@type\":\"WebPage\",\"@id\":\"https:\/\/vvp.avu.cz\/en\/knihovna\/\",\"url\":\"https:\/\/vvp.avu.cz\/en\/knihovna\/\",\"name\":\"Library - VVP AVU\",\"isPartOf\":{\"@id\":\"https:\/\/vvp.avu.cz\/en\/#website\"},\"datePublished\":\"2014-09-02T11:43:28+00:00\",\"dateModified\":\"2022-10-12T13:25:55+00:00\",\"breadcrumb\":{\"@id\":\"https:\/\/vvp.avu.cz\/en\/knihovna\/#breadcrumb\"},\"inLanguage\":\"en-US\",\"potentialAction\":[{\"@type\":\"ReadAction\",\"target\":[\"https:\/\/vvp.avu.cz\/en\/knihovna\/\"]}]},{\"@type\":\"BreadcrumbList\",\"@id\":\"https:\/\/vvp.avu.cz\/en\/knihovna\/#breadcrumb\",\"itemListElement\":[{\"@type\":\"ListItem\",\"position\":1,\"name\":\"Dom\u016f\",\"item\":\"https:\/\/vvp.avu.cz\/en\/\"},{\"@type\":\"ListItem\",\"position\":2,\"name\":\"Library\"}]},{\"@type\":\"WebSite\",\"@id\":\"https:\/\/vvp.avu.cz\/en\/#website\",\"url\":\"https:\/\/vvp.avu.cz\/en\/\",\"name\":\"VVP AVU\",\"description\":\"posilujeme v\u00fdzkum a v\u011bdu o um\u011bn\u00ed a otev\u00edr\u00e1me ji ve\u0159ejnosti\",\"potentialAction\":[{\"@type\":\"SearchAction\",\"target\":{\"@type\":\"EntryPoint\",\"urlTemplate\":\"https:\/\/vvp.avu.cz\/en\/?s={search_term_string}\"},\"query-input\":\"required name=search_term_string\"}],\"inLanguage\":\"en-US\"}]}<\/script>\n<!-- \/ Yoast SEO plugin. -->","yoast_head_json":{"title":"Library - VVP AVU","robots":{"index":"index","follow":"follow","max-snippet":"max-snippet:-1","max-image-preview":"max-image-preview:large","max-video-preview":"max-video-preview:-1"},"canonical":"https:\/\/vvp.avu.cz\/en\/knihovna\/","og_locale":"en_US","og_type":"article","og_title":"Library - VVP AVU","og_description":"Since its creation in 1997, the VVP Research Centre has focused on putting together a selective library to serve primarily internal studies. The main part of the library collection comprises several theoretical works and books on Czech and world art following the Second World War, along with bound copies of important samizdat works from the [&hellip;]","og_url":"https:\/\/vvp.avu.cz\/en\/knihovna\/","og_site_name":"VVP AVU","article_publisher":"https:\/\/www.facebook.com\/VVPAVU\/","article_modified_time":"2022-10-12T13:25:55+00:00","og_image":[{"width":625,"height":417,"url":"https:\/\/vvp.avu.cz\/app\/uploads\/2022\/09\/20220906-116a1629-625x417.jpg","type":"image\/jpeg"}],"twitter_card":"summary_large_image","twitter_misc":{"Est. reading time":"1 minute"},"schema":{"@context":"https:\/\/schema.org","@graph":[{"@type":"WebPage","@id":"https:\/\/vvp.avu.cz\/en\/knihovna\/","url":"https:\/\/vvp.avu.cz\/en\/knihovna\/","name":"Library - VVP AVU","isPartOf":{"@id":"https:\/\/vvp.avu.cz\/en\/#website"},"datePublished":"2014-09-02T11:43:28+00:00","dateModified":"2022-10-12T13:25:55+00:00","breadcrumb":{"@id":"https:\/\/vvp.avu.cz\/en\/knihovna\/#breadcrumb"},"inLanguage":"en-US","potentialAction":[{"@type":"ReadAction","target":["https:\/\/vvp.avu.cz\/en\/knihovna\/"]}]},{"@type":"BreadcrumbList","@id":"https:\/\/vvp.avu.cz\/en\/knihovna\/#breadcrumb","itemListElement":[{"@type":"ListItem","position":1,"name":"Dom\u016f","item":"https:\/\/vvp.avu.cz\/en\/"},{"@type":"ListItem","position":2,"name":"Library"}]},{"@type":"WebSite","@id":"https:\/\/vvp.avu.cz\/en\/#website","url":"https:\/\/vvp.avu.cz\/en\/","name":"VVP AVU","description":"posilujeme v\u00fdzkum a v\u011bdu o um\u011bn\u00ed a otev\u00edr\u00e1me ji ve\u0159ejnosti","potentialAction":[{"@type":"SearchAction","target":{"@type":"EntryPoint","urlTemplate":"https:\/\/vvp.avu.cz\/en\/?s={search_term_string}"},"query-input":"required name=search_term_string"}],"inLanguage":"en-US"}]}},"_links":{"self":[{"href":"https:\/\/vvp.avu.cz\/en\/wp-json\/wp\/v2\/pages\/5939"}],"collection":[{"href":"https:\/\/vvp.avu.cz\/en\/wp-json\/wp\/v2\/pages"}],"about":[{"href":"https:\/\/vvp.avu.cz\/en\/wp-json\/wp\/v2\/types\/page"}],"author":[{"embeddable":true,"href":"https:\/\/vvp.avu.cz\/en\/wp-json\/wp\/v2\/users\/5"}],"replies":[{"embeddable":true,"href":"https:\/\/vvp.avu.cz\/en\/wp-json\/wp\/v2\/comments?post=5939"}],"version-history":[{"count":2,"href":"https:\/\/vvp.avu.cz\/en\/wp-json\/wp\/v2\/pages\/5939\/revisions"}],"predecessor-version":[{"id":6013,"href":"https:\/\/vvp.avu.cz\/en\/wp-json\/wp\/v2\/pages\/5939\/revisions\/6013"}],"wp:featuredmedia":[{"embeddable":true,"href":"https:\/\/vvp.avu.cz\/en\/wp-json\/wp\/v2\/media\/5894"}],"wp:attachment":[{"href":"https:\/\/vvp.avu.cz\/en\/wp-json\/wp\/v2\/media?parent=5939"}],"curies":[{"name":"wp","href":"https:\/\/api.w.org\/{rel}","templated":true}]}}