{"id":5942,"date":"2014-09-02T12:35:54","date_gmt":"2014-09-02T11:35:54","guid":{"rendered":"https:\/\/vvp.avu.cz\/textovy-archiv\/"},"modified":"2022-09-15T09:47:00","modified_gmt":"2022-09-15T08:47:00","slug":"text-archive","status":"publish","type":"page","link":"https:\/\/vvp.avu.cz\/en\/text-archive\/","title":{"rendered":"Text archive"},"content":{"rendered":"<p>A collection of manifestoes and theoretical and critical texts on Czech modern and contemporary art<\/p>\n<p>The text archive is created in tandem with research into period materials relating to Czech modern and contemporary art within the framework of ongoing research activities. The physical text archive contains several thousand copies of texts from specialist periodicals, exhibition catalogues, books, samizdat publications and manuscripts dating back to 1930. The archive is held at the AVU Research Centre. Bibliographical information on other texts relating to research projects is accessible in the online bibliobase (link na sekci O projektu), which at present contains more than 25,000 entries.<\/p>\n<p>The <a href=\"https:\/\/databaze.vvp.avu.cz\/en\/\">bibliobase<\/a> online database serves as the text archive catalogue.<\/p>\n<p>It is possible to study the materials held in the AVU Research Centre text archive by prior <a href=\"https:\/\/vvp.avu.cz\/en\/kontakt\/\">arrangement<\/a>.<\/p>\n<h3><\/h3>\n<h3>An overview of sources<\/h3>\n<p><strong>Periodicals and press:<\/strong><br \/>\nA2, Analogon, Artur, Art&amp;Antique, Ateli\u00e9r, Blok, Detail, D\u00edlo, Divus, Estetika, Flash Art, Host, Host do domu, Korpus, Kav\u00e1rna A.F.F.A., Kritick\u00e1 p\u0159\u00edloha, Kulturn\u00ed tvorba, Kvart, Labyrint revue, Landek, Liter\u00e1rn\u00ed listy, Liter\u00e1rn\u00ed noviny, Listy, Orientace, Pars pro toto, Prostor Zl\u00edn, Protimluv, Respekt, Revolver Revue, Revue art, Rud\u00e9 pr\u00e1vo, Skute\u010dnost, Sv\u011bdectv\u00ed, Tvar, Tv\u00e1\u0159, Tvorba, Um\u011bleck\u00fd m\u011bs\u00ed\u010dn\u00edk, Um\u011blec, Um\u011bn\u00ed, Um\u011bn\u00ed dne\u0161ka, Var, Vokno, Voln\u00e9 sm\u011bry, V\u00fdtvarn\u00e1 kultura, V\u00fdtvarn\u00e1 pr\u00e1ce, V\u00fdtvarn\u00e9 um\u011bn\u00ed, \u017divot, \u017divel<\/p>\n<p><strong>Galleries:<\/strong><br \/>\nSal\u00f3n v\u00fdtvarn\u00e9ho d\u00edla, M\u00e1nes, Atrium, Galerie na Karlov\u011b n\u00e1m\u011bst\u00ed, Vil\u00edmkova galerie, Galerie V. \u0160p\u00e1ly, \u010cMVU, Nov\u00e1 s\u00ed\u0148, NG, U Hybern\u016f, Topi\u010d\u016fv salon, Galerie mlad\u00fdch, \u010cs. spisovatel, Po\u0161ova galerie, Galerie b\u0159\u00ed \u010capk\u016f, U \u0158e\u010dick\u00fdch, Um\u011bleck\u00e1 beseda, Obecn\u00ed d\u016fm, Galerie d, UKD\u017d, \u00daMCH \u010cSAV, Galerie V. Kram\u00e1\u0159e, Lidov\u00fd d\u016fm Vyso\u010dany, Gong, Opatov, Galerie Fronta, Roudnice, Zl\u00edn, Ostrava, Rychnov nad Kn\u011b\u017enou, Roztoky, Brno, Hlubok\u00e1, Karlovy Vary, P\u00edsek, Olomouc, Liberec, Blatiny, Hradec Kr\u00e1lov\u00e9, Plze\u0148, Jihlava, N\u00e1chod, Poli\u010dka, Pardubice<\/p>\n<p>In the case of some sources, systematic excerpts were carried out in the context of the aimed research work of VVP AVU. This will follow in the next period.<\/p>\n<p>&nbsp;<\/p>\n","protected":false},"excerpt":{"rendered":"<p>A collection of manifestoes and theoretical and critical texts on Czech modern and contemporary art The text archive is created in tandem with research into period materials relating to Czech modern and contemporary art within the framework of ongoing research activities. The physical text archive contains several thousand copies of texts from specialist periodicals, exhibition [&hellip;]<\/p>\n","protected":false},"author":5,"featured_media":5913,"parent":0,"menu_order":132,"comment_status":"closed","ping_status":"open","template":"","meta":{"inline_featured_image":false},"acf":[],"yoast_head":"<!-- This site is optimized with the Yoast SEO plugin v19.6.1 - https:\/\/yoast.com\/wordpress\/plugins\/seo\/ -->\n<title>Text archive - VVP AVU<\/title>\n<meta name=\"robots\" content=\"index, follow, max-snippet:-1, max-image-preview:large, max-video-preview:-1\" \/>\n<link rel=\"canonical\" href=\"https:\/\/vvp.avu.cz\/en\/text-archive\/\" \/>\n<meta property=\"og:locale\" content=\"en_US\" \/>\n<meta property=\"og:type\" content=\"article\" \/>\n<meta property=\"og:title\" content=\"Text archive - VVP AVU\" \/>\n<meta property=\"og:description\" content=\"A collection of manifestoes and theoretical and critical texts on Czech modern and contemporary art The text archive is created in tandem with research into period materials relating to Czech modern and contemporary art within the framework of ongoing research activities. The physical text archive contains several thousand copies of texts from specialist periodicals, exhibition [&hellip;]\" \/>\n<meta property=\"og:url\" content=\"https:\/\/vvp.avu.cz\/en\/text-archive\/\" \/>\n<meta property=\"og:site_name\" content=\"VVP AVU\" \/>\n<meta property=\"article:publisher\" content=\"https:\/\/www.facebook.com\/VVPAVU\/\" \/>\n<meta property=\"article:modified_time\" content=\"2022-09-15T08:47:00+00:00\" \/>\n<meta property=\"og:image\" content=\"https:\/\/vvp.avu.cz\/app\/uploads\/2022\/09\/20220913-116a2146.jpg\" \/>\n\t<meta property=\"og:image:width\" content=\"2500\" \/>\n\t<meta property=\"og:image:height\" content=\"1667\" \/>\n\t<meta property=\"og:image:type\" content=\"image\/jpeg\" \/>\n<meta name=\"twitter:card\" content=\"summary_large_image\" \/>\n<meta name=\"twitter:label1\" content=\"Est. reading time\" \/>\n\t<meta name=\"twitter:data1\" content=\"2 minutes\" \/>\n<script type=\"application\/ld+json\" class=\"yoast-schema-graph\">{\"@context\":\"https:\/\/schema.org\",\"@graph\":[{\"@type\":\"WebPage\",\"@id\":\"https:\/\/vvp.avu.cz\/en\/text-archive\/\",\"url\":\"https:\/\/vvp.avu.cz\/en\/text-archive\/\",\"name\":\"Text archive - VVP AVU\",\"isPartOf\":{\"@id\":\"https:\/\/vvp.avu.cz\/en\/#website\"},\"datePublished\":\"2014-09-02T11:35:54+00:00\",\"dateModified\":\"2022-09-15T08:47:00+00:00\",\"breadcrumb\":{\"@id\":\"https:\/\/vvp.avu.cz\/en\/text-archive\/#breadcrumb\"},\"inLanguage\":\"en-US\",\"potentialAction\":[{\"@type\":\"ReadAction\",\"target\":[\"https:\/\/vvp.avu.cz\/en\/text-archive\/\"]}]},{\"@type\":\"BreadcrumbList\",\"@id\":\"https:\/\/vvp.avu.cz\/en\/text-archive\/#breadcrumb\",\"itemListElement\":[{\"@type\":\"ListItem\",\"position\":1,\"name\":\"Dom\u016f\",\"item\":\"https:\/\/vvp.avu.cz\/en\/\"},{\"@type\":\"ListItem\",\"position\":2,\"name\":\"Text archive\"}]},{\"@type\":\"WebSite\",\"@id\":\"https:\/\/vvp.avu.cz\/en\/#website\",\"url\":\"https:\/\/vvp.avu.cz\/en\/\",\"name\":\"VVP AVU\",\"description\":\"posilujeme v\u00fdzkum a v\u011bdu o um\u011bn\u00ed a otev\u00edr\u00e1me ji ve\u0159ejnosti\",\"potentialAction\":[{\"@type\":\"SearchAction\",\"target\":{\"@type\":\"EntryPoint\",\"urlTemplate\":\"https:\/\/vvp.avu.cz\/en\/?s={search_term_string}\"},\"query-input\":\"required name=search_term_string\"}],\"inLanguage\":\"en-US\"}]}<\/script>\n<!-- \/ Yoast SEO plugin. -->","yoast_head_json":{"title":"Text archive - VVP AVU","robots":{"index":"index","follow":"follow","max-snippet":"max-snippet:-1","max-image-preview":"max-image-preview:large","max-video-preview":"max-video-preview:-1"},"canonical":"https:\/\/vvp.avu.cz\/en\/text-archive\/","og_locale":"en_US","og_type":"article","og_title":"Text archive - VVP AVU","og_description":"A collection of manifestoes and theoretical and critical texts on Czech modern and contemporary art The text archive is created in tandem with research into period materials relating to Czech modern and contemporary art within the framework of ongoing research activities. The physical text archive contains several thousand copies of texts from specialist periodicals, exhibition [&hellip;]","og_url":"https:\/\/vvp.avu.cz\/en\/text-archive\/","og_site_name":"VVP AVU","article_publisher":"https:\/\/www.facebook.com\/VVPAVU\/","article_modified_time":"2022-09-15T08:47:00+00:00","og_image":[{"width":2500,"height":1667,"url":"https:\/\/vvp.avu.cz\/app\/uploads\/2022\/09\/20220913-116a2146.jpg","type":"image\/jpeg"}],"twitter_card":"summary_large_image","twitter_misc":{"Est. reading time":"2 minutes"},"schema":{"@context":"https:\/\/schema.org","@graph":[{"@type":"WebPage","@id":"https:\/\/vvp.avu.cz\/en\/text-archive\/","url":"https:\/\/vvp.avu.cz\/en\/text-archive\/","name":"Text archive - VVP AVU","isPartOf":{"@id":"https:\/\/vvp.avu.cz\/en\/#website"},"datePublished":"2014-09-02T11:35:54+00:00","dateModified":"2022-09-15T08:47:00+00:00","breadcrumb":{"@id":"https:\/\/vvp.avu.cz\/en\/text-archive\/#breadcrumb"},"inLanguage":"en-US","potentialAction":[{"@type":"ReadAction","target":["https:\/\/vvp.avu.cz\/en\/text-archive\/"]}]},{"@type":"BreadcrumbList","@id":"https:\/\/vvp.avu.cz\/en\/text-archive\/#breadcrumb","itemListElement":[{"@type":"ListItem","position":1,"name":"Dom\u016f","item":"https:\/\/vvp.avu.cz\/en\/"},{"@type":"ListItem","position":2,"name":"Text archive"}]},{"@type":"WebSite","@id":"https:\/\/vvp.avu.cz\/en\/#website","url":"https:\/\/vvp.avu.cz\/en\/","name":"VVP AVU","description":"posilujeme v\u00fdzkum a v\u011bdu o um\u011bn\u00ed a otev\u00edr\u00e1me ji ve\u0159ejnosti","potentialAction":[{"@type":"SearchAction","target":{"@type":"EntryPoint","urlTemplate":"https:\/\/vvp.avu.cz\/en\/?s={search_term_string}"},"query-input":"required name=search_term_string"}],"inLanguage":"en-US"}]}},"_links":{"self":[{"href":"https:\/\/vvp.avu.cz\/en\/wp-json\/wp\/v2\/pages\/5942"}],"collection":[{"href":"https:\/\/vvp.avu.cz\/en\/wp-json\/wp\/v2\/pages"}],"about":[{"href":"https:\/\/vvp.avu.cz\/en\/wp-json\/wp\/v2\/types\/page"}],"author":[{"embeddable":true,"href":"https:\/\/vvp.avu.cz\/en\/wp-json\/wp\/v2\/users\/5"}],"replies":[{"embeddable":true,"href":"https:\/\/vvp.avu.cz\/en\/wp-json\/wp\/v2\/comments?post=5942"}],"version-history":[{"count":2,"href":"https:\/\/vvp.avu.cz\/en\/wp-json\/wp\/v2\/pages\/5942\/revisions"}],"predecessor-version":[{"id":5944,"href":"https:\/\/vvp.avu.cz\/en\/wp-json\/wp\/v2\/pages\/5942\/revisions\/5944"}],"wp:featuredmedia":[{"embeddable":true,"href":"https:\/\/vvp.avu.cz\/en\/wp-json\/wp\/v2\/media\/5913"}],"wp:attachment":[{"href":"https:\/\/vvp.avu.cz\/en\/wp-json\/wp\/v2\/media?parent=5942"}],"curies":[{"name":"wp","href":"https:\/\/api.w.org\/{rel}","templated":true}]}}