{"id":5945,"date":"2014-09-02T11:23:14","date_gmt":"2014-09-02T10:23:14","guid":{"rendered":"https:\/\/vvp.avu.cz\/obrazovy-archiv\/"},"modified":"2022-10-12T14:29:07","modified_gmt":"2022-10-12T13:29:07","slug":"obrazovy-archiv","status":"publish","type":"page","link":"https:\/\/vvp.avu.cz\/en\/obrazovy-archiv\/","title":{"rendered":"Image archive"},"content":{"rendered":"<p>The image archive contains photographs, slides, negatives and digital formats that are of inestimable worth for the work of the VVP Research Centre. They include images of installations and exhibitions and photographs documenting work in progress and personalities. The materials have been acquired from professional photographers or private collections.<\/p>\n<p>Collecting documentation of Czech art is an ongoing activity.<\/p>\n<p>We would be very happy if you had any photographs, slides or other documents to share with us. Contact us <a href=\"https:\/\/vvp.avu.cz\/en\/kontakt\/\">here<\/a>.<\/p>\n","protected":false},"excerpt":{"rendered":"<p>The image archive contains photographs, slides, negatives and digital formats that are of inestimable worth for the work of the VVP Research Centre. They include images of installations and exhibitions and photographs documenting work in progress and personalities. The materials have been acquired from professional photographers or private collections. Collecting documentation of Czech art is [&hellip;]<\/p>\n","protected":false},"author":5,"featured_media":0,"parent":0,"menu_order":83,"comment_status":"closed","ping_status":"open","template":"","meta":{"inline_featured_image":false},"acf":[],"yoast_head":"<!-- This site is optimized with the Yoast SEO plugin v19.6.1 - https:\/\/yoast.com\/wordpress\/plugins\/seo\/ -->\n<title>Image archive - VVP AVU<\/title>\n<meta name=\"robots\" content=\"index, follow, max-snippet:-1, max-image-preview:large, max-video-preview:-1\" \/>\n<link rel=\"canonical\" href=\"https:\/\/vvp.avu.cz\/en\/obrazovy-archiv\/\" \/>\n<meta property=\"og:locale\" content=\"en_US\" \/>\n<meta property=\"og:type\" content=\"article\" \/>\n<meta property=\"og:title\" content=\"Image archive - VVP AVU\" \/>\n<meta property=\"og:description\" content=\"The image archive contains photographs, slides, negatives and digital formats that are of inestimable worth for the work of the VVP Research Centre. They include images of installations and exhibitions and photographs documenting work in progress and personalities. The materials have been acquired from professional photographers or private collections. Collecting documentation of Czech art is [&hellip;]\" \/>\n<meta property=\"og:url\" content=\"https:\/\/vvp.avu.cz\/en\/obrazovy-archiv\/\" \/>\n<meta property=\"og:site_name\" content=\"VVP AVU\" \/>\n<meta property=\"article:publisher\" content=\"https:\/\/www.facebook.com\/VVPAVU\/\" \/>\n<meta property=\"article:modified_time\" content=\"2022-10-12T13:29:07+00:00\" \/>\n<meta name=\"twitter:card\" content=\"summary_large_image\" \/>\n<meta name=\"twitter:label1\" content=\"Est. reading time\" \/>\n\t<meta name=\"twitter:data1\" content=\"1 minute\" \/>\n<script type=\"application\/ld+json\" class=\"yoast-schema-graph\">{\"@context\":\"https:\/\/schema.org\",\"@graph\":[{\"@type\":\"WebPage\",\"@id\":\"https:\/\/vvp.avu.cz\/en\/obrazovy-archiv\/\",\"url\":\"https:\/\/vvp.avu.cz\/en\/obrazovy-archiv\/\",\"name\":\"Image archive - VVP AVU\",\"isPartOf\":{\"@id\":\"https:\/\/vvp.avu.cz\/en\/#website\"},\"datePublished\":\"2014-09-02T10:23:14+00:00\",\"dateModified\":\"2022-10-12T13:29:07+00:00\",\"breadcrumb\":{\"@id\":\"https:\/\/vvp.avu.cz\/en\/obrazovy-archiv\/#breadcrumb\"},\"inLanguage\":\"en-US\",\"potentialAction\":[{\"@type\":\"ReadAction\",\"target\":[\"https:\/\/vvp.avu.cz\/en\/obrazovy-archiv\/\"]}]},{\"@type\":\"BreadcrumbList\",\"@id\":\"https:\/\/vvp.avu.cz\/en\/obrazovy-archiv\/#breadcrumb\",\"itemListElement\":[{\"@type\":\"ListItem\",\"position\":1,\"name\":\"Dom\u016f\",\"item\":\"https:\/\/vvp.avu.cz\/en\/\"},{\"@type\":\"ListItem\",\"position\":2,\"name\":\"Image archive\"}]},{\"@type\":\"WebSite\",\"@id\":\"https:\/\/vvp.avu.cz\/en\/#website\",\"url\":\"https:\/\/vvp.avu.cz\/en\/\",\"name\":\"VVP AVU\",\"description\":\"posilujeme v\u00fdzkum a v\u011bdu o um\u011bn\u00ed a otev\u00edr\u00e1me ji ve\u0159ejnosti\",\"potentialAction\":[{\"@type\":\"SearchAction\",\"target\":{\"@type\":\"EntryPoint\",\"urlTemplate\":\"https:\/\/vvp.avu.cz\/en\/?s={search_term_string}\"},\"query-input\":\"required name=search_term_string\"}],\"inLanguage\":\"en-US\"}]}<\/script>\n<!-- \/ Yoast SEO plugin. -->","yoast_head_json":{"title":"Image archive - VVP AVU","robots":{"index":"index","follow":"follow","max-snippet":"max-snippet:-1","max-image-preview":"max-image-preview:large","max-video-preview":"max-video-preview:-1"},"canonical":"https:\/\/vvp.avu.cz\/en\/obrazovy-archiv\/","og_locale":"en_US","og_type":"article","og_title":"Image archive - VVP AVU","og_description":"The image archive contains photographs, slides, negatives and digital formats that are of inestimable worth for the work of the VVP Research Centre. They include images of installations and exhibitions and photographs documenting work in progress and personalities. The materials have been acquired from professional photographers or private collections. Collecting documentation of Czech art is [&hellip;]","og_url":"https:\/\/vvp.avu.cz\/en\/obrazovy-archiv\/","og_site_name":"VVP AVU","article_publisher":"https:\/\/www.facebook.com\/VVPAVU\/","article_modified_time":"2022-10-12T13:29:07+00:00","twitter_card":"summary_large_image","twitter_misc":{"Est. reading time":"1 minute"},"schema":{"@context":"https:\/\/schema.org","@graph":[{"@type":"WebPage","@id":"https:\/\/vvp.avu.cz\/en\/obrazovy-archiv\/","url":"https:\/\/vvp.avu.cz\/en\/obrazovy-archiv\/","name":"Image archive - VVP AVU","isPartOf":{"@id":"https:\/\/vvp.avu.cz\/en\/#website"},"datePublished":"2014-09-02T10:23:14+00:00","dateModified":"2022-10-12T13:29:07+00:00","breadcrumb":{"@id":"https:\/\/vvp.avu.cz\/en\/obrazovy-archiv\/#breadcrumb"},"inLanguage":"en-US","potentialAction":[{"@type":"ReadAction","target":["https:\/\/vvp.avu.cz\/en\/obrazovy-archiv\/"]}]},{"@type":"BreadcrumbList","@id":"https:\/\/vvp.avu.cz\/en\/obrazovy-archiv\/#breadcrumb","itemListElement":[{"@type":"ListItem","position":1,"name":"Dom\u016f","item":"https:\/\/vvp.avu.cz\/en\/"},{"@type":"ListItem","position":2,"name":"Image archive"}]},{"@type":"WebSite","@id":"https:\/\/vvp.avu.cz\/en\/#website","url":"https:\/\/vvp.avu.cz\/en\/","name":"VVP AVU","description":"posilujeme v\u00fdzkum a v\u011bdu o um\u011bn\u00ed a otev\u00edr\u00e1me ji ve\u0159ejnosti","potentialAction":[{"@type":"SearchAction","target":{"@type":"EntryPoint","urlTemplate":"https:\/\/vvp.avu.cz\/en\/?s={search_term_string}"},"query-input":"required name=search_term_string"}],"inLanguage":"en-US"}]}},"_links":{"self":[{"href":"https:\/\/vvp.avu.cz\/en\/wp-json\/wp\/v2\/pages\/5945"}],"collection":[{"href":"https:\/\/vvp.avu.cz\/en\/wp-json\/wp\/v2\/pages"}],"about":[{"href":"https:\/\/vvp.avu.cz\/en\/wp-json\/wp\/v2\/types\/page"}],"author":[{"embeddable":true,"href":"https:\/\/vvp.avu.cz\/en\/wp-json\/wp\/v2\/users\/5"}],"replies":[{"embeddable":true,"href":"https:\/\/vvp.avu.cz\/en\/wp-json\/wp\/v2\/comments?post=5945"}],"version-history":[{"count":3,"href":"https:\/\/vvp.avu.cz\/en\/wp-json\/wp\/v2\/pages\/5945\/revisions"}],"predecessor-version":[{"id":6014,"href":"https:\/\/vvp.avu.cz\/en\/wp-json\/wp\/v2\/pages\/5945\/revisions\/6014"}],"wp:attachment":[{"href":"https:\/\/vvp.avu.cz\/en\/wp-json\/wp\/v2\/media?parent=5945"}],"curies":[{"name":"wp","href":"https:\/\/api.w.org\/{rel}","templated":true}]}}