{"id":6673,"date":"2023-02-14T10:32:28","date_gmt":"2023-02-14T09:32:28","guid":{"rendered":"https:\/\/vvp.avu.cz\/mgr-marianna-placakova\/"},"modified":"2025-03-06T11:37:02","modified_gmt":"2025-03-06T10:37:02","slug":"mgr-marianna-placakova","status":"publish","type":"page","link":"https:\/\/vvp.avu.cz\/en\/staff\/mgr-marianna-placakova\/","title":{"rendered":"Mgr. Marianna Plac\u00e1kov\u00e1, Ph.D."},"content":{"rendered":"<p>Marianna Plac\u00e1kov\u00e1 completed her PhD studies at the Institute of Art History of the Faculty of Arts, Charles University in Prague. Her research focuses on feminism and gender contexts during the period of state socialism and post-socialism in relation to visual production. She has worked as editor of the cultural fortnightly A2, participated on the project <em>Secondary Archive<\/em> (Kozyra Foundation), and been part of the research seminars <em>Narrating Art and Feminisms: Eastern Europe and<\/em> <em>Latin America, <\/em>and <em>Gender Politics and the Art of the European Socialist States<\/em> (Getty Foundation). In 2022, she was visiting fellow at the Center for Women in the Arts and Humanities (Rutgers University).<\/p>\n<p>&nbsp;<\/p>\n<p><strong>Articles:<\/strong><br \/>\n2024 \u201cWho Won in 1989? Approaching the Canon of Czech Art History from a Feminist Perspective,\u201d <em>Slavic Review<\/em>, Vol. 83, 2024, No. 2, pp. 318\u2013337.<\/p>\n<p>2023 \u201cBeyond the Paradigm of Post-1989 Feminist Art History. Researching All-Women Exhibitions in Czechoslovakia, Poland and Croatia\/Yugoslavia (1945\u20131989),\u201d <em>Ikonotheka<\/em>, Vol. 33, 2023, No. 1, pp. 17\u201356 (with Agata Jakubowska and Vesna Vukovi\u0107).<\/p>\n<p>2022 \u201cEmancipation Despite Circumstances. The Prague Spring, (Dis)engagement on\u00a0the Art Scene and the Emergence of Feminist Consciousness among Women Artists,\u201d <em>Um\u011bn\u00ed<\/em>, Vol. 70, 2022, No. 4, pp. 383\u2013405.<\/p>\n<p>2021 \u201cMo\u017enosti emancipace a odkaz postsocialismu. Jak rozum\u011bt postoj\u016fm \u010desk\u00fdch\u00a0um\u011blky\u0148 k\u00a0feminismu,\u201d <em>Profil<\/em>, Vol. 22, 2021, No. 3, pp. 16\u201329.<\/p>\n<p>2020 \u201cIntroduction. On Czech Translation of The Second Sex by Simone de Beauvoir,\u201d <em>Contradictions<\/em>, Vol. 4, 2020, No. 2, pp. 155\u2013168.<\/p>\n<p>2020 \u201c\u00davod. Diskuze o \u010desk\u00e9m p\u0159ekladu Druh\u00e9ho pohlav\u00ed Simone de Beauvoir,\u201d <em>Kontradikce<\/em>, Vol. 4, 2020, No. 1, pp. 113\u2013124.<\/p>\n<p>2020 \u201cSocialistick\u00fd akt. Marxismus a teorie fotografie \u0161edes\u00e1t\u00fdch let,\u201d <em>Se\u0161it pro um\u011bn\u00ed, teorii a p\u0159\u00edbuzn\u00e9 z\u00f3ny<\/em>, Vol. 14, 2020, No. 29, pp. 88\u2013147.<\/p>\n<p>2020 \u201cThe Socialist Nude. Marxism and Photographic Theory in the 1960s,\u201d <em>Se\u0161it pro um\u011bn\u00ed, teorii a p\u0159\u00edbuzn\u00e9 z\u00f3ny<\/em>, English version published online, <a href=\"https:\/\/vvp.avu.cz\/app\/uploads\/2021\/01\/placakova-the-socialist-nude.pdf\">https:\/\/vvp.avu.cz\/app\/uploads\/2021\/01\/placakova-the-socialist-nude.pdf<\/a>.<\/p>\n<p>2020 \u201c\u010clov\u011bk, nebo sexus? Diskuze k \u010desk\u00e9mu vyd\u00e1n\u00ed knihy Simone de Beauvoir Druh\u00e9 pohlav\u00ed,\u201d <em>Filosofick\u00fd \u010dasopis<\/em>, Vol. 68, 2020, No. 6, pp. 865\u2013886.<\/p>\n<p>2019 \u201c\u010ceskoslovensk\u00e1 zku\u0161enost jako v\u00fdchodisko. Feministick\u00e9 um\u011bn\u00ed v obdob\u00ed\u00a0st\u00e1tn\u00edho socialismu,\u201d <em>Se\u0161it pro um\u011bn\u00ed, teorii a p\u0159\u00edbuzn\u00e9 z\u00f3ny<\/em>, Vol. 13, 2019, No. 27, pp. 26\u201363.<\/p>\n<p>2019 \u201c\u017deny vystavuj\u00edc\u00ed, \u017eeny vystaven\u00e9. Ofici\u00e1ln\u00ed v\u00fdstavn\u00ed politika v\u00a0obdob\u00ed tzv. normalizace,\u201d <em>Se\u0161it pro um\u011bn\u00ed, teorii a p\u0159\u00edbuzn\u00e9 z\u00f3ny<\/em>, Vol. 13, 2019, No. 26, pp. 86\u2013118. (with\u00a0Eva Skopalov\u00e1)<\/p>\n<p>&nbsp;<\/p>\n<p><strong>Reviews:<\/strong><br \/>\n2020 \u201cKdy\u017e aktivismus nesta\u010d\u00ed. Kristen Ghodsee. Second World, Second Sex: Socialist Women\u2019s Activism and Global Solidarity During the Cold War,\u201d <em>Kontradikce<\/em>, Vol. 4, 2020, No. 1, pp. 159\u2013175.<\/p>\n<p>2019 \u201cZdenka Badovinac, Comradeship: Curating, Art, and Politics in Post-Socialist Europe,\u201d <em>St\u0159ed<\/em>, Vol. 11, 2019, No. 2, pp. 134\u2013136.<\/p>\n<p>&nbsp;<\/p>\n<p><strong>Editorial work:<\/strong><br \/>\n2020 \u201cOn Czech Translation of The Second Sex by Simone de Beauvoir,\u201d <em>Contradictions<\/em>, Vol. 4, 2020, No. 2, pp. 169\u2013186.<\/p>\n<p>2020 \u201cDiskuze o \u010desk\u00e9m p\u0159ekladu Druh\u00e9ho pohlav\u00ed Simone de Beauvoir,\u201d <em>Kontradikce<\/em>, Vol. 4, 2020, No. 1, pp. 125\u2013156.<\/p>\n<p>2020 \u201cV\u011bra Jirousov\u00e1. Dopis liter\u00e1rn\u00edmu kritikovi Leslie A. Fiedlerovi,\u201d in: Lenka Dolanov\u00e1 (ed.), <em>Nejedna rodina. Jirousovi, Padrtovi, S\u00e1glovi<\/em>, Humpolec: Galerie 8i\u010dka\u00a02020, pp. 184\u2013187.<\/p>\n<p>2020 \u201cV\u011bra Jirousov\u00e1. Nepat\u0159i\u010dn\u00fd rozbor textu p\u00edsn\u011b Kulov\u00fd blesk,\u201d in: Lenka\u00a0Dolanov\u00e1 (ed.), <em>Nejedna rodina. Jirousovi, Padrtovi, S\u00e1glovi<\/em>, Humpolec: Galerie 8i\u010dka 2020, pp. 188\u2013195.<\/p>\n<p>&nbsp;<\/p>\n<p><strong>Edited volumes:<\/strong><br \/>\n2024 \u201cJind\u0159ich Chalupeck\u00fd a Du\u0161e androgyna \u2013 p\u0159ekro\u010den\u00ed genderov\u00e9 binarity?,\u201d in:\u00a0Ladislav Jackson (ed.), <em>Obrazy jin\u00e9 touhy. Queer um\u011bn\u00ed a vizualita v\u00a0\u010desk\u00fdch zem\u00edch<\/em>, Brno: Vutium 2024 (conference Tepl\u00e9 d\u011bjiny v\u00a0\u010desk\u00fdch zem\u00edch 2019), pp. 143\u2013155.<\/p>\n<p>2021 \u201cSoukrom\u00e9 je politick\u00e9. Feministick\u00e9 st\u0159\u00edpky z \u010deskoslovensk\u00e9ho um\u011bn\u00ed\u00a0\u0161edes\u00e1t\u00fdch a\u017e osmdes\u00e1t\u00fdch let dvac\u00e1t\u00e9ho stolet\u00ed,\u201d <em>AUC Historia Universitatis Carolinae Pragensis<\/em> (PhD conference 2018), Vol. 54, 2021, pp. 297\u2013305.<\/p>\n<p>2019 \u201cSexualita a svoboda v \u00e9\u0159e pra\u017esk\u00e9ho jara. Obna\u017een\u00e9 \u017eensk\u00e9 t\u011blo v \u010ds. vizu\u00e1ln\u00ed kultu\u0159e v \u0161edes\u00e1t\u00fdch letech dvac\u00e1t\u00e9ho stolet\u00ed,\u201d <em>Sborn\u00edk mezin\u00e1rodn\u00ed konference doktorsk\u00fdch studijn\u00edch program\u016f Nevid\u00edme, co nev\u00edme<\/em> (2018), Praha: Katolick\u00e1 teologick\u00e1 fakulta UK 2019, pp. 136\u2013145.<\/p>\n<p>&nbsp;<\/p>\n<p><strong>Catalogs:<\/strong><br \/>\n2024 \u201cHow a Generation Is Made. Collections, Institutions, and Contacts in the 1980s,\u201d in: Tom\u00e1\u0161 KOLICH (ed.), <em>Art Across Generations. Karel Tutsch, Collector and Gallerist (1941\u20132008)<\/em>, Hradec Kr\u00e1lov\u00e9: GMU 2024, pp. 103\u2013128.<\/p>\n<p>2024 \u201cJak se d\u011bl\u00e1 generace. Sb\u00edrky, instituce a kontakty v\u00a0osmdes\u00e1t\u00fdch letech,\u201d in: Tom\u00e1\u0161 KOLICH (ed.), <em>Um\u011bn\u00ed nap\u0159\u00ed\u010d generacemi. Sb\u011bratel a galerista Karel Tutsch (1941\u20132008)<\/em>, Hradec Kr\u00e1lov\u00e9: GMU 2024, pp. 99\u2013122.<\/p>\n<p>2020 \u201cV\u011bra Jirousov\u00e1, rok 1969 a postmoderna v\u00a0\u010ceskoslovensku,\u201d in: Lenka Dolanov\u00e1 (ed.), <em>Nejedna rodina. Jirousovi, Padrtovi, S\u00e1glovi<\/em>, Humpolec: Galerie 8i\u010dka 2020, pp. 176\u2013183.<\/p>\n<p>2020 \u201cJedna rodina: Ludmila Padrtov\u00e1, Zorka S\u00e1glov\u00e1, V\u011bra Jirousov\u00e1, Juliana Jirousov\u00e1,\u201d in: Lenka Dolanov\u00e1 (ed.), <em>Nejedna rodina. Jirousovi, Padrtovi, S\u00e1glovi<\/em>, Humpolec: Galerie 8i\u010dka 2020, pp. 132\u2013141.<\/p>\n<p>2019 <em>J\u00e1, Nad\u011b\u017eda Pl\u00ed\u0161kov\u00e1<\/em>, Praha: Museum Kampa 2019.<\/p>\n<p>2016 <em>Margita Titlov\u00e1 Ylovsky. Zasa\u010f se do pole<\/em>, Praha: Topi\u010d\u016fv salon 2016.<\/p>\n<p>2015 <em>Nad\u011b\u017eda Pl\u00ed\u0161kov\u00e1<\/em>, Praha: Topi\u010d\u016fv salon 2015.<\/p>\n<p>2014 \u201cPr\u00e1ce a\u00a0medailony um\u011blky\u0148,\u201d in: Martina Pachmanov\u00e1 (ed.), <em>Z Prahy a\u017e do Buenos Aires. \u201c\u017densk\u00e9 um\u011bn\u00ed\u201c a\u00a0mezin\u00e1rodn\u00ed reprezentace meziv\u00e1le\u010dn\u00e9ho \u010ceskoslovenska<\/em>, Praha: UMPRUM 2014, pp. 81\u2013146.<\/p>\n<p>&nbsp;<\/p>\n<p><strong>Online texts:<\/strong><br \/>\n2024 \u201eOd zotro\u010den\u00ed k\u00a0osvobozen\u00ed? Nekon\u010d\u00edc\u00ed p\u0159\u00edb\u011bh socialistick\u00e9 emancipace\u201c, <em>A2<\/em>, 20 November 2024, <a href=\"https:\/\/www.advojka.cz\/archiv\/2024\/24\/od-zotroceni-k-osvobozeni\">https:\/\/www.advojka.cz\/archiv\/2024\/24\/od-zotroceni-k-osvobozeni<\/a><\/p>\n<p>2023 \u201cFeminism under Socialism? The 1960s Generation of Women Artists and the Women\u2019s Question,\u201d <em>Narrating Art and Feminisms. Eastern Europe and Latin America<\/em>, 27 November 2023, <a href=\"http:\/\/cah.wnkpp.uw.edu.pl\/feminism-under-socialism-the-1960s-generation-of-women-artists-and-the-women%ca%bcs-question\/\">http:\/\/cah.wnkpp.uw.edu.pl\/feminism-under-socialism-the-1960s-generation-of-women-artists-and-the-women%ca%bcs-question\/<\/a><\/p>\n<p>2021 \u201cWhich Actions Are Actually Decolonizing?,\u201d <em>east art mags<\/em>, 29 June 2021, <a href=\"https:\/\/artportal.hu\/magazin\/which-actions-are-actually-decolonizing\/\">https:\/\/artportal.hu\/magazin\/which-actions-are-actually-decolonizing\/<\/a><\/p>\n<p>2021 \u201cWomen\u2019s Agency and Legacy of (Post)Socialism: Understanding Czech Women Artists\u2019 Attitudes Towards Feminism,\u201d <em>Secondary Archive \u2013 online platform for Central and Eastern European women artists<\/em>, 4 April 2021, <a href=\"https:\/\/secondaryarchive.org\/womens-agency-and-legacy-of-postsocialism-understanding-czech-women-artists-attitudes-towards-feminism\/\">https:\/\/secondaryarchive.org\/womens-agency-and-legacy-of-postsocialism-understanding-czech-women-artists-attitudes-towards-feminism\/<\/a><\/p>\n<p>2021 \u201cJ\u00e1, Chalupeck\u00fd a Flash Art. Rozhovor s\u00a0Helenou Kontovou,\u201d <em>Art Antiques<\/em>, March 2021, <a href=\"https:\/\/www.artantiques.cz\/ja-chalupecky-a-flash-art-rozhovor-s-helenou-kontovou\">https:\/\/www.artantiques.cz\/ja-chalupecky-a-flash-art-rozhovor-s-helenou-kontovou<\/a><\/p>\n<p>2020 \u201cSexismus a subverze,\u201d <em>Art Antiques<\/em>, June 2020, <a href=\"https:\/\/www.artantiques.cz\/sexismus-a-subverze\">https:\/\/www.artantiques.cz\/sexismus-a-subverze<\/a><\/p>\n","protected":false},"excerpt":{"rendered":"<p>Marianna Plac\u00e1kov\u00e1 completed her PhD studies at the Institute of Art History of the Faculty of Arts, Charles University in Prague. Her research focuses on feminism and gender contexts during the period of state socialism and post-socialism in relation to visual production. She has worked as editor of the cultural fortnightly A2, participated on the [&hellip;]<\/p>\n","protected":false},"author":3,"featured_media":0,"parent":5525,"menu_order":1,"comment_status":"closed","ping_status":"closed","template":"","meta":{"inline_featured_image":false},"acf":[],"yoast_head":"<!-- This site is optimized with the Yoast SEO plugin v19.6.1 - https:\/\/yoast.com\/wordpress\/plugins\/seo\/ -->\n<title>Mgr. Marianna Plac\u00e1kov\u00e1, Ph.D. - VVP AVU<\/title>\n<meta name=\"robots\" content=\"index, follow, max-snippet:-1, max-image-preview:large, max-video-preview:-1\" \/>\n<link rel=\"canonical\" href=\"https:\/\/vvp.avu.cz\/en\/staff\/mgr-marianna-placakova\/\" \/>\n<meta property=\"og:locale\" content=\"en_US\" \/>\n<meta property=\"og:type\" content=\"article\" \/>\n<meta property=\"og:title\" content=\"Mgr. Marianna Plac\u00e1kov\u00e1, Ph.D. - VVP AVU\" \/>\n<meta property=\"og:description\" content=\"Marianna Plac\u00e1kov\u00e1 completed her PhD studies at the Institute of Art History of the Faculty of Arts, Charles University in Prague. Her research focuses on feminism and gender contexts during the period of state socialism and post-socialism in relation to visual production. She has worked as editor of the cultural fortnightly A2, participated on the [&hellip;]\" \/>\n<meta property=\"og:url\" content=\"https:\/\/vvp.avu.cz\/en\/staff\/mgr-marianna-placakova\/\" \/>\n<meta property=\"og:site_name\" content=\"VVP AVU\" \/>\n<meta property=\"article:publisher\" content=\"https:\/\/www.facebook.com\/VVPAVU\/\" \/>\n<meta property=\"article:modified_time\" content=\"2025-03-06T10:37:02+00:00\" \/>\n<meta name=\"twitter:card\" content=\"summary_large_image\" \/>\n<meta name=\"twitter:label1\" content=\"Est. reading time\" \/>\n\t<meta name=\"twitter:data1\" content=\"5 minutes\" \/>\n<script type=\"application\/ld+json\" class=\"yoast-schema-graph\">{\"@context\":\"https:\/\/schema.org\",\"@graph\":[{\"@type\":\"WebPage\",\"@id\":\"https:\/\/vvp.avu.cz\/en\/staff\/mgr-marianna-placakova\/\",\"url\":\"https:\/\/vvp.avu.cz\/en\/staff\/mgr-marianna-placakova\/\",\"name\":\"Mgr. Marianna Plac\u00e1kov\u00e1, Ph.D. - VVP AVU\",\"isPartOf\":{\"@id\":\"https:\/\/vvp.avu.cz\/en\/#website\"},\"datePublished\":\"2023-02-14T09:32:28+00:00\",\"dateModified\":\"2025-03-06T10:37:02+00:00\",\"breadcrumb\":{\"@id\":\"https:\/\/vvp.avu.cz\/en\/staff\/mgr-marianna-placakova\/#breadcrumb\"},\"inLanguage\":\"en-US\",\"potentialAction\":[{\"@type\":\"ReadAction\",\"target\":[\"https:\/\/vvp.avu.cz\/en\/staff\/mgr-marianna-placakova\/\"]}]},{\"@type\":\"BreadcrumbList\",\"@id\":\"https:\/\/vvp.avu.cz\/en\/staff\/mgr-marianna-placakova\/#breadcrumb\",\"itemListElement\":[{\"@type\":\"ListItem\",\"position\":1,\"name\":\"Dom\u016f\",\"item\":\"https:\/\/vvp.avu.cz\/en\/\"},{\"@type\":\"ListItem\",\"position\":2,\"name\":\"Staff\",\"item\":\"https:\/\/vvp.avu.cz\/en\/staff\/\"},{\"@type\":\"ListItem\",\"position\":3,\"name\":\"Mgr. Marianna Plac\u00e1kov\u00e1, Ph.D.\"}]},{\"@type\":\"WebSite\",\"@id\":\"https:\/\/vvp.avu.cz\/en\/#website\",\"url\":\"https:\/\/vvp.avu.cz\/en\/\",\"name\":\"VVP AVU\",\"description\":\"posilujeme v\u00fdzkum a v\u011bdu o um\u011bn\u00ed a otev\u00edr\u00e1me ji ve\u0159ejnosti\",\"potentialAction\":[{\"@type\":\"SearchAction\",\"target\":{\"@type\":\"EntryPoint\",\"urlTemplate\":\"https:\/\/vvp.avu.cz\/en\/?s={search_term_string}\"},\"query-input\":\"required name=search_term_string\"}],\"inLanguage\":\"en-US\"}]}<\/script>\n<!-- \/ Yoast SEO plugin. -->","yoast_head_json":{"title":"Mgr. Marianna Plac\u00e1kov\u00e1, Ph.D. - VVP AVU","robots":{"index":"index","follow":"follow","max-snippet":"max-snippet:-1","max-image-preview":"max-image-preview:large","max-video-preview":"max-video-preview:-1"},"canonical":"https:\/\/vvp.avu.cz\/en\/staff\/mgr-marianna-placakova\/","og_locale":"en_US","og_type":"article","og_title":"Mgr. Marianna Plac\u00e1kov\u00e1, Ph.D. - VVP AVU","og_description":"Marianna Plac\u00e1kov\u00e1 completed her PhD studies at the Institute of Art History of the Faculty of Arts, Charles University in Prague. Her research focuses on feminism and gender contexts during the period of state socialism and post-socialism in relation to visual production. She has worked as editor of the cultural fortnightly A2, participated on the [&hellip;]","og_url":"https:\/\/vvp.avu.cz\/en\/staff\/mgr-marianna-placakova\/","og_site_name":"VVP AVU","article_publisher":"https:\/\/www.facebook.com\/VVPAVU\/","article_modified_time":"2025-03-06T10:37:02+00:00","twitter_card":"summary_large_image","twitter_misc":{"Est. reading time":"5 minutes"},"schema":{"@context":"https:\/\/schema.org","@graph":[{"@type":"WebPage","@id":"https:\/\/vvp.avu.cz\/en\/staff\/mgr-marianna-placakova\/","url":"https:\/\/vvp.avu.cz\/en\/staff\/mgr-marianna-placakova\/","name":"Mgr. Marianna Plac\u00e1kov\u00e1, Ph.D. - VVP AVU","isPartOf":{"@id":"https:\/\/vvp.avu.cz\/en\/#website"},"datePublished":"2023-02-14T09:32:28+00:00","dateModified":"2025-03-06T10:37:02+00:00","breadcrumb":{"@id":"https:\/\/vvp.avu.cz\/en\/staff\/mgr-marianna-placakova\/#breadcrumb"},"inLanguage":"en-US","potentialAction":[{"@type":"ReadAction","target":["https:\/\/vvp.avu.cz\/en\/staff\/mgr-marianna-placakova\/"]}]},{"@type":"BreadcrumbList","@id":"https:\/\/vvp.avu.cz\/en\/staff\/mgr-marianna-placakova\/#breadcrumb","itemListElement":[{"@type":"ListItem","position":1,"name":"Dom\u016f","item":"https:\/\/vvp.avu.cz\/en\/"},{"@type":"ListItem","position":2,"name":"Staff","item":"https:\/\/vvp.avu.cz\/en\/staff\/"},{"@type":"ListItem","position":3,"name":"Mgr. Marianna Plac\u00e1kov\u00e1, Ph.D."}]},{"@type":"WebSite","@id":"https:\/\/vvp.avu.cz\/en\/#website","url":"https:\/\/vvp.avu.cz\/en\/","name":"VVP AVU","description":"posilujeme v\u00fdzkum a v\u011bdu o um\u011bn\u00ed a otev\u00edr\u00e1me ji ve\u0159ejnosti","potentialAction":[{"@type":"SearchAction","target":{"@type":"EntryPoint","urlTemplate":"https:\/\/vvp.avu.cz\/en\/?s={search_term_string}"},"query-input":"required name=search_term_string"}],"inLanguage":"en-US"}]}},"_links":{"self":[{"href":"https:\/\/vvp.avu.cz\/en\/wp-json\/wp\/v2\/pages\/6673"}],"collection":[{"href":"https:\/\/vvp.avu.cz\/en\/wp-json\/wp\/v2\/pages"}],"about":[{"href":"https:\/\/vvp.avu.cz\/en\/wp-json\/wp\/v2\/types\/page"}],"author":[{"embeddable":true,"href":"https:\/\/vvp.avu.cz\/en\/wp-json\/wp\/v2\/users\/3"}],"replies":[{"embeddable":true,"href":"https:\/\/vvp.avu.cz\/en\/wp-json\/wp\/v2\/comments?post=6673"}],"version-history":[{"count":9,"href":"https:\/\/vvp.avu.cz\/en\/wp-json\/wp\/v2\/pages\/6673\/revisions"}],"predecessor-version":[{"id":7191,"href":"https:\/\/vvp.avu.cz\/en\/wp-json\/wp\/v2\/pages\/6673\/revisions\/7191"}],"up":[{"embeddable":true,"href":"https:\/\/vvp.avu.cz\/en\/wp-json\/wp\/v2\/pages\/5525"}],"wp:attachment":[{"href":"https:\/\/vvp.avu.cz\/en\/wp-json\/wp\/v2\/media?parent=6673"}],"curies":[{"name":"wp","href":"https:\/\/api.w.org\/{rel}","templated":true}]}}